{"id":1846,"date":"2025-03-21T12:54:42","date_gmt":"2025-03-21T11:54:42","guid":{"rendered":"https:\/\/aurumaris.pro\/produkt\/ringiovanimento-del-dna-della-pelle-con-tripeptidi\/"},"modified":"2025-08-25T14:54:45","modified_gmt":"2025-08-25T12:54:45","slug":"ringiovanimento-del-dna-della-pelle-con-tripeptidi","status":"publish","type":"product","link":"https:\/\/aurumaris.pro\/it\/produkt\/ringiovanimento-del-dna-della-pelle-con-tripeptidi\/","title":{"rendered":"RINGIOVANIMENTO DEL DNA DELLA PELLE CON TRIPEPTIDI"},"content":{"rendered":"<p>La crema professionale antirughe di Aurumaris Professional \u00e8 un prodotto dedicato alle pelli mature, particolarmente indicato per il giorno e la notte. Sfrutta il potenziale del tripeptide per attivare i geni della giovinezza, stimolando la produzione di collagene, elastina e acido <span class=\"OYPEnA font-feature-liga-off font-feature-clig-off font-feature-calt-off text-decoration-none text-strikethrough-none\" style=\"font-style: normal;letter-spacing: normal;text-align: start;text-indent: 0px;text-transform: none;text-decoration: none\">ialuronico<\/span>.<span class=\"OYPEnA font-feature-liga-off font-feature-clig-off font-feature-calt-off text-decoration-none text-strikethrough-none\" style=\"font-style: normal;letter-spacing: normal;text-align: start;text-indent: 0px;text-transform: none;text-decoration: none\"><strong>.<\/strong><\/span> <\/p>\n<p><span class=\"OYPEnA font-feature-liga-off font-feature-clig-off font-feature-calt-off text-decoration-none text-strikethrough-none\" style=\"font-style: normal;letter-spacing: normal;text-align: start;text-indent: 0px;text-transform: none;text-decoration: none\"><strong>Palmitoil Tripeptide-1 e Palmitoil Tetrapeptide-7<\/strong><\/span><span class=\"OYPEnA font-feature-liga-off font-feature-clig-off font-feature-calt-off text-decoration-none text-strikethrough-none\" style=\"font-style: normal;font-weight: 400;letter-spacing: normal;text-align: start;text-indent: 0px;text-transform: none;text-decoration: none\"><span class=\"Apple-converted-space\">&nbsp;<\/span><\/span><span class=\"OYPEnA font-feature-liga-off font-feature-clig-off font-feature-calt-off text-decoration-none text-strikethrough-none\" style=\"font-style: normal;font-weight: 400;letter-spacing: normal;text-align: start;text-indent: 0px;text-transform: none;text-decoration: none\">sono moderni peptidi che agiscono in sinergia per ridurre l&#8217;aspetto delle rughe e migliorare la texture della pelle. L&#8217;uso regolare di una crema con questi elementi costitutivi favorisce la produzione naturale di collagene ed elastina, portando a una pelle visibilmente pi\u00f9 soda, liscia, luminosa e giovane. <\/span><\/p>\n<p><strong>Come si usa:<\/strong> applica su viso, collo e d\u00e9collet\u00e9 puliti. \u00c8 meglio applicare uno strato pi\u00f9 spesso di crema la sera, in modo che la pelle abbia il tempo di assorbire tutti i principi attivi durante il riposo notturno. <\/p>\n<p><strong>Capacit\u00e0:<\/strong><\/p>\n<p>50ml<\/p>\n<p>&nbsp;<\/p>\n<p>INGREDIENTI: ACQUA, PROPANDIOLO, ISONONIL ISONANOATO, STEARATO DI SORBITANO, TREALOSIO,<br \/>\nISOPROPIL PALMITATO, ACIDO STEARICO, POLIISOBUTENE IDROGENATO, COPOLIMERO DI IDROSSIETIL ACRILATO\/<br \/>\nSODIO ACRILILDIMETIL TAURATO, ALCANO C15-19, PALMITOIL TRIPEPTIDE-1, PALMITOIL<br \/>\nTETRAPEPTIDE-7, ESTRATTO DI UNDARIA PINNATIFIDA, POLVERE DI PERLE, PANTENOLO, GLICERINA, SACCAROSIO<br \/>\nCOCOATO, OLEATO DI OTTILDODECILE, STEARATO DI OTTILDODECILE, ACIDO POLIIDROSSISTEARICO,<br \/>\nOCTYLDODECANOLO, LINOLEATO DI STEARILE, STEARATO DI STEARILE, ALCOOL STEARILICO,<br \/>\nPOLI(C6-14 OLEFINE) IDROGENATO, TALCO, GLICOLE BUTILENICO, CARBOMERO, POLIACRILATO DI SODIO, ISOSTEARATO DI SORBITANO,<br \/>\nPANTOLATTONE, POLISORBATO 20, POLISORBATO 60, FITATO DI SODIO, ALCOL, MICA, TRIETANOLAMINA,<br \/>\nLATTATO DI SODIO, ACIDO BENZOICO, BENZOATO DI SODIO, SORBATO DI POTASSIO, ACIDO DEIDROACETICO,<br \/>\nFENOSSIETANOLO, ETILESILGLICERINA, PARFUM, CI 77891, CI 77491, CI 19140, CI 14700<\/p>\n","protected":false},"excerpt":{"rendered":"<p>Crema tripeptidica per attivare i geni della giovinezza. Stimola la produzione di collagene, elastina e acido ialuronico. <\/p>\n","protected":false},"featured_media":1556,"comment_status":"closed","ping_status":"closed","template":"","meta":[],"product_cat":[204,202],"product_tag":[],"class_list":{"0":"post-1846","1":"product","2":"type-product","3":"status-publish","4":"has-post-thumbnail","6":"product_cat-rinnovamento-epidermico","7":"product_cat-sollevamento","9":"first","10":"instock","11":"shipping-taxable","12":"product-type-simple"},"jetpack_sharing_enabled":true,"_links":{"self":[{"href":"https:\/\/aurumaris.pro\/it\/wp-json\/wp\/v2\/product\/1846","targetHints":{"allow":["GET"]}}],"collection":[{"href":"https:\/\/aurumaris.pro\/it\/wp-json\/wp\/v2\/product"}],"about":[{"href":"https:\/\/aurumaris.pro\/it\/wp-json\/wp\/v2\/types\/product"}],"replies":[{"embeddable":true,"href":"https:\/\/aurumaris.pro\/it\/wp-json\/wp\/v2\/comments?post=1846"}],"wp:featuredmedia":[{"embeddable":true,"href":"https:\/\/aurumaris.pro\/it\/wp-json\/wp\/v2\/media\/1556"}],"wp:attachment":[{"href":"https:\/\/aurumaris.pro\/it\/wp-json\/wp\/v2\/media?parent=1846"}],"wp:term":[{"taxonomy":"product_cat","embeddable":true,"href":"https:\/\/aurumaris.pro\/it\/wp-json\/wp\/v2\/product_cat?post=1846"},{"taxonomy":"product_tag","embeddable":true,"href":"https:\/\/aurumaris.pro\/it\/wp-json\/wp\/v2\/product_tag?post=1846"}],"curies":[{"name":"wp","href":"https:\/\/api.w.org\/{rel}","templated":true}]}}