{"id":1837,"date":"2025-03-21T12:54:42","date_gmt":"2025-03-21T11:54:42","guid":{"rendered":"https:\/\/aurumaris.pro\/produkt\/crema-ringiovanimento-max\/"},"modified":"2026-02-17T19:12:08","modified_gmt":"2026-02-17T18:12:08","slug":"crema-ringiovanimento-max","status":"publish","type":"product","link":"https:\/\/aurumaris.pro\/it\/produkt\/crema-ringiovanimento-max\/","title":{"rendered":"CREMA RINGIOVANIMENTO MAX"},"content":{"rendered":"<p>La crema per il trattamento della pelle pallida, irregolare, vascolare e con segni di invecchiamento \u00e8 stata appositamente formulata per prendersi cura della sua cura e rigenerazione completa. Migliora l&#8217;elasticit\u00e0 dei vasi sanguigni e riduce l&#8217;iperpigmentazione per una pelle pi\u00f9 uniforme e luminosa. <\/p>\n<p>L&#8217;uso regolare di questa crema per il trattamento di pelli sciupate, vascolari e invecchiate pu\u00f2 aiutare a migliorare le condizioni della pelle, donandole elasticit\u00e0, un tono uniforme e un aspetto pi\u00f9 giovane.<\/p>\n<p>La sua azione antiossidante ritarda il processo di invecchiamento della pelle, fornendo protezione contro i danni dei radicali liberi. Inoltre, la crema stimola la circolazione sanguigna, migliorando il nutrimento della pelle, la levigatezza e il ringiovanimento visibile. <\/p>\n<p><strong>Modo d&#8217;uso:<\/strong> applicare mattina e sera sulla pelle del viso pulita. Massaggia delicatamente la crema sulla pelle fino al suo completo assorbimento. <\/p>\n<p><strong>Capacit\u00e0:<\/strong><\/p>\n<p>50ml<\/p>\n<p>&nbsp;<\/p>\n<p>INGREDIENTI: AQUA, PROPANDIOLO, SORBITANO STEARATO, ISONONIL ISONANOATO,<br \/>\nGLICERINA, COCO-CAPRILATO, ALCOOL CETEARILICO, C12-15 ALCHIL BENZOATO, ACIDO STEARICO,<br \/>\nASCORBYL GLUCOSIDE, SETA IDROLIZZATA, ESTRATTO DI RADICE DI PANAX GINSENG, BURRO DI BUTYROSPERMUM<br \/>\nPARKII, ACETATO DI TOCOFERILE, PANTENOLO, ALLANTOINA, TREALOSIO, ACIDO<br \/>\nLATTICO, SACCAROSIO COCOATO, TALCO, ACETOCRILENE, POLIACRILATO DI SODIO, ACRILATI\/<br \/>\nCROSSPOLIMERO DI ALCHILACRILATO C10-30, PANTOLATTONE, EDTA DISODICO, FITATO DI SODIO<br \/>\n, ALCOOL, ACIDO CITRICO, TRIETANOLAMINA, SORBATO DI POTASSIO, BENZOATO DI SODIO<br \/>\n, ACIDO BENZOICO, TOCOFEROLO, DEIDROACETICO<\/p>\n","protected":false},"excerpt":{"rendered":"<p>Una crema rivitalizzante che riduce le discromie per ridare un aspetto sano alle carnagioni sbiadite.<\/p>\n","protected":false},"featured_media":1586,"comment_status":"closed","ping_status":"closed","template":"","meta":[],"product_cat":[205,203,204,202],"product_tag":[],"class_list":{"0":"post-1837","1":"product","2":"type-product","3":"status-publish","4":"has-post-thumbnail","6":"product_cat-decolorazione","7":"product_cat-nano-aghi","8":"product_cat-rinnovamento-epidermico","9":"product_cat-sollevamento","11":"first","12":"instock","13":"shipping-taxable","14":"product-type-simple"},"jetpack_sharing_enabled":true,"_links":{"self":[{"href":"https:\/\/aurumaris.pro\/it\/wp-json\/wp\/v2\/product\/1837","targetHints":{"allow":["GET"]}}],"collection":[{"href":"https:\/\/aurumaris.pro\/it\/wp-json\/wp\/v2\/product"}],"about":[{"href":"https:\/\/aurumaris.pro\/it\/wp-json\/wp\/v2\/types\/product"}],"replies":[{"embeddable":true,"href":"https:\/\/aurumaris.pro\/it\/wp-json\/wp\/v2\/comments?post=1837"}],"wp:featuredmedia":[{"embeddable":true,"href":"https:\/\/aurumaris.pro\/it\/wp-json\/wp\/v2\/media\/1586"}],"wp:attachment":[{"href":"https:\/\/aurumaris.pro\/it\/wp-json\/wp\/v2\/media?parent=1837"}],"wp:term":[{"taxonomy":"product_cat","embeddable":true,"href":"https:\/\/aurumaris.pro\/it\/wp-json\/wp\/v2\/product_cat?post=1837"},{"taxonomy":"product_tag","embeddable":true,"href":"https:\/\/aurumaris.pro\/it\/wp-json\/wp\/v2\/product_tag?post=1837"}],"curies":[{"name":"wp","href":"https:\/\/api.w.org\/{rel}","templated":true}]}}