{"id":1836,"date":"2025-03-21T12:54:42","date_gmt":"2025-03-21T11:54:42","guid":{"rendered":"https:\/\/aurumaris.pro\/produkt\/maschera-super-illuminante\/"},"modified":"2025-12-14T21:24:06","modified_gmt":"2025-12-14T20:24:06","slug":"maschera-super-illuminante","status":"publish","type":"product","link":"https:\/\/aurumaris.pro\/it\/produkt\/maschera-super-illuminante\/","title":{"rendered":"MASCHERA SUPER ILLUMINANTE"},"content":{"rendered":"<p>La MASCHERA SUPER LUMINANTE \u00e8 stata creata per le pelli spente, vascolari e poco luminose. Il suo principale ingrediente attivo \u00e8 la vitamina C, che nutre e leviga la pelle inibendo il processo di invecchiamento. Si consiglia di utilizzare la maschera dopo il <a href=\"https:\/\/https:\/\/aurumaris.pro\/wp-content\/uploads\/2024\/10\/img_1016.jpeg.pl\/produkt\/super-brightening-serum\/\" target=\"_blank\" rel=\"noopener\">SIERO LUMINOSO<\/a>, in quanto ne intensifica gli effetti.  <\/p>\n<p>L&#8217;uso regolare di una maschera illuminante pu\u00f2 aiutare a migliorare l&#8217;aspetto della pelle, donandole luminosit\u00e0, riducendo le discromie e restituendole vitalit\u00e0.<\/p>\n<p>Inoltre, la maschera \u00e8 un&#8217;opzione eccellente come parte del trattamento Nano-Needles per l&#8217;iperpigmentazione, in quanto aiuta a ridurre le protuberanze della pelle.<\/p>\n<p>La formula della maschera forma una pellicola sulla superficie della pelle che impedisce la perdita di acqua dall&#8217;epidermide, lasciando la pelle intensamente idratata e rassodata.<\/p>\n<p><strong>Modo d&#8217;uso:<\/strong> dopo aver deterso il viso e applicato il siero, applica la maschera in modo uniforme sulla pelle. Lasciala sul viso per circa 20 minuti e poi rimuovila delicatamente con un impacco di trattamento o un batuffolo di cotone. Dopo aver applicato la maschera, si consiglia di applicare una crema.  <\/p>\n<p><strong>Capacit\u00e0:<\/strong><\/p>\n<p>100ml<\/p>\n<p>&nbsp;<\/p>\n<p>INGREDIENTI: AQUA, PROPANDIOLO, ISONONIL ISONANOATO, SORBITAN<br \/>\nSTEARATO, ALCOOL CETEARILICO, COCO-CAPRILATO, BUTYROSPERMUM PARKII<br \/>\nBURRO, TREALOSIO, ASCORBIL GLUCOSIDE, BAICALINA, ESTRATTO DI RADICE DI PANAX GINSENG<br \/>\n, SETA IDROLIZZATA, ACIDO LATTICO, GLICERINA, SACCAROSIO COCOATO, MAGNESIO<br \/>\nSILICATO DI ALLUMINIO, FOSFATO DI DICETILE, CETETH-10 FOSFATO, TALCO, SODIO<br \/>\nPOLIACRILATO, TRIDECETH-6, ACRILATI\/C10-30 ALCHIL ACRILATO CROSSPOLYMER,<br \/>\nACIDO CITRICO, EDTA DISODICO, FITATO DI SODIO, ALCOOL, TRIETANOLAMINA,<br \/>\nBENZOATO DI SODIO, SORBATO DI POTASSIO, ACIDO BENZOICO, ACIDO DEIDROACETICO,<br \/>\nFENOSSIETANOLO, ETILESILGLICERINA, BHT, TOCOFEROLO, PARFUM, CI 19140<\/p>\n","protected":false},"excerpt":{"rendered":"<p>Maschera rivitalizzante con funzione di eliminazione delle imperfezioni. Restituisce un aspetto giovane e sano alle carnagioni sbiadite. <\/p>\n","protected":false},"featured_media":1616,"comment_status":"closed","ping_status":"closed","template":"","meta":[],"product_cat":[205,203,204],"product_tag":[],"class_list":{"0":"post-1836","1":"product","2":"type-product","3":"status-publish","4":"has-post-thumbnail","6":"product_cat-decolorazione","7":"product_cat-nano-aghi","8":"product_cat-rinnovamento-epidermico","10":"first","11":"instock","12":"shipping-taxable","13":"product-type-simple"},"jetpack_sharing_enabled":true,"_links":{"self":[{"href":"https:\/\/aurumaris.pro\/it\/wp-json\/wp\/v2\/product\/1836","targetHints":{"allow":["GET"]}}],"collection":[{"href":"https:\/\/aurumaris.pro\/it\/wp-json\/wp\/v2\/product"}],"about":[{"href":"https:\/\/aurumaris.pro\/it\/wp-json\/wp\/v2\/types\/product"}],"replies":[{"embeddable":true,"href":"https:\/\/aurumaris.pro\/it\/wp-json\/wp\/v2\/comments?post=1836"}],"wp:featuredmedia":[{"embeddable":true,"href":"https:\/\/aurumaris.pro\/it\/wp-json\/wp\/v2\/media\/1616"}],"wp:attachment":[{"href":"https:\/\/aurumaris.pro\/it\/wp-json\/wp\/v2\/media?parent=1836"}],"wp:term":[{"taxonomy":"product_cat","embeddable":true,"href":"https:\/\/aurumaris.pro\/it\/wp-json\/wp\/v2\/product_cat?post=1836"},{"taxonomy":"product_tag","embeddable":true,"href":"https:\/\/aurumaris.pro\/it\/wp-json\/wp\/v2\/product_tag?post=1836"}],"curies":[{"name":"wp","href":"https:\/\/api.w.org\/{rel}","templated":true}]}}