{"id":1827,"date":"2025-03-21T12:54:42","date_gmt":"2025-03-21T11:54:42","guid":{"rendered":"https:\/\/aurumaris.pro\/produkt\/tonico-curativo-neuropeptidico\/"},"modified":"2026-02-17T19:12:03","modified_gmt":"2026-02-17T18:12:03","slug":"tonico-curativo-neuropeptidico","status":"publish","type":"product","link":"https:\/\/aurumaris.pro\/it\/produkt\/tonico-curativo-neuropeptidico\/","title":{"rendered":"TONICO CURATIVO NEUROPEPTIDICO"},"content":{"rendered":"<p>Il Tonico Lenitivo Professionale Aurumaris \u00e8 il prodotto ideale per la pelle delicata, ipersensibile e soggetta ad allergie e atopie. Contiene ingredienti unici che forniscono una protezione efficace e leniscono le irritazioni della pelle. <\/p>\n<p>L&#8217;uso regolare del Tonico Lenitivo di Aurumaris Professional pu\u00f2 aiutare a migliorare le condizioni della pelle delicata e ipersensibile, lasciandola confortevole, idratata e lenita.<\/p>\n<p>Il principale ingrediente attivo di questo tonico \u00e8 il neuropeptide, noto per ridurre la sensibilit\u00e0 della pelle e aumentare il comfort e la tolleranza agli agenti irritanti. Questo rende la pelle meno incline alle reazioni allergiche e all&#8217;atopia. <\/p>\n<p>Inoltre, gli estratti naturali di aloe vera, giglio bianco e cetriolo, combinati con l&#8217;allantoina, forniscono alla pelle una sensazione idratante, lenitiva e calmante. Questi ingredienti non solo aiutano a ridurre le irritazioni, ma supportano anche il processo di rigenerazione della pelle. <\/p>\n<p><strong>Come si usa:<\/strong> dopo aver deterso la pelle di viso, collo e d\u00e9collet\u00e9, applica il tonico con un dischetto di cotone o con il palmo della mano, evitando il contorno occhi. Pu\u00f2 essere utilizzato mattina e sera come parte della tua routine quotidiana di cura della pelle. <\/p>\n<p><strong>Capacit\u00e0:<\/strong><\/p>\n<p>200ml<\/p>\n<p>&nbsp;<\/p>\n<p>INGREDIENTI: AQUA, GLICERINA, SUCCO DI FOGLIE DI ALOE BARBADENSIS<br \/>\n, SACCARIDE ISOMERATO, ACETYL DIPEPTIDE-1 CETYL<br \/>\nESTERE, ESTRATTO DI BULBO DI LILIUM CANDIDUM, ESTRATTO DI FRUTTA DI CUCUMIS SATIVUS<br \/>\n, BIOTINA, PANTENOLO, UREA, PANTOLATTONE,<br \/>\nIDROSSIETILCELLULOSA, ALLANTOINA, ACIDO CITRICO,<br \/>\nACIDO DEIDROACETICO, POLISORBATO 20, IDROSSIDO DI SODIO,<br \/>\nGLICOLE BUTILENICO, FITATO DI SODIO, CITRATO DI SODIO,<br \/>\nLAURETH-3, ALCOL BENZILICO, ALCOL,<br \/>\nSORBATO DI POTASSIO, BENZOATO DI SODIO, PARFUM<\/p>\n","protected":false},"excerpt":{"rendered":"<p>Tonico per la cura della pelle con la funzione di ridurre la sensibilit\u00e0 e lenire l&#8217;irritazione. Particolarmente indicato per la cura post-operatoria. <\/p>\n","protected":false},"featured_media":1591,"comment_status":"closed","ping_status":"closed","template":"","meta":[],"product_cat":[246,205,203,204,202],"product_tag":[],"class_list":{"0":"post-1827","1":"product","2":"type-product","3":"status-publish","4":"has-post-thumbnail","6":"product_cat-cura","7":"product_cat-decolorazione","8":"product_cat-nano-aghi","9":"product_cat-rinnovamento-epidermico","10":"product_cat-sollevamento","12":"first","13":"instock","14":"shipping-taxable","15":"product-type-simple"},"jetpack_sharing_enabled":true,"_links":{"self":[{"href":"https:\/\/aurumaris.pro\/it\/wp-json\/wp\/v2\/product\/1827","targetHints":{"allow":["GET"]}}],"collection":[{"href":"https:\/\/aurumaris.pro\/it\/wp-json\/wp\/v2\/product"}],"about":[{"href":"https:\/\/aurumaris.pro\/it\/wp-json\/wp\/v2\/types\/product"}],"replies":[{"embeddable":true,"href":"https:\/\/aurumaris.pro\/it\/wp-json\/wp\/v2\/comments?post=1827"}],"wp:featuredmedia":[{"embeddable":true,"href":"https:\/\/aurumaris.pro\/it\/wp-json\/wp\/v2\/media\/1591"}],"wp:attachment":[{"href":"https:\/\/aurumaris.pro\/it\/wp-json\/wp\/v2\/media?parent=1827"}],"wp:term":[{"taxonomy":"product_cat","embeddable":true,"href":"https:\/\/aurumaris.pro\/it\/wp-json\/wp\/v2\/product_cat?post=1827"},{"taxonomy":"product_tag","embeddable":true,"href":"https:\/\/aurumaris.pro\/it\/wp-json\/wp\/v2\/product_tag?post=1827"}],"curies":[{"name":"wp","href":"https:\/\/api.w.org\/{rel}","templated":true}]}}