{"id":1826,"date":"2025-03-21T12:54:42","date_gmt":"2025-03-21T11:54:42","guid":{"rendered":"https:\/\/aurumaris.pro\/produkt\/siero-filler-per-la-pelle-5d\/"},"modified":"2025-08-25T14:50:26","modified_gmt":"2025-08-25T12:50:26","slug":"siero-filler-per-la-pelle-5d","status":"publish","type":"product","link":"https:\/\/aurumaris.pro\/it\/produkt\/siero-filler-per-la-pelle-5d\/","title":{"rendered":"SIERO FILLER PER LA PELLE 5D"},"content":{"rendered":"<p>Il siero 5D SKIN FILLER \u00e8 pensato per la pelle secca e disidratata, ma anche per la pelle matura o problematica con imperfezioni. \u00c8 la soluzione perfetta per chi cerca un&#8217;idratazione intensa e una rapida rigenerazione della pelle. Contiene una miscela unica di principi attivi, tra cui lo ialurone, che riduce efficacemente l&#8217;aspetto delle rughe, donando alla pelle una texture liscia e compatta.  <\/p>\n<p>L&#8217;uso regolare del Siero Idratante Professionale Aurumaris pu\u00f2 migliorare significativamente le condizioni della pelle secca e disidratata, donandole un aspetto liscio, elastico e luminoso.<\/p>\n<p><span class=\"OYPEnA font-feature-liga-off font-feature-clig-off font-feature-calt-off text-decoration-none text-strikethrough-none\" style=\"font-style: normal;font-weight: 400;letter-spacing: normal;text-align: start;text-indent: 0px;text-transform: none;text-decoration: none\">Contiene una miscela unica di ingredienti attivi, tra cui<\/span><span class=\"OYPEnA font-feature-liga-off font-feature-clig-off font-feature-calt-off text-decoration-none text-strikethrough-none\" style=\"font-style: normal;letter-spacing: normal;text-align: start;text-indent: 0px;text-transform: none;text-decoration: none;font-weight: bold\"><strong><span class=\"Apple-converted-space\">&nbsp;<\/span><\/strong><\/span><span class=\"OYPEnA font-feature-liga-off font-feature-clig-off font-feature-calt-off text-decoration-none text-strikethrough-none\" style=\"font-style: normal;letter-spacing: normal;text-align: start;text-indent: 0px;text-transform: none;text-decoration: none;font-weight: bold\"><strong>Ialuronato di sodio<\/strong><\/span><span class=\"OYPEnA font-feature-liga-off font-feature-clig-off font-feature-calt-off text-decoration-none text-strikethrough-none\" style=\"font-style: normal;letter-spacing: normal;text-align: start;text-indent: 0px;text-transform: none;text-decoration: none;font-weight: bold\"><strong><span class=\"Apple-converted-space\">&nbsp;<\/span><\/strong><\/span><span class=\"OYPEnA font-feature-liga-off font-feature-clig-off font-feature-calt-off text-decoration-none text-strikethrough-none\" style=\"font-style: normal;font-weight: 400;letter-spacing: normal;text-align: start;text-indent: 0px;text-transform: none;text-decoration: none\">(acido ialuronico reticolato),<\/span><span class=\"OYPEnA font-feature-liga-off font-feature-clig-off font-feature-calt-off text-decoration-none text-strikethrough-none\" style=\"font-style: normal;font-weight: 400;letter-spacing: normal;text-align: start;text-indent: 0px;text-transform: none;text-decoration: none\"><span class=\"Apple-converted-space\">&nbsp;<\/span><\/span><span class=\"OYPEnA font-feature-liga-off font-feature-clig-off font-feature-calt-off text-decoration-none text-strikethrough-none\" style=\"font-style: normal;letter-spacing: normal;text-align: start;text-indent: 0px;text-transform: none;text-decoration: none;font-weight: bold\"><strong>Crosspolimero di ialuronato di sodio<\/strong><\/span><span class=\"OYPEnA font-feature-liga-off font-feature-clig-off font-feature-calt-off text-decoration-none text-strikethrough-none\" style=\"font-style: normal;font-weight: 400;letter-spacing: normal;text-align: start;text-indent: 0px;text-transform: none;text-decoration: none\"><span class=\"Apple-converted-space\">&nbsp;<\/span><\/span><span class=\"OYPEnA font-feature-liga-off font-feature-clig-off font-feature-calt-off text-decoration-none text-strikethrough-none\" style=\"font-style: normal;font-weight: 400;letter-spacing: normal;text-align: start;text-indent: 0px;text-transform: none;text-decoration: none\">(KH macromolecolare),<\/span><span class=\"OYPEnA font-feature-liga-off font-feature-clig-off font-feature-calt-off text-decoration-none text-strikethrough-none\" style=\"font-style: normal;font-weight: 400;letter-spacing: normal;text-align: start;text-indent: 0px;text-transform: none;text-decoration: none\"><span class=\"Apple-converted-space\">&nbsp;<\/span><\/span><span class=\"OYPEnA font-feature-liga-off font-feature-clig-off font-feature-calt-off text-decoration-none text-strikethrough-none\" style=\"font-style: normal;letter-spacing: normal;text-align: start;text-indent: 0px;text-transform: none;text-decoration: none;font-weight: bold\"><strong>Pantenolo<\/strong><\/span><span class=\"OYPEnA font-feature-liga-off font-feature-clig-off font-feature-calt-off text-decoration-none text-strikethrough-none\" style=\"font-style: normal;font-weight: 400;letter-spacing: normal;text-align: start;text-indent: 0px;text-transform: none;text-decoration: none\"><span class=\"Apple-converted-space\">&nbsp;<\/span><\/span><span class=\"OYPEnA font-feature-liga-off font-feature-clig-off font-feature-calt-off text-decoration-none text-strikethrough-none\" style=\"font-style: normal;font-weight: 400;letter-spacing: normal;text-align: start;text-indent: 0px;text-transform: none;text-decoration: none\">(Provitamina B5) ed estratto di alghe marine<\/span><span class=\"OYPEnA font-feature-liga-off font-feature-clig-off font-feature-calt-off text-decoration-none text-strikethrough-none\" style=\"font-style: normal;font-weight: 400;letter-spacing: normal;text-align: start;text-indent: 0px;text-transform: none;text-decoration: none\"><span class=\"Apple-converted-space\">&nbsp;<\/span><\/span><span class=\"OYPEnA font-feature-liga-off font-feature-clig-off font-feature-calt-off text-decoration-none text-strikethrough-none\" style=\"font-style: normal;letter-spacing: normal;text-align: start;text-indent: 0px;text-transform: none;text-decoration: none;font-weight: bold\"><strong>Estratto di Laminaria Hyperborea<\/strong><\/span><span class=\"OYPEnA font-feature-liga-off font-feature-clig-off font-feature-calt-off text-decoration-none text-strikethrough-none\" style=\"font-style: normal;letter-spacing: normal;text-align: start;text-indent: 0px;text-transform: none;text-decoration: none;font-weight: bold\"><strong><span class=\"Apple-converted-space\">&nbsp;<\/span><\/strong><\/span><span class=\"OYPEnA font-feature-liga-off font-feature-clig-off font-feature-calt-off text-decoration-none text-strikethrough-none\" style=\"font-style: normal;font-weight: 400;letter-spacing: normal;text-align: start;text-indent: 0px;text-transform: none;text-decoration: none\">(un cosiddetto esopolisaccaride marino), ricco di minerali e nutrienti. Aiuta a idratare e nutrire la pelle e ha anche un effetto protettivo. Le alghe sono note anche per le loro propriet\u00e0 antiossidanti, che proteggono la pelle dai danni dei radicali liberi.  <\/span><\/p>\n<p><strong>Come si usa:<\/strong> applica sulla pelle accuratamente pulita di viso, collo e d\u00e9collet\u00e9. Il siero va lasciato assorbire e non deve essere lavato via. Pu\u00f2 essere usato tutti i giorni, mattina e sera, come parte della tua routine quotidiana di cura della pelle.  <\/p>\n<p><strong>Contenuto:<\/strong><\/p>\n<p>10 fiale da 3ml<\/p>\n<p>&nbsp;<\/p>\n<p>INGREDIENTI: AQUA, GLICERINA, PEG-7 GLICERIL-COCCOATO, IALURONATO DI SODIO, CROSSPOLIMERO DI IALURONATO DI SODIO, ESTRATTO DI LAMINARIA HYPERBOREA, SACCARIDE ISOMERATO, PANTENOLO, 1,2-ESANDIOLO, GLICOLE CAPRILICO, GLICOLE BUTILENICO, ETILESILE, METOSSICINNAMATO, BUTILE METOSSIDIBENZOILMETANO, ETILESILE SALICILATO, PANTOLATTONE, POLIACRILATO CROSSPOLYMER-6, ACIDO CITRICO, CITRATO DI SODIO, OLIO DI RICINO IDROGENATO PEG-40, PPG-26-BUTETH-26, TRIETANOLAMINA, ALCOL T-BUTILICO,<br \/>\nGLICOLE BENZILICO, CHETONE DI LAMPONE, FENOSSIETANOLO, ETILESILGLICERINA, PARFUM, ALFA-ISOMETIL IONONE, LIMONENE, GERANIOLO, ESILCINNAMALE, LINALOLO, CI 42090<\/p>\n","protected":false},"excerpt":{"rendered":"<p>Siero riempitivo e liftante in fiale. Attenua efficacemente le rughe e ricostruisce l&#8217;elasticit\u00e0 della pelle. <\/p>\n","protected":false},"featured_media":1611,"comment_status":"closed","ping_status":"closed","template":"","meta":[],"product_cat":[203,202],"product_tag":[],"class_list":{"0":"post-1826","1":"product","2":"type-product","3":"status-publish","4":"has-post-thumbnail","6":"product_cat-nano-aghi","7":"product_cat-sollevamento","9":"first","10":"instock","11":"shipping-taxable","12":"product-type-simple"},"jetpack_sharing_enabled":true,"_links":{"self":[{"href":"https:\/\/aurumaris.pro\/it\/wp-json\/wp\/v2\/product\/1826","targetHints":{"allow":["GET"]}}],"collection":[{"href":"https:\/\/aurumaris.pro\/it\/wp-json\/wp\/v2\/product"}],"about":[{"href":"https:\/\/aurumaris.pro\/it\/wp-json\/wp\/v2\/types\/product"}],"replies":[{"embeddable":true,"href":"https:\/\/aurumaris.pro\/it\/wp-json\/wp\/v2\/comments?post=1826"}],"wp:featuredmedia":[{"embeddable":true,"href":"https:\/\/aurumaris.pro\/it\/wp-json\/wp\/v2\/media\/1611"}],"wp:attachment":[{"href":"https:\/\/aurumaris.pro\/it\/wp-json\/wp\/v2\/media?parent=1826"}],"wp:term":[{"taxonomy":"product_cat","embeddable":true,"href":"https:\/\/aurumaris.pro\/it\/wp-json\/wp\/v2\/product_cat?post=1826"},{"taxonomy":"product_tag","embeddable":true,"href":"https:\/\/aurumaris.pro\/it\/wp-json\/wp\/v2\/product_tag?post=1826"}],"curies":[{"name":"wp","href":"https:\/\/api.w.org\/{rel}","templated":true}]}}