{"id":1817,"date":"2025-03-21T12:54:42","date_gmt":"2025-03-21T11:54:42","guid":{"rendered":"https:\/\/aurumaris.pro\/produkt\/crema-da-giorno-al-neuropeptide\/"},"modified":"2026-02-17T19:11:31","modified_gmt":"2026-02-17T18:11:31","slug":"crema-da-giorno-al-neuropeptide","status":"publish","type":"product","link":"https:\/\/aurumaris.pro\/it\/produkt\/crema-da-giorno-al-neuropeptide\/","title":{"rendered":"CREMA DA GIORNO AL NEUROPEPTIDE"},"content":{"rendered":"<p>La crema giorno lifting di Aurumaris Professional \u00e8 la soluzione ideale per le pelli mature con rughe visibili e perdita di elasticit\u00e0. Grazie al suo contenuto di peptidi, la crema aiuta la pelle a ritrovare compattezza ed elasticit\u00e0, attenuando efficacemente le rughe esistenti e prevenendo la formazione di nuove. <\/p>\n<p>L&#8217;uso regolare della crema giorno liftante Aurumaris Professional pu\u00f2 aiutare a migliorare l&#8217;aspetto della pelle, donandole compattezza, elasticit\u00e0 e levigatezza.<\/p>\n<p>La formula leggera della crema fa s\u00ec che si assorba rapidamente, levigando istantaneamente la pelle. Inoltre, la crema prepara perfettamente la pelle all&#8217;applicazione del trucco, creando la base perfetta. <\/p>\n<p><strong>Come si usa:<\/strong> applica su viso, collo e d\u00e9collet\u00e9 accuratamente puliti. Pu\u00f2 essere utilizzato ogni mattina come parte della tua routine di cura della pelle mattutina. <\/p>\n<p><strong>Capacit\u00e0:<\/strong><\/p>\n<p>50ml<\/p>\n<p>INGREDIENTI: AQUA, ALCOOL CETEARILICO, ISONONIL ISONANOATO, SORBITANO STEARATO, C12-15 ALCHIL<br \/>\nBENZOATO, COCO-CAPRILATO, GLICERINA, BURRO DI BUTYROSPERMUM PARKII, DIPEPTIDE DIAMINOBUTYROYL<br \/>\nBENZYLAMIDE DIACETATO, PALMITOIL TRIPEPTIDE-1, PALMITOIL TETRAPEPTIDE-7, SETA IDROLIZZATA, ESTRATTO DI FRUTTA DI VITIS<br \/>\nVINIFERA, FARINA DI NOCCIOLO DI AVENA SATIVA, ACETATO DI TOCOFERILE, GLICOLE BUTILENICO, TALCO,<br \/>\nSACCAROSIO COCOATO, FOSFATO DI DICETILE, CETETH-10 FOSFATO, ACIDO LATTICO, SORBITOLO, CARBOMERO,<br \/>\nACRILATO\/C10-30 ALCHIL ACRILATO CROSSPOLYMER, POLISORBATO 20, ACIDO CITRICO, LATTATO DI SODIO,<br \/>\nDIIDROSSIMETILCROMONE, EDTA DISODICO, TRIETANOLAMINA, BENZOATO DI SODIO, SORBATO DI POTASSIO<br \/>\n, FENOSSIETANOLO, ETILESILGLICERINA, BHT, TOCOFEROLO, PARFUM, IDROSSICITRONELLALE,<br \/>\nALFA-ISOMETIL IONONE, CITRONELLOLO, LINALOLO, LIMONENE, CI 42090, CI 14700<\/p>\n","protected":false},"excerpt":{"rendered":"<p>Crema super-lifting ai peptidi con funzione di ripristino dell&#8217;elasticit\u00e0. Perfetta sotto il trucco. <\/p>\n","protected":false},"featured_media":1571,"comment_status":"closed","ping_status":"closed","template":"","meta":[],"product_cat":[204,202],"product_tag":[],"class_list":{"0":"post-1817","1":"product","2":"type-product","3":"status-publish","4":"has-post-thumbnail","6":"product_cat-rinnovamento-epidermico","7":"product_cat-sollevamento","9":"first","10":"instock","11":"shipping-taxable","12":"product-type-simple"},"jetpack_sharing_enabled":true,"_links":{"self":[{"href":"https:\/\/aurumaris.pro\/it\/wp-json\/wp\/v2\/product\/1817","targetHints":{"allow":["GET"]}}],"collection":[{"href":"https:\/\/aurumaris.pro\/it\/wp-json\/wp\/v2\/product"}],"about":[{"href":"https:\/\/aurumaris.pro\/it\/wp-json\/wp\/v2\/types\/product"}],"replies":[{"embeddable":true,"href":"https:\/\/aurumaris.pro\/it\/wp-json\/wp\/v2\/comments?post=1817"}],"wp:featuredmedia":[{"embeddable":true,"href":"https:\/\/aurumaris.pro\/it\/wp-json\/wp\/v2\/media\/1571"}],"wp:attachment":[{"href":"https:\/\/aurumaris.pro\/it\/wp-json\/wp\/v2\/media?parent=1817"}],"wp:term":[{"taxonomy":"product_cat","embeddable":true,"href":"https:\/\/aurumaris.pro\/it\/wp-json\/wp\/v2\/product_cat?post=1817"},{"taxonomy":"product_tag","embeddable":true,"href":"https:\/\/aurumaris.pro\/it\/wp-json\/wp\/v2\/product_tag?post=1817"}],"curies":[{"name":"wp","href":"https:\/\/api.w.org\/{rel}","templated":true}]}}