{"id":1816,"date":"2025-03-21T12:54:42","date_gmt":"2025-03-21T11:54:42","guid":{"rendered":"https:\/\/aurumaris.pro\/produkt\/maschera-filler-per-la-pelle-5d\/"},"modified":"2025-08-25T14:49:48","modified_gmt":"2025-08-25T12:49:48","slug":"maschera-filler-per-la-pelle-5d","status":"publish","type":"product","link":"https:\/\/aurumaris.pro\/it\/produkt\/maschera-filler-per-la-pelle-5d\/","title":{"rendered":"MASCHERA FILLER PER LA PELLE 5D"},"content":{"rendered":"<p class=\"cvGsUA direction-ltr align-justify para-style-body\"><span class=\"OYPEnA font-feature-liga-off font-feature-clig-off font-feature-calt-off text-decoration-none text-strikethrough-none\" style=\"font-weight: 400;font-style: normal\">La maschera viso idratante intensiva \u00e8 progettata per migliorare la compattezza e l&#8217;elasticit\u00e0 della pelle, rigenerare e proteggere.<\/span><\/p>\n<p class=\"cvGsUA direction-ltr align-justify para-style-body\"><span class=\"OYPEnA font-feature-liga-off font-feature-clig-off font-feature-calt-off text-decoration-none text-strikethrough-none\" style=\"font-weight: 400;font-style: normal\">La sua formula combina ingredienti naturali come il burro di karit\u00e9, che nutre intensamente e restituisce morbidezza, la glicerina e l&#8217;acido ialuronico, che legano l&#8217;acqua nella pelle e forniscono un&#8217;idratazione di lunga durata, e le vitamine C ed E, che hanno un effetto ANTIOSSIDANTE e proteggono dalle influenze esterne dannose.<\/span><\/p>\n<p class=\"cvGsUA direction-ltr align-justify para-style-body\"><span class=\"OYPEnA font-feature-liga-off font-feature-clig-off font-feature-calt-off text-decoration-none text-strikethrough-none\" style=\"font-weight: 400;font-style: normal\">Gli ingredienti contenuti nella maschera, come il pantenolo e l&#8217;urea, leniscono le irritazioni, rafforzano la barriera idrolipidica e supportano i processi di rigenerazione<\/span>.<\/p>\n<p class=\"cvGsUA direction-ltr align-justify para-style-body\"><span class=\"OYPEnA font-feature-liga-off font-feature-clig-off font-feature-calt-off text-decoration-none text-strikethrough-none\" style=\"font-weight: 400;font-style: normal\">Grazie alla sua texture leggera ma ricca, la maschera viene assorbita rapidamente, lasciando la pelle liscia, elastica e luminosa. Ideale per tutti i tipi di pelle, soprattutto per quelle secche e bisognose di nutrimento e per quelle mature. <\/span><\/p>\n<p>L&#8217;uso regolare della Maschera in Crema all&#8217;Acido Ialuronico di Aurumaris Professional pu\u00f2 apportare molti benefici alla pelle, tra cui un&#8217;intensa idratazione, una maggiore elasticit\u00e0 e una riduzione dell&#8217;aspetto delle rughe. La pelle diventa pi\u00f9 soda, luminosa e rinfrescata. <\/p>\n<p><strong>Come si usa:<\/strong> applica uno strato uniforme sulla pelle pulita di viso, collo e d\u00e9collet\u00e9. Lasciare agire per circa 20 minuti, quindi lavare via il prodotto in eccesso con acqua. <\/p>\n<p><strong>Capacit\u00e0:<\/strong><\/p>\n<p>200ml<\/p>\n<p>&nbsp;<\/p>\n<p>INGREDIENTI: ACQUA, SORBITAN STEARATO, ALCOOL CETEARILICO, ISONONIL ISONANOATO,<br \/>\nPROPANDIOLO, BURRO DI BUTYROSPERMUM PARKII, COCO-CAPRILATO, GLICERINA, SODIO<br \/>\nIALURONATO, CROSSPOLIMERO DI IALURONATO DI SODIO,<br \/>\nPALMITATO DI ASCORBILE, ACIDO ASCORBICO, ISOMERATO DI SACCARIDI, PANTENOLO, UREA, CITRATO DI SODIO, GLICOLE CAPRILICO,<br \/>\nPANTOLATTONE, POLIACRILATO DI SODIO, ACRILATI\/C10-30 ALCHIL ACRILATO CROSSPOLYMER,<br \/>\nTALCO, CETETH-10 FOSFATO, DICETIL FOSFATO, SACCAROSIO COCOATO, MANNITOLO, ESIL<br \/>\nCINNAMAL, 1,2-ESANDIOLO, BENZIL GLICOLE, CELLULOSA MICROCRISTALLINA, PEG-8,<br \/>\nACIDO CITRICO, TRIETANOLAMINA, TOCOFEROLO, BHT, FENOSSIETANOLO, ACIDO BENZOICO,<br \/>\nACIDO DEIDROACETICO, ETILESILGLICERINA, PARFUM, LINALOLO, CHETONE DI LAMPONE, CI 77007<\/p>\n","protected":false},"excerpt":{"rendered":"<p>Una maschera riempitiva e rassodante con funzioni antirughe e superidratanti.<\/p>\n","protected":false},"featured_media":1601,"comment_status":"closed","ping_status":"closed","template":"","meta":[],"product_cat":[203,202],"product_tag":[],"class_list":{"0":"post-1816","1":"product","2":"type-product","3":"status-publish","4":"has-post-thumbnail","6":"product_cat-nano-aghi","7":"product_cat-sollevamento","9":"first","10":"instock","11":"shipping-taxable","12":"product-type-simple"},"jetpack_sharing_enabled":true,"_links":{"self":[{"href":"https:\/\/aurumaris.pro\/it\/wp-json\/wp\/v2\/product\/1816","targetHints":{"allow":["GET"]}}],"collection":[{"href":"https:\/\/aurumaris.pro\/it\/wp-json\/wp\/v2\/product"}],"about":[{"href":"https:\/\/aurumaris.pro\/it\/wp-json\/wp\/v2\/types\/product"}],"replies":[{"embeddable":true,"href":"https:\/\/aurumaris.pro\/it\/wp-json\/wp\/v2\/comments?post=1816"}],"wp:featuredmedia":[{"embeddable":true,"href":"https:\/\/aurumaris.pro\/it\/wp-json\/wp\/v2\/media\/1601"}],"wp:attachment":[{"href":"https:\/\/aurumaris.pro\/it\/wp-json\/wp\/v2\/media?parent=1816"}],"wp:term":[{"taxonomy":"product_cat","embeddable":true,"href":"https:\/\/aurumaris.pro\/it\/wp-json\/wp\/v2\/product_cat?post=1816"},{"taxonomy":"product_tag","embeddable":true,"href":"https:\/\/aurumaris.pro\/it\/wp-json\/wp\/v2\/product_tag?post=1816"}],"curies":[{"name":"wp","href":"https:\/\/api.w.org\/{rel}","templated":true}]}}