{"id":2038,"date":"2025-05-14T09:28:35","date_gmt":"2025-05-14T07:28:35","guid":{"rendered":"https:\/\/aurumaris.pro\/produkt\/total-remake-smart-serum\/"},"modified":"2025-09-15T14:00:06","modified_gmt":"2025-09-15T12:00:06","slug":"total-remake-smart-serum","status":"publish","type":"product","link":"https:\/\/aurumaris.pro\/fr\/produkt\/total-remake-smart-serum\/","title":{"rendered":"TOTAL REMAKE SMART SERUM"},"content":{"rendered":"<p style=\"text-align: center\"><strong>MARQUE PRIM\u00c9E<\/strong><\/p>\n<figure id=\"attachment_25221\" class=\"wp-caption alignnone\" aria-describedby=\"caption-attachment-25221\"><img fetchpriority=\"high\" decoding=\"async\" class=\"aligncenter wp-image-25221\" src=\"https:\/\/aurumaris.pl\/wp-content\/uploads\/2024\/11\/LNE-Kongres-logo-aurumairs-removebg-preview-300x300.png\" alt=\"\" width=\"300\" height=\"300\"><\/figure>\n<p style=\"text-align: center\"><strong>Prix de l&#8217;innovation dans la cat\u00e9gorie &#8220;Traitement professionnel&#8221; pour la marque Aurumaris Professional.<\/strong><\/p>\n<p>S\u00e9rum r\u00e9g\u00e9n\u00e9rant biotechnologique avanc\u00e9 bas\u00e9 sur la technologie  <strong>Nano-aiguilles<\/strong>  &#8211; des micro-aiguilles naturelles d&#8217;origine biologique (appel\u00e9es <em>spicules<\/em>), soit plus d&#8217;<strong>un million d&#8217;aiguilles<\/strong> par flacon. La formule est enrichie de mucus d&#8217;<strong>escargot<\/strong>, d&#8217;extraits marins et de complexes hydratants de pointe<strong>(Promodermist\u2122<\/strong>, <strong>Hydromanil\u2122)<\/strong>, qui agissent<strong>en synergie<\/strong> pour assurer une restauration intensive, un lissage et une am\u00e9lioration de la densit\u00e9 de la peau &#8211; sans avoir recours \u00e0 des appareils.  <\/p>\n<p>Le produit est con\u00e7u pour une <strong>utilisation \u00e0 domicile<\/strong> et pour <strong>des traitements professionnels<\/strong>, dans le cadre d&#8217;une th\u00e9rapie active de restauration de la peau.<\/p>\n<hr>\n<figure id=\"attachment_30458\" class=\"wp-caption aligncenter\" aria-describedby=\"caption-attachment-30458\">\n<p><figure id=\"attachment_30458\" aria-describedby=\"caption-attachment-30458\" style=\"width: 360px\" class=\"wp-caption aligncenter\"><img decoding=\"async\" class=\"wp-image-30458\" src=\"https:\/\/aurumaris.pl\/wp-content\/uploads\/2025\/05\/symulacja-fektow-total-remake-smart-serum-aurumaris-professional.jpg\" alt=\"\" width=\"360\" height=\"286\"><figcaption id=\"caption-attachment-30458\" class=\"wp-caption-text\">Simulation des effets du produit cr\u00e9\u00e9e par Aurumaris Intelligence (AI) sur la base de l&#8217;analyse des formules et des r\u00e9sultats scientifiques disponibles. Les r\u00e9sultats r\u00e9alistes peuvent varier en fonction des pr\u00e9dispositions individuelles.<\/figcaption><\/figure><figcaption id=\"caption-attachment-30458\" class=\"wp-caption-text\"><\/figcaption><\/figure>\n<hr>\n<h3><strong>Les ingr\u00e9dients actifs et leurs effets :<\/strong><\/h3>\n<p><strong>Nano-Needles\u00ae (Hydrolyzed Sponge)<\/strong><br \/>\n&#8211; structures microscopiques en silicone qui p\u00e9n\u00e8trent dans l&#8217;\u00e9piderme, activant la microcirculation et la stimulation des fibroblastes. Elles augmentent l&#8217;absorption des principes actifs jusqu&#8217;\u00e0 500%. Elles fonctionnent comme une m\u00e9soth\u00e9rapie naturelle sans aiguilles.  <\/p>\n<p><strong>Mucus d&#8217;escargot (filtrat de s\u00e9cr\u00e9tion d&#8217;escargot)<\/strong><br \/>\n&#8211; riche en allanto\u00efne, enzymes, collag\u00e8ne, \u00e9lastine et acide glycolique. Acc\u00e9l\u00e8re la cicatrisation, lisse la texture de la peau, att\u00e9nue les d\u00e9colorations, \u00e9limine les cicatrices mineures et les imperfections. <\/p>\n<p><strong>Hydromanil\u2122 (Hydrolyzed Caesalpinia Spinosa Gum + Caesalpinia Spinosa Gum)<\/strong><br \/>\n&#8211; un complexe innovant \u00e0 l&#8217;action hydratante prolong\u00e9e. Forme un film protecteur \u00e0 la surface de la peau, emp\u00eachant la TEWL (perte d&#8217;eau), tout en lib\u00e9rant progressivement des mol\u00e9cules hydratantes en profondeur dans l&#8217;\u00e9piderme. <\/p>\n<p><strong>Promodermist\u2122 (Saccharide Isomerate + Undaria Pinnatifida Extract)<\/strong><br \/>\n&#8211; active le m\u00e9canisme d'&#8221;hydrom\u00e9moire&#8221; &#8211; am\u00e9liore la r\u00e9tention d&#8217;eau cellulaire et renforce la barri\u00e8re hydrolipidique de la peau.<\/p>\n<p><strong>Allanto\u00efne (Allantoin)<\/strong><br \/>\n&#8211; apaise, r\u00e9duit les rougeurs et l&#8217;astringence. Id\u00e9al apr\u00e8s les traitements ou pour le soin des peaux sensibles et r\u00e9actives. <\/p>\n<p>L&#8217;<strong>huile d&#8217;\u00e9corce d&#8217;orange (Citrus Aurantium Peel Oil)<\/strong><br \/>\n&#8211; a un effet rafra\u00eechissant et antibact\u00e9rien et donne au cosm\u00e9tique un parfum agr\u00e9able et naturel.<\/p>\n<hr>\n<h3><strong>Effets confirm\u00e9s par des tests d&#8217;utilisation :<\/strong><\/h3>\n<p>\u2714 R\u00e9duction des irr\u00e9gularit\u00e9s de la peau et am\u00e9lioration de sa texture<br \/>\nRenforcement du tonus de la peau et augmentation de l&#8217;\u00e9lasticit\u00e9<br \/>\nLissage visible des rides et r\u00e9duction de la visibilit\u00e9 des pores<br \/>\nHydratation intense et de longue dur\u00e9e<br \/>\n\u2714 La peau para\u00eet fra\u00eeche, radieuse et plus jeune<\/p>\n<hr>\n<h3><strong>Pour qui ?<\/strong><\/h3>\n<ul>\n<li>Peau pr\u00e9sentant des signes de vieillissement, de perte de fermet\u00e9, d&#8217;hyperpigmentation<\/li>\n<li>Peau fatigu\u00e9e, terne et irr\u00e9guli\u00e8re<\/li>\n<li>Pour les femmes et les hommes de plus de 25 ans, en tant que r\u00e9g\u00e9n\u00e9ration intensive<\/li>\n<\/ul>\n<hr>\n<h3><strong>M\u00e9thode d&#8217;utilisation :<\/strong><\/h3>\n<p>Agitez vigoureusement avant utilisation.<br \/>\nAppliquez 4 \u00e0 6 gouttes de s\u00e9rum sur la peau nettoy\u00e9e du visage et massez d\u00e9licatement jusqu&#8217;\u00e0 absorption.<br \/>\nAppliquer tous les 3 jours, le soir.<br \/>\n\u00c9vitez tout contact avec les yeux et la bouche.<br \/>\nVous pouvez ressentir un l\u00e9ger picotement apr\u00e8s l&#8217;application &#8211; c&#8217;est l&#8217;effet des micro-aiguilles !<\/p>\n<p>Un produit id\u00e9al \u00e0 ajouter \u00e0 votre routine quotidienne de soins de la peau. APPLIQUEZ TOUS LES 3 JOURS, LE SOIR. <\/p>\n<p>A utiliser entre une s\u00e9rie de traitements par Nano-Needles dans les versions Home Set et PRO.<\/p>\n<hr>\n<h3><strong>Composition compl\u00e8te (INCI) :<\/strong><\/h3>\n<p><em>Aqua, Glycerin, Propanediol, Hydrolyzed Sponge (Nano-Needles\u00ae), PEG-7 Glyceryl Cocoate, PEG-40 Hydrogenated Castor Oil, Hydrolyzed Caesalpinia Spinosa Gum, Snail Secretion Filtrate (Snail Mucus), Caesalpinia Spinosa Gum, Saccharide Isomerate, Undaria Pinnatifida Extract, Allantoin (Allanto\u00efne), Carbomer, Triethanolamine, Phenoxyethanol, Ethylhexylglycerin, Potassium Sorbate, Sodium Benzoate, Parfum, Citrus Aurantium Peel Oil, Geranyl Acetate, Hydroxycitronellal, Alpha-Isomethyl Ionone, Citronellol, Linalool, Limonene, Tetramethyl Acetyl Acetahydronaphthalenes.<\/em><\/p>\n<hr>\n<p><strong>Capacit\u00e9 :<\/strong> 30ml<\/p>\n","protected":false},"excerpt":{"rendered":"<p>Pr\u00e9cision des micro-aiguilles &#8211; Deep Renewal. Plus de 1 000 000 de nano-aiguilles sous la forme d&#8217;un s\u00e9rum de qualit\u00e9 professionnelle pour une utilisation \u00e0 domicile ainsi qu&#8217;en cosm\u00e9tologie et en institut de beaut\u00e9. <\/p>\n<p><strong>V\u00e9ritable p\u00e9n\u00e9tration des principes actifs assur\u00e9e gr\u00e2ce au syst\u00e8me de per\u00e7age biomicron !<\/strong><\/p>\n","protected":false},"featured_media":2032,"comment_status":"open","ping_status":"closed","template":"","meta":[],"product_cat":[223,220,221,222,248],"product_tag":[237,238],"class_list":{"0":"post-2038","1":"product","2":"type-product","3":"status-publish","4":"has-post-thumbnail","6":"product_cat-decoloration","7":"product_cat-levage","8":"product_cat-nano-aiguilles","9":"product_cat-renouvellement-de-lepiderme","10":"product_cat-soins","11":"product_tag-nano-aiguilles","12":"product_tag-serum-fr","14":"first","15":"instock","16":"shipping-taxable","17":"product-type-simple"},"jetpack_sharing_enabled":true,"_links":{"self":[{"href":"https:\/\/aurumaris.pro\/fr\/wp-json\/wp\/v2\/product\/2038","targetHints":{"allow":["GET"]}}],"collection":[{"href":"https:\/\/aurumaris.pro\/fr\/wp-json\/wp\/v2\/product"}],"about":[{"href":"https:\/\/aurumaris.pro\/fr\/wp-json\/wp\/v2\/types\/product"}],"replies":[{"embeddable":true,"href":"https:\/\/aurumaris.pro\/fr\/wp-json\/wp\/v2\/comments?post=2038"}],"wp:featuredmedia":[{"embeddable":true,"href":"https:\/\/aurumaris.pro\/fr\/wp-json\/wp\/v2\/media\/2032"}],"wp:attachment":[{"href":"https:\/\/aurumaris.pro\/fr\/wp-json\/wp\/v2\/media?parent=2038"}],"wp:term":[{"taxonomy":"product_cat","embeddable":true,"href":"https:\/\/aurumaris.pro\/fr\/wp-json\/wp\/v2\/product_cat?post=2038"},{"taxonomy":"product_tag","embeddable":true,"href":"https:\/\/aurumaris.pro\/fr\/wp-json\/wp\/v2\/product_tag?post=2038"}],"curies":[{"name":"wp","href":"https:\/\/api.w.org\/{rel}","templated":true}]}}