{"id":1866,"date":"2025-03-21T12:54:42","date_gmt":"2025-03-21T11:54:42","guid":{"rendered":"https:\/\/aurumaris.pro\/produkt\/mousse-nettoyante-aux-neuropeptides\/"},"modified":"2026-02-17T19:11:02","modified_gmt":"2026-02-17T18:11:02","slug":"mousse-nettoyante-aux-neuropeptides","status":"publish","type":"product","link":"https:\/\/aurumaris.pro\/fr\/produkt\/mousse-nettoyante-aux-neuropeptides\/","title":{"rendered":"MOUSSE NETTOYANTE AUX NEUROPEPTIDES"},"content":{"rendered":"<p>La mousse nettoyante NEUROPEPTIDE a \u00e9t\u00e9 d\u00e9velopp\u00e9e pour le soin en douceur des peaux sensibles sujettes aux allergies et \u00e0 l&#8217;atopie. Elle est id\u00e9ale pour un usage quotidien, en particulier lorsque la peau n\u00e9cessite une approche particuli\u00e8re, par exemple apr\u00e8s des proc\u00e9dures cosm\u00e9tiques ou lorsqu&#8217;elle est trop sensible. <\/p>\n<p>L&#8217;utilisation r\u00e9guli\u00e8re de la mousse permet de maintenir la peau sensible en bon \u00e9tat, en r\u00e9duisant les irritations et les rougeurs et en r\u00e9tablissant son \u00e9quilibre naturel et son confort.<\/p>\n<p>Le principal ingr\u00e9dient actif de la mousse est constitu\u00e9 de neuropeptides, qui ont des propri\u00e9t\u00e9s apaisantes pour la peau et r\u00e9duisent les rougeurs. En outre, les extraits de concombre et de lys blanc contenus dans la formule de la mousse ont un effet apaisant et hydratant, contribuant \u00e0 calmer l&#8217;irritation, l&#8217;irritabilit\u00e9 et les r\u00e9actions allergiques et \u00e0 r\u00e9tablir l&#8217;\u00e9quilibre et le confort de la peau. <\/p>\n<p><strong>Mode d&#8217;emploi :<\/strong> appliquez une petite quantit\u00e9 de mousse sur le visage humide et massez d\u00e9licatement, en \u00e9vitant le contour des yeux. Rincez ensuite abondamment \u00e0 l&#8217;eau ti\u00e8de. La mousse peut \u00eatre utilis\u00e9e matin et soir dans le cadre de votre routine quotidienne de soins de la peau.  <\/p>\n<p><strong>Capacit\u00e9 :&nbsp;<\/strong><\/p>\n<p>200ml<\/p>\n<p>&nbsp;<\/p>\n<p>INGREDIENTS : AQUA, GLYC\u00c9RINE, COCO GLUCOSIDE, COCAMIDOPROPYL<br \/>\nBETAINE, BETAINE, ACETYL DIPEPTIDE-1 CETYL ESTER, CUCUMIS SATIVUS FRUIT<br \/>\nEXTRACT, LILIUM CANDIDUM BULB EXTRACT, HYDROLYZED CAESALPINIA<br \/>\nSPINOSA GUM, CAESALPINIA SPINOSA GUM, PANTHENOL, ALLANTOIN,<br \/>\nPANTOLACTONE, GLYCERYL OLEATE, HYDROXY\u00c9THYLCELLULOSE, BUTYL\u00c8NE<br \/>\nGLYCOL, CITRATE DE GLYC\u00c9RIDES DE PALME HYDROG\u00c9N\u00c9S,<br \/>\nPOLYSORBATE 20, ACIDE CITRIQUE, BIOTINE, LAURETH-3, SODIUM<br \/>\nPHYTATE, ALCOOL BENZYLIQUE, TOCOPH\u00c9ROL, HYDROXYDE DE SODIUM<br \/>\n, SORBATE DE POTASSIUM, BENZOATE DE SODIUM,<br \/>\nACIDE D\u00c9HYDROAC\u00c9TIQUE, ALCOOL, PARFUM<\/p>\n","protected":false},"excerpt":{"rendered":"<p>Mousse professionnelle pour les soins quotidiens de la peau avec des neuropeptides pour r\u00e9duire l&#8217;irritation, la rougeur et la sensibilit\u00e9 apr\u00e8s des proc\u00e9dures cosm\u00e9tologiques invasives.<\/p>\n","protected":false},"featured_media":1579,"comment_status":"closed","ping_status":"closed","template":"","meta":[],"product_cat":[223,220,221,222,248],"product_tag":[],"class_list":{"0":"post-1866","1":"product","2":"type-product","3":"status-publish","4":"has-post-thumbnail","6":"product_cat-decoloration","7":"product_cat-levage","8":"product_cat-nano-aiguilles","9":"product_cat-renouvellement-de-lepiderme","10":"product_cat-soins","12":"first","13":"instock","14":"shipping-taxable","15":"product-type-simple"},"jetpack_sharing_enabled":true,"_links":{"self":[{"href":"https:\/\/aurumaris.pro\/fr\/wp-json\/wp\/v2\/product\/1866","targetHints":{"allow":["GET"]}}],"collection":[{"href":"https:\/\/aurumaris.pro\/fr\/wp-json\/wp\/v2\/product"}],"about":[{"href":"https:\/\/aurumaris.pro\/fr\/wp-json\/wp\/v2\/types\/product"}],"replies":[{"embeddable":true,"href":"https:\/\/aurumaris.pro\/fr\/wp-json\/wp\/v2\/comments?post=1866"}],"wp:featuredmedia":[{"embeddable":true,"href":"https:\/\/aurumaris.pro\/fr\/wp-json\/wp\/v2\/media\/1579"}],"wp:attachment":[{"href":"https:\/\/aurumaris.pro\/fr\/wp-json\/wp\/v2\/media?parent=1866"}],"wp:term":[{"taxonomy":"product_cat","embeddable":true,"href":"https:\/\/aurumaris.pro\/fr\/wp-json\/wp\/v2\/product_cat?post=1866"},{"taxonomy":"product_tag","embeddable":true,"href":"https:\/\/aurumaris.pro\/fr\/wp-json\/wp\/v2\/product_tag?post=1866"}],"curies":[{"name":"wp","href":"https:\/\/api.w.org\/{rel}","templated":true}]}}