{"id":1851,"date":"2025-03-21T12:54:42","date_gmt":"2025-03-21T11:54:42","guid":{"rendered":"https:\/\/aurumaris.pro\/produkt\/serum-super-eclaircissant\/"},"modified":"2025-08-25T14:54:14","modified_gmt":"2025-08-25T12:54:14","slug":"serum-super-eclaircissant","status":"publish","type":"product","link":"https:\/\/aurumaris.pro\/fr\/produkt\/serum-super-eclaircissant\/","title":{"rendered":"S\u00c9RUM SUPER \u00c9CLAIRCISSANT"},"content":{"rendered":"<p>Si vous \u00eates aux prises avec des probl\u00e8mes d&#8217;acn\u00e9, d&#8217;hormones, de soleil, de traumatisme ou d&#8217;autres hyperpigmentations cutan\u00e9es, le Super Brightening Serum d&#8217;Aurumaris Professional est la solution pour \u00e9liminer efficacement vos probl\u00e8mes d&#8217;hyperpigmentation !<\/p>\n<p>&nbsp;<\/p>\n<figure id=\"attachment_22673\" aria-describedby=\"caption-attachment-22673\" style=\"width: 350px\" class=\"wp-caption aligncenter\"><img fetchpriority=\"high\" decoding=\"async\" class=\"wp-image-22673\" src=\"https:\/\/https:\/\/aurumaris.pro\/wp-content\/uploads\/2024\/10\/img_1016.jpeg.pl\/wp-content\/uploads\/2024\/03\/https:\/\/aurumaris.pro\/wp-content\/uploads\/2024\/10\/img_1016.jpeg-professional-efekt-14-300x300.jpg\" alt=\"\" width=\"350\" height=\"350\"><figcaption id=\"caption-attachment-22673\" class=\"wp-caption-text\">L&#8217;effet du traitement anti-pigmentation SBS d&#8217;Aurumaris Professional est visible d\u00e8s les premiers traitements et ne n\u00e9cessite pas l&#8217;aide d&#8217;un professionnel.<\/figcaption><\/figure>\n<h2><strong>L&#8217;efficacit\u00e9 d&#8217;une seule application est confirm\u00e9e par des \u00e9tudes :<\/strong><\/h2>\n<p>Des tests en laboratoire confirment que les ingr\u00e9dients actifs contenus dans ce <strong>s\u00e9rum professionnel anti-pigmentation<\/strong> <strong>\u00e9liminent efficacement les d\u00e9colorations<\/strong>, <strong>unifient le teint de la peau<\/strong> tout en <strong>prenant soin de la barri\u00e8re hydrolipidique<\/strong>.<\/p>\n<h2><\/h2>\n<h2><\/h2>\n<figure id=\"attachment_23326\" aria-describedby=\"caption-attachment-23326\" style=\"width: 300px\" class=\"wp-caption aligncenter\"><img decoding=\"async\" class=\"size-medium wp-image-23326\" src=\"https:\/\/https:\/\/aurumaris.pro\/wp-content\/uploads\/2024\/10\/img_1016.jpeg.pl\/wp-content\/uploads\/2024\/03\/https:\/\/aurumaris.pro\/wp-content\/uploads\/2024\/10\/img_1016.jpeg-professional-sylwia-golebiewska-zestaw-nano-needles-1-1-300x279.jpg\" alt=\"\" width=\"300\" height=\"279\"><figcaption id=\"caption-attachment-23326\" class=\"wp-caption-text\">&#8220;Les produits d&#8217;Aurumaris Professional sont de la plus haute qualit\u00e9 et efficacit\u00e9 &#8211; je recommande le traitement SBS en tant que professionnelle de l&#8217;industrie de la cosm\u00e9tologie et &#8230;. femme !&#8221; ~Sylwia Gol\u0119biewska<\/figcaption><\/figure>\n<h2><\/h2>\n<h2><strong>Principaux ingr\u00e9dients actifs et leurs effets :<\/strong><\/h2>\n<ol>\n<li><strong>Sodium Ascorbyl Phosphate<\/strong> &#8211; Un antioxydant puissant qui \u00e9claircit la peau, r\u00e9duit les d\u00e9colorations et stimule la production de collag\u00e8ne.<\/li>\n<li><strong>Extrait de racine de ginseng Panax<\/strong> &#8211; Am\u00e9liore la circulation et unifie la couleur, ce qui favorise la r\u00e9g\u00e9n\u00e9ration de la peau et augmente son \u00e9lasticit\u00e9.<\/li>\n<li><strong>Extrait d&#8217;Ascophyllum Nodosum<\/strong> &#8211; Extrait d&#8217;algue brune qui d\u00e9pigmente puissamment l&#8217;hyperpigmentation tout en hydratant et en prot\u00e9geant la peau des facteurs externes nocifs.<\/li>\n<li><strong>Extrait d&#8217;Asparagopsis Armata<\/strong> &#8211; A des effets antimicrobiens et anti-inflammatoires, favorisant la r\u00e9g\u00e9n\u00e9ration des tissus tout en r\u00e9duisant l&#8217;hyperpigmentation.<\/li>\n<li><strong>Extrait d&#8217;\u00e9corce de Salix Alba<\/strong> &#8211; Une source naturelle d&#8217;acide salicylique qui exfolie la peau en douceur, \u00e9liminant les cellules mortes et favorisant le renouvellement et donc l&#8217;uniformisation de la couleur de la peau.<\/li>\n<li><strong>Squalane<\/strong> &#8211; Ingr\u00e9dient hydratant qui renforce la barri\u00e8re lipidique de la peau pour pr\u00e9venir la perte d&#8217;humidit\u00e9.<\/li>\n<li><strong>Panth\u00e9nol<\/strong> &#8211; Apaise les irritations et acc\u00e9l\u00e8re la cicatrisation de la peau.<\/li>\n<li><strong>Allanto\u00efne<\/strong> &#8211; R\u00e9g\u00e9n\u00e8re et apaise la peau, r\u00e9duisant les irritations et les rougeurs.<\/li>\n<\/ol>\n<p><em>Sources scientifiques :<\/em> <a href=\"https:\/\/pubmed.ncbi.nlm.nih.gov\/35537921\/\" target=\"_blank\" rel=\"noopener\">&#8220;Traitement de l&#8217;hyperpigmentation&#8221;<\/a>; <a href=\"https:\/\/pubmed.ncbi.nlm.nih.gov\/36924935\/\" target=\"_blank\" rel=\"noopener\">&#8220;Traitement du m\u00e9lasma associ\u00e9 \u00e0 l&#8217;acn\u00e9&#8221;<\/a>.<\/p>\n<p>&nbsp;<\/p>\n<blockquote><p>&#8220;Redonne une couleur uniforme et naturelle \u00e0 toutes les peaux tout en prenant soin de la barri\u00e8re hydrolipidique !&#8221;<br \/>\n<strong><em>Atelier de beaut\u00e9 &#8211; Varsovie<\/em><\/strong><\/p><\/blockquote>\n<h2><\/h2>\n<h2><\/h2>\n<figure id=\"attachment_23315\" aria-describedby=\"caption-attachment-23315\" style=\"width: 300px\" class=\"wp-caption aligncenter\"><img decoding=\"async\" class=\"size-medium wp-image-23315\" src=\"https:\/\/https:\/\/aurumaris.pro\/wp-content\/uploads\/2024\/10\/img_1016.jpeg.pl\/wp-content\/uploads\/2024\/08\/https:\/\/aurumaris.pro\/wp-content\/uploads\/2024\/10\/img_1016.jpeg-professional-szkolenie-krakow-uczestnicy-300x432.jpg\" alt=\"\" width=\"300\" height=\"432\"><figcaption id=\"caption-attachment-23315\" class=\"wp-caption-text\">Les produits d&#8217;Aurumaris Professional sont utilis\u00e9s par des professionnels de la cosm\u00e9tologie renomm\u00e9s en Pologne et \u00e0 l&#8217;\u00e9tranger !<\/figcaption><\/figure>\n<h2><\/h2>\n<h2><strong>Questions fr\u00e9quentes :<\/strong><\/h2>\n<p><strong>Le traitement est-il r\u00e9serv\u00e9 aux peaux matures ?<\/strong><br \/>\n<em>Non, le traitement anti-pigmentation SBS peut \u00eatre utilis\u00e9 quel que soit l&#8217;\u00e2ge.<\/em><\/p>\n<p><strong>Le traitement sera-t-il efficace si mes imperfections datent de plusieurs ann\u00e9es, voire de plusieurs d\u00e9cennies ?<\/strong><br \/>\n<em>Oui, la formule de traitement SBS offre la plus grande efficacit\u00e9 professionnelle pour l&#8217;\u00e9limination des hyperpigmentations les plus persistantes.<\/em><\/p>\n<p><strong>Ma peau va-t-elle peler pendant le traitement ?<\/strong><br \/>\n<em>Non. La m\u00e9thode d\u00e9velopp\u00e9e pour \u00e9liminer l&#8217;hyperpigmentation, gr\u00e2ce aux principes actifs combin\u00e9s \u00e0 la fonction de restauration de la barri\u00e8re hydrolipidique, offre un \u00e9quilibre maximal entre l&#8217;efficacit\u00e9 de la d\u00e9pigmentation et la pr\u00e9servation de la barri\u00e8re hydrolipidique de la peau. <\/em><\/p>\n<p><strong>Est-il possible d&#8217;effectuer un traitement SBS \u00e0 domicile ?<\/strong><br \/>\n<em>Oui, vous pouvez \u00e9galement utiliser le traitement anti-pigmentation SBS \u00e0 la maison. <\/em>. <em>Dur\u00e9e de traitement recommand\u00e9e &#8211; 30 jours.<\/em><\/p>\n<p><img loading=\"lazy\" decoding=\"async\" class=\"aligncenter wp-image-23108\" src=\"https:\/\/https:\/\/aurumaris.pro\/wp-content\/uploads\/2024\/10\/img_1016.jpeg.pro\/wp-content\/uploads\/2024\/03\/https:\/\/aurumaris.pro\/wp-content\/uploads\/2024\/10\/img_1016.jpeg-professional-super-brightening-serum-model-1-face-300x346.jpg\" alt=\"\" width=\"350\" height=\"403\"><\/p>\n<p><strong>Mode d&#8217;emploi :<\/strong> <em>R\u00e9partir le contenu de l&#8217;ampoule sur la peau du visage, du cou et du d\u00e9collet\u00e9 en massant d\u00e9licatement. <\/em> <\/p>\n<p><strong>Contenu :<\/strong><\/p>\n<p>10 ampoules de 3ml + ouvreur pratique<\/p>\n<p>&nbsp;<\/p>\n<p>INGR\u00c9DIENTS (INCI) : AQUA, HUILE DE RICIN HYDROG\u00c9N\u00c9E PEG-40, EXTRAIT DE RACINE DE PANAX GINSENG, SODIUM ASCORBYL PHOSPHATE, EXTRAIT D&#8217;ASCOPHYLLUM NODOSUM, EXTRAIT D&#8217;ASPARAGOPSIS ARMATA, EXTRAIT D&#8217;\u00c9CORCE DE SALIKS ALBA, SQUALANE, PANTH\u00c9NOL, ALLANTO\u00cfNE, GLYC\u00c9RINE, PROPANEDIOL, HYDROLYSAT D&#8217;AMIDON HYDROG\u00c9N\u00c9, COPOLYM\u00c8RE D&#8217;ACRYLATE D&#8217;HYDROXY\u00c9THYLE\/ACRYLOYLDIM\u00c9THYL TAURATE DE SODIUM, ISOST\u00c9ARATE DE SORBITAN, COCOATE DE GLYC\u00c9RYLE PEG-7, POLYSORBATE 60, PANTOLACTONE<\/p>\n","protected":false},"excerpt":{"rendered":"<p>Traitement professionnel antipigmentation en ampoules <strong>SBS<\/strong>. <strong>\u00c9limine<\/strong> efficacement et <strong>en toute s\u00e9curit\u00e9 les<\/strong> <strong>hyperpigmentations<\/strong> les plus persistantes gr\u00e2ce \u00e0 <span style=\"text-decoration: underline\">un<\/span> ensemble d&#8217;<strong>ingr\u00e9dients actifs<\/strong> puissants d\u00e9velopp\u00e9s scientifiquement. <\/p>\n","protected":false},"featured_media":1564,"comment_status":"closed","ping_status":"closed","template":"","meta":[],"product_cat":[223,221,222],"product_tag":[],"class_list":{"0":"post-1851","1":"product","2":"type-product","3":"status-publish","4":"has-post-thumbnail","6":"product_cat-decoloration","7":"product_cat-nano-aiguilles","8":"product_cat-renouvellement-de-lepiderme","10":"first","11":"instock","12":"shipping-taxable","13":"product-type-simple"},"jetpack_sharing_enabled":true,"_links":{"self":[{"href":"https:\/\/aurumaris.pro\/fr\/wp-json\/wp\/v2\/product\/1851","targetHints":{"allow":["GET"]}}],"collection":[{"href":"https:\/\/aurumaris.pro\/fr\/wp-json\/wp\/v2\/product"}],"about":[{"href":"https:\/\/aurumaris.pro\/fr\/wp-json\/wp\/v2\/types\/product"}],"replies":[{"embeddable":true,"href":"https:\/\/aurumaris.pro\/fr\/wp-json\/wp\/v2\/comments?post=1851"}],"wp:featuredmedia":[{"embeddable":true,"href":"https:\/\/aurumaris.pro\/fr\/wp-json\/wp\/v2\/media\/1564"}],"wp:attachment":[{"href":"https:\/\/aurumaris.pro\/fr\/wp-json\/wp\/v2\/media?parent=1851"}],"wp:term":[{"taxonomy":"product_cat","embeddable":true,"href":"https:\/\/aurumaris.pro\/fr\/wp-json\/wp\/v2\/product_cat?post=1851"},{"taxonomy":"product_tag","embeddable":true,"href":"https:\/\/aurumaris.pro\/fr\/wp-json\/wp\/v2\/product_tag?post=1851"}],"curies":[{"name":"wp","href":"https:\/\/api.w.org\/{rel}","templated":true}]}}