{"id":1850,"date":"2025-03-21T12:54:42","date_gmt":"2025-03-21T11:54:42","guid":{"rendered":"https:\/\/aurumaris.pro\/produkt\/tripeptide-rajeunissement-de-ladn-de-la-peau\/"},"modified":"2025-08-25T14:54:43","modified_gmt":"2025-08-25T12:54:43","slug":"tripeptide-rajeunissement-de-ladn-de-la-peau","status":"publish","type":"product","link":"https:\/\/aurumaris.pro\/fr\/produkt\/tripeptide-rajeunissement-de-ladn-de-la-peau\/","title":{"rendered":"TRIPEPTIDE RAJEUNISSEMENT DE L&#8217;ADN DE LA PEAU"},"content":{"rendered":"<p>La cr\u00e8me anti-rides professionnelle d&#8217;Aurumaris Professional est un produit d\u00e9di\u00e9 aux peaux matures, particuli\u00e8rement recommand\u00e9 pour le jour et la nuit. Elle exploite le potentiel du tripeptide pour activer les g\u00e8nes de jeunesse, en stimulant la production de collag\u00e8ne, d&#8217;\u00e9lastine et d&#8217;acide <span class=\"OYPEnA font-feature-liga-off font-feature-clig-off font-feature-calt-off text-decoration-none text-strikethrough-none\" style=\"font-style: normal;letter-spacing: normal;text-align: start;text-indent: 0px;text-transform: none;text-decoration: none\">hyaluronique<\/span>.<span class=\"OYPEnA font-feature-liga-off font-feature-clig-off font-feature-calt-off text-decoration-none text-strikethrough-none\" style=\"font-style: normal;letter-spacing: normal;text-align: start;text-indent: 0px;text-transform: none;text-decoration: none\"><strong>.<\/strong><\/span> <\/p>\n<p><span class=\"OYPEnA font-feature-liga-off font-feature-clig-off font-feature-calt-off text-decoration-none text-strikethrough-none\" style=\"font-style: normal;letter-spacing: normal;text-align: start;text-indent: 0px;text-transform: none;text-decoration: none\"><strong>Palmitoyl Tripeptide-1 et Palmitoyl Tetrapeptide-7<\/strong><\/span><span class=\"OYPEnA font-feature-liga-off font-feature-clig-off font-feature-calt-off text-decoration-none text-strikethrough-none\" style=\"font-style: normal;font-weight: 400;letter-spacing: normal;text-align: start;text-indent: 0px;text-transform: none;text-decoration: none\"><span class=\"Apple-converted-space\">&nbsp;<\/span><\/span><span class=\"OYPEnA font-feature-liga-off font-feature-clig-off font-feature-calt-off text-decoration-none text-strikethrough-none\" style=\"font-style: normal;font-weight: 400;letter-spacing: normal;text-align: start;text-indent: 0px;text-transform: none;text-decoration: none\">sont des peptides modernes qui agissent en synergie pour r\u00e9duire l&#8217;apparence des rides et am\u00e9liorer la texture de la peau. L&#8217;utilisation r\u00e9guli\u00e8re d&#8217;une cr\u00e8me contenant ces \u00e9l\u00e9ments constitutifs favorise la production naturelle de collag\u00e8ne et d&#8217;\u00e9lastine, ce qui permet d&#8217;obtenir une peau visiblement plus ferme, plus lisse, plus \u00e9clatante et plus jeune. <\/span><\/p>\n<p><strong>Mode d&#8217;emploi :<\/strong> appliquer sur la peau nettoy\u00e9e du visage, du cou et du d\u00e9collet\u00e9. Il est pr\u00e9f\u00e9rable d&#8217;appliquer la cr\u00e8me en couche plus \u00e9paisse le soir afin que la peau ait le temps d&#8217;absorber tous les principes actifs pendant le repos nocturne. <\/p>\n<p><strong>Capacit\u00e9 :<\/strong><\/p>\n<p>50ml<\/p>\n<p>&nbsp;<\/p>\n<p>INGR\u00c9DIENTS : AQUA, PROPANEDIOL, ISONONYL ISONANOATE, STEARATE SORBITAN, TREHALOSE,<br \/>\nISOPROPYL PALMITATE, ACIDE ST\u00c9ARIQUE, POLYISOBUT\u00c8NE HYDROG\u00c9N\u00c9, COPOLYM\u00c8RE HYDROXYETHYL ACRYLATE\/<br \/>\nSODIUM ACRYLOYLDIMETHYL TAURATE, C15-19 ALKANE, PALMITOYL TRIPEPTIDE-1, PALMITOYL<br \/>\nTETRAPEPTIDE-7, EXTRAIT D&#8217;UNDARIA PINNATIFIDA, POUDRE DE PERLE, PANTH\u00c9NOL, GLYC\u00c9RINE, SUCROSE<br \/>\nCOCOATE, OCTYLDODECYL OLEATE, OCTYLDODECYL STEAROYL STEARATE, ACIDE POLYHYDROXYSTEARIQUE,<br \/>\nOCTYLDODECANOL, LINOL\u00c9ATE DE ST\u00c9ARYLE, ST\u00c9ARATE DE ST\u00c9ARYLE, ALCOOL ST\u00c9ARYLIQUE,<br \/>\nPOLY(C6-14 OL\u00c9FINES) HYDROG\u00c9N\u00c9ES, TALC, BUTYL\u00c8NE GLYCOL, CARBOM\u00c8RE, POLYACRYLATE DE SODIUM, ISOST\u00c9ARATE DE SORBITAN,<br \/>\nPANTOLACTONE, POLYSORBATE 20, POLYSORBATE 60, PHYTATE DE SODIUM, ALCOOL, MICA, TRI\u00c9THANOLAMINE,<br \/>\nLACTATE DE SODIUM, ACIDE BENZO\u00cfQUE, BENZOATE DE SODIUM, SORBATE DE POTASSIUM, ACIDE D\u00c9HYDROAC\u00c9TIQUE,<br \/>\nPH\u00c9NOXY\u00c9THANOL, \u00c9THYLHEXYLGLYC\u00c9RINE, PARFUM, CI 77891, CI 77491, CI 19140, CI 14700<\/p>\n","protected":false},"excerpt":{"rendered":"<p>Cr\u00e8me aux tripeptides pour activer les g\u00e8nes de la jeunesse. Stimule la production de collag\u00e8ne, d&#8217;\u00e9lastine et d&#8217;acide hyaluronique. <\/p>\n","protected":false},"featured_media":1554,"comment_status":"closed","ping_status":"closed","template":"","meta":[],"product_cat":[220,222],"product_tag":[],"class_list":{"0":"post-1850","1":"product","2":"type-product","3":"status-publish","4":"has-post-thumbnail","6":"product_cat-levage","7":"product_cat-renouvellement-de-lepiderme","9":"first","10":"instock","11":"shipping-taxable","12":"product-type-simple"},"jetpack_sharing_enabled":true,"_links":{"self":[{"href":"https:\/\/aurumaris.pro\/fr\/wp-json\/wp\/v2\/product\/1850","targetHints":{"allow":["GET"]}}],"collection":[{"href":"https:\/\/aurumaris.pro\/fr\/wp-json\/wp\/v2\/product"}],"about":[{"href":"https:\/\/aurumaris.pro\/fr\/wp-json\/wp\/v2\/types\/product"}],"replies":[{"embeddable":true,"href":"https:\/\/aurumaris.pro\/fr\/wp-json\/wp\/v2\/comments?post=1850"}],"wp:featuredmedia":[{"embeddable":true,"href":"https:\/\/aurumaris.pro\/fr\/wp-json\/wp\/v2\/media\/1554"}],"wp:attachment":[{"href":"https:\/\/aurumaris.pro\/fr\/wp-json\/wp\/v2\/media?parent=1850"}],"wp:term":[{"taxonomy":"product_cat","embeddable":true,"href":"https:\/\/aurumaris.pro\/fr\/wp-json\/wp\/v2\/product_cat?post=1850"},{"taxonomy":"product_tag","embeddable":true,"href":"https:\/\/aurumaris.pro\/fr\/wp-json\/wp\/v2\/product_tag?post=1850"}],"curies":[{"name":"wp","href":"https:\/\/api.w.org\/{rel}","templated":true}]}}