{"id":1841,"date":"2025-03-21T12:54:42","date_gmt":"2025-03-21T11:54:42","guid":{"rendered":"https:\/\/aurumaris.pro\/produkt\/creme-de-rajeunissement-max\/"},"modified":"2026-02-17T19:11:21","modified_gmt":"2026-02-17T18:11:21","slug":"creme-de-rajeunissement-max","status":"publish","type":"product","link":"https:\/\/aurumaris.pro\/fr\/produkt\/creme-de-rajeunissement-max\/","title":{"rendered":"CR\u00c8ME DE RAJEUNISSEMENT MAX"},"content":{"rendered":"<p>La cr\u00e8me pour le traitement de la peau p\u00e2le, irr\u00e9guli\u00e8re, vasculaire et de la peau pr\u00e9sentant des signes de vieillissement a \u00e9t\u00e9 sp\u00e9cialement formul\u00e9e pour prendre soin de l&#8217;ensemble de la peau et la r\u00e9g\u00e9n\u00e9rer. Elle am\u00e9liore l&#8217;\u00e9lasticit\u00e9 des vaisseaux sanguins et r\u00e9duit l&#8217;hyperpigmentation pour une peau plus uniforme et plus lumineuse. <\/p>\n<p>L&#8217;utilisation r\u00e9guli\u00e8re de la cr\u00e8me pour traiter les peaux p\u00e2les, vasculaires et vieillissantes peut contribuer \u00e0 am\u00e9liorer l&#8217;\u00e9tat de la peau, en lui donnant de l&#8217;\u00e9lasticit\u00e9, un teint uniforme et une apparence plus jeune.<\/p>\n<p>Son action antioxydante retarde le processus de vieillissement de la peau, en offrant une protection contre les dommages caus\u00e9s par les radicaux libres. En outre, la cr\u00e8me stimule la circulation sanguine, ce qui permet de mieux nourrir la peau, de la rendre plus lisse et de la rajeunir visiblement. <\/p>\n<p><strong>Mode d&#8217;emploi :<\/strong> appliquez matin et soir sur la peau nettoy\u00e9e du visage. Massez d\u00e9licatement la cr\u00e8me jusqu&#8217;\u00e0 ce qu&#8217;elle soit compl\u00e8tement absorb\u00e9e. <\/p>\n<p><strong>Capacit\u00e9 :<\/strong><\/p>\n<p>50ml<\/p>\n<p>&nbsp;<\/p>\n<p>INGR\u00c9DIENTS : AQUA, PROPANEDIOL, STEARATE SORBITAN, ISONONYL ISONANOATE,<br \/>\nGLYCERIN, COCO-CAPRYLATE, CETEARYL ALCOHOL, C12-15 ALKYL BENZOATE, STEARIC ACID,<br \/>\nASCORBYL GLUCOSIDE, HYDROLYZED SILK, PANAX GINSENG ROOT EXTRACT, BUTYROSPERMUM<br \/>\nPARKII BUTTER, TOCOPHERYL ACETATE, PANTHENOL, ALLANTOIN, TR\u00c9HALOSE, ACIDE LACTIQUE<br \/>\n, COCOATE SUCROSE, TALC, AC\u00c9TOCRYL\u00c8NE, POLYACRYLATE DE SODIUM, ACRYLATES\/<br \/>\nC10-30 ALKYL ACRYLATE CROSSPOLYMER, PANTOLACTONE, DISODIUM EDTA, SODIUM<br \/>\nPHYTATE, ALCOOL, ACIDE CITRIQUE, TRI\u00c9THANOLAMINE, SORBATE DE POTASSIUM, SODIUM<br \/>\nBENZOATE, ACIDE BENZO\u00cfQUE, TOCOPH\u00c9ROL, ACIDE D\u00c9HYDROAC\u00c9TIQUE, EXTRAIT DE RACINE DE PANAX GINSENG.<\/p>\n","protected":false},"excerpt":{"rendered":"<p>Une cr\u00e8me revitalisante qui r\u00e9duit les d\u00e9colorations pour redonner un aspect sain aux teints p\u00e2les.<\/p>\n","protected":false},"featured_media":1584,"comment_status":"closed","ping_status":"closed","template":"","meta":[],"product_cat":[223,220,221,222],"product_tag":[],"class_list":{"0":"post-1841","1":"product","2":"type-product","3":"status-publish","4":"has-post-thumbnail","6":"product_cat-decoloration","7":"product_cat-levage","8":"product_cat-nano-aiguilles","9":"product_cat-renouvellement-de-lepiderme","11":"first","12":"instock","13":"shipping-taxable","14":"product-type-simple"},"jetpack_sharing_enabled":true,"_links":{"self":[{"href":"https:\/\/aurumaris.pro\/fr\/wp-json\/wp\/v2\/product\/1841","targetHints":{"allow":["GET"]}}],"collection":[{"href":"https:\/\/aurumaris.pro\/fr\/wp-json\/wp\/v2\/product"}],"about":[{"href":"https:\/\/aurumaris.pro\/fr\/wp-json\/wp\/v2\/types\/product"}],"replies":[{"embeddable":true,"href":"https:\/\/aurumaris.pro\/fr\/wp-json\/wp\/v2\/comments?post=1841"}],"wp:featuredmedia":[{"embeddable":true,"href":"https:\/\/aurumaris.pro\/fr\/wp-json\/wp\/v2\/media\/1584"}],"wp:attachment":[{"href":"https:\/\/aurumaris.pro\/fr\/wp-json\/wp\/v2\/media?parent=1841"}],"wp:term":[{"taxonomy":"product_cat","embeddable":true,"href":"https:\/\/aurumaris.pro\/fr\/wp-json\/wp\/v2\/product_cat?post=1841"},{"taxonomy":"product_tag","embeddable":true,"href":"https:\/\/aurumaris.pro\/fr\/wp-json\/wp\/v2\/product_tag?post=1841"}],"curies":[{"name":"wp","href":"https:\/\/api.w.org\/{rel}","templated":true}]}}