{"id":1840,"date":"2025-03-21T12:54:42","date_gmt":"2025-03-21T11:54:42","guid":{"rendered":"https:\/\/aurumaris.pro\/produkt\/masque-super-eclaircissant\/"},"modified":"2025-12-14T21:24:02","modified_gmt":"2025-12-14T20:24:02","slug":"masque-super-eclaircissant","status":"publish","type":"product","link":"https:\/\/aurumaris.pro\/fr\/produkt\/masque-super-eclaircissant\/","title":{"rendered":"MASQUE SUPER \u00c9CLAIRCISSANT"},"content":{"rendered":"<p>Le MASQUE SUPER \u00c9CLAIRCISSANT a \u00e9t\u00e9 cr\u00e9\u00e9 pour les peaux ternes, vascularis\u00e9es et sans \u00e9clat. Son principal ingr\u00e9dient actif est la vitamine C, qui nourrit et lisse la peau tout en inhibant le processus de vieillissement. Il est recommand\u00e9 d&#8217;utiliser le masque apr\u00e8s le <a href=\"https:\/\/https:\/\/aurumaris.pro\/wp-content\/uploads\/2024\/10\/img_1016.jpeg.pl\/produkt\/super-brightening-serum\/\" target=\"_blank\" rel=\"noopener\">S\u00c9RUM \u00c9CLATANT<\/a>, car il intensifie les effets du masque.  <\/p>\n<p>L&#8217;utilisation r\u00e9guli\u00e8re d&#8217;un masque illuminateur peut contribuer \u00e0 am\u00e9liorer l&#8217;aspect de la peau, en lui donnant de l&#8217;\u00e9clat, en att\u00e9nuant les d\u00e9colorations et en lui redonnant de la vitalit\u00e9.<\/p>\n<p>En outre, le masque est une excellente option dans le cadre du traitement par nano-aiguilles de l&#8217;hyperpigmentation, car il aide \u00e0 r\u00e9duire les bosses de la peau.<\/p>\n<p>La formule du masque forme un film \u00e0 la surface de la peau qui emp\u00eache la perte d&#8217;eau de l&#8217;\u00e9piderme, laissant la peau intens\u00e9ment hydrat\u00e9e et raffermie.<\/p>\n<p><strong>Mode d&#8217;emploi :<\/strong> apr\u00e8s avoir nettoy\u00e9 le visage et appliqu\u00e9 le s\u00e9rum, appliquez le masque uniform\u00e9ment sur la peau. Laissez-le sur le visage pendant environ 20 minutes, puis retirez-le d\u00e9licatement \u00e0 l&#8217;aide d&#8217;une serviette de soin ou d&#8217;un coton-tige. Apr\u00e8s l&#8217;application du masque, il est recommand\u00e9 d&#8217;appliquer une cr\u00e8me.  <\/p>\n<p><strong>Capacit\u00e9 :<\/strong><\/p>\n<p>100ml<\/p>\n<p>&nbsp;<\/p>\n<p>INGR\u00c9DIENTS : AQUA, PROPANEDIOL, ISONONYL ISONANOATE, SORBITAN<br \/>\nSTEARATE, CETEARYL ALCOHOL, COCO-CAPRYLATE, BUTYROSPERMUM PARKII<br \/>\nBUTTER, TREHALOSE, ASCORBYL GLUCOSIDE, BAICALIN, PANAX GINSENG ROOT<br \/>\nEXTRACT, HYDROLYZED SILK, LACTIC ACID, GLYCERIN, SUCROSE COCOATE, MAGNESIUM<br \/>\nALUMINUM SILICATE, DICETYL PHOSPHATE, CETETH-10 PHOSPHATE, TALC, SODIUM<br \/>\nPOLYACRYLATE, TRIDECETH-6, ACRYLATES\/C10-30 ALKYL ACRYLATE CROSSPOLYMER,<br \/>\nACIDE CITRIQUE, DISODIUM EDTA, SODIUM PHYTATE, ALCOOL, TRI\u00c9THANOLAMINE,<br \/>\nBENZOATE DE SODIUM, SORBATE DE POTASSIUM, ACIDE BENZO\u00cfQUE, ACIDE D\u00c9HYDROAC\u00c9TIQUE,<br \/>\nPH\u00c9NOXY\u00c9THANOL, \u00c9THYLHEXYLGLYC\u00c9RINE, BHT, TOCOPH\u00c9ROL, PARFUM, CI 19140<\/p>\n","protected":false},"excerpt":{"rendered":"<p>Masque revitalisant avec fonction d&#8217;\u00e9limination des imperfections. Redonne un aspect jeune et sain au teint terne. <\/p>\n","protected":false},"featured_media":1614,"comment_status":"closed","ping_status":"closed","template":"","meta":[],"product_cat":[223,221,222],"product_tag":[],"class_list":{"0":"post-1840","1":"product","2":"type-product","3":"status-publish","4":"has-post-thumbnail","6":"product_cat-decoloration","7":"product_cat-nano-aiguilles","8":"product_cat-renouvellement-de-lepiderme","10":"first","11":"instock","12":"shipping-taxable","13":"product-type-simple"},"jetpack_sharing_enabled":true,"_links":{"self":[{"href":"https:\/\/aurumaris.pro\/fr\/wp-json\/wp\/v2\/product\/1840","targetHints":{"allow":["GET"]}}],"collection":[{"href":"https:\/\/aurumaris.pro\/fr\/wp-json\/wp\/v2\/product"}],"about":[{"href":"https:\/\/aurumaris.pro\/fr\/wp-json\/wp\/v2\/types\/product"}],"replies":[{"embeddable":true,"href":"https:\/\/aurumaris.pro\/fr\/wp-json\/wp\/v2\/comments?post=1840"}],"wp:featuredmedia":[{"embeddable":true,"href":"https:\/\/aurumaris.pro\/fr\/wp-json\/wp\/v2\/media\/1614"}],"wp:attachment":[{"href":"https:\/\/aurumaris.pro\/fr\/wp-json\/wp\/v2\/media?parent=1840"}],"wp:term":[{"taxonomy":"product_cat","embeddable":true,"href":"https:\/\/aurumaris.pro\/fr\/wp-json\/wp\/v2\/product_cat?post=1840"},{"taxonomy":"product_tag","embeddable":true,"href":"https:\/\/aurumaris.pro\/fr\/wp-json\/wp\/v2\/product_tag?post=1840"}],"curies":[{"name":"wp","href":"https:\/\/api.w.org\/{rel}","templated":true}]}}