{"id":1831,"date":"2025-03-21T12:54:42","date_gmt":"2025-03-21T11:54:42","guid":{"rendered":"https:\/\/aurumaris.pro\/produkt\/5d-skin-filler-serum\/"},"modified":"2025-08-25T14:50:25","modified_gmt":"2025-08-25T12:50:25","slug":"5d-skin-filler-serum","status":"publish","type":"product","link":"https:\/\/aurumaris.pro\/fr\/produkt\/5d-skin-filler-serum\/","title":{"rendered":"5D SKIN FILLER SERUM"},"content":{"rendered":"<p>Le s\u00e9rum 5D SKIN FILLER est destin\u00e9 aux peaux s\u00e8ches et d\u00e9shydrat\u00e9es, mais aussi aux peaux matures ou \u00e0 probl\u00e8mes pr\u00e9sentant des imperfections. Il est la solution parfaite pour ceux qui recherchent une hydratation intense et une r\u00e9g\u00e9n\u00e9ration rapide de la peau. Il contient un m\u00e9lange unique d&#8217;ingr\u00e9dients actifs, dont le hyaluron, qui r\u00e9duit efficacement l&#8217;apparence des rides et donne \u00e0 la peau une texture lisse et ferme.  <\/p>\n<p>L&#8217;utilisation r\u00e9guli\u00e8re du s\u00e9rum hydratant professionnel Aurumaris peut am\u00e9liorer de mani\u00e8re significative l&#8217;\u00e9tat des peaux s\u00e8ches et d\u00e9shydrat\u00e9es, en leur donnant un aspect lisse, souple et radieux.<\/p>\n<p><span class=\"OYPEnA font-feature-liga-off font-feature-clig-off font-feature-calt-off text-decoration-none text-strikethrough-none\" style=\"font-style: normal;font-weight: 400;letter-spacing: normal;text-align: start;text-indent: 0px;text-transform: none;text-decoration: none\">Il contient un m\u00e9lange unique d&#8217;ingr\u00e9dients actifs, notamment<\/span><span class=\"OYPEnA font-feature-liga-off font-feature-clig-off font-feature-calt-off text-decoration-none text-strikethrough-none\" style=\"font-style: normal;letter-spacing: normal;text-align: start;text-indent: 0px;text-transform: none;text-decoration: none;font-weight: bold\"><strong><span class=\"Apple-converted-space\">&nbsp;<\/span><\/strong><\/span><span class=\"OYPEnA font-feature-liga-off font-feature-clig-off font-feature-calt-off text-decoration-none text-strikethrough-none\" style=\"font-style: normal;letter-spacing: normal;text-align: start;text-indent: 0px;text-transform: none;text-decoration: none;font-weight: bold\"><strong>Hyaluronate de sodium<\/strong><\/span><span class=\"OYPEnA font-feature-liga-off font-feature-clig-off font-feature-calt-off text-decoration-none text-strikethrough-none\" style=\"font-style: normal;letter-spacing: normal;text-align: start;text-indent: 0px;text-transform: none;text-decoration: none;font-weight: bold\"><strong><span class=\"Apple-converted-space\">&nbsp;<\/span><\/strong><\/span><span class=\"OYPEnA font-feature-liga-off font-feature-clig-off font-feature-calt-off text-decoration-none text-strikethrough-none\" style=\"font-style: normal;font-weight: 400;letter-spacing: normal;text-align: start;text-indent: 0px;text-transform: none;text-decoration: none\">(acide hyaluronique r\u00e9ticul\u00e9),<\/span><span class=\"OYPEnA font-feature-liga-off font-feature-clig-off font-feature-calt-off text-decoration-none text-strikethrough-none\" style=\"font-style: normal;font-weight: 400;letter-spacing: normal;text-align: start;text-indent: 0px;text-transform: none;text-decoration: none\"><span class=\"Apple-converted-space\">&nbsp;<\/span><\/span><span class=\"OYPEnA font-feature-liga-off font-feature-clig-off font-feature-calt-off text-decoration-none text-strikethrough-none\" style=\"font-style: normal;letter-spacing: normal;text-align: start;text-indent: 0px;text-transform: none;text-decoration: none;font-weight: bold\"><strong>Hyaluronate de sodium polym\u00e8re crois\u00e9<\/strong><\/span><span class=\"OYPEnA font-feature-liga-off font-feature-clig-off font-feature-calt-off text-decoration-none text-strikethrough-none\" style=\"font-style: normal;font-weight: 400;letter-spacing: normal;text-align: start;text-indent: 0px;text-transform: none;text-decoration: none\"><span class=\"Apple-converted-space\">&nbsp;<\/span><\/span><span class=\"OYPEnA font-feature-liga-off font-feature-clig-off font-feature-calt-off text-decoration-none text-strikethrough-none\" style=\"font-style: normal;font-weight: 400;letter-spacing: normal;text-align: start;text-indent: 0px;text-transform: none;text-decoration: none\">(KH macromol\u00e9culaire),<\/span><span class=\"OYPEnA font-feature-liga-off font-feature-clig-off font-feature-calt-off text-decoration-none text-strikethrough-none\" style=\"font-style: normal;font-weight: 400;letter-spacing: normal;text-align: start;text-indent: 0px;text-transform: none;text-decoration: none\"><span class=\"Apple-converted-space\">&nbsp;<\/span><\/span><span class=\"OYPEnA font-feature-liga-off font-feature-clig-off font-feature-calt-off text-decoration-none text-strikethrough-none\" style=\"font-style: normal;letter-spacing: normal;text-align: start;text-indent: 0px;text-transform: none;text-decoration: none;font-weight: bold\"><strong>Panth\u00e9nol<\/strong><\/span><span class=\"OYPEnA font-feature-liga-off font-feature-clig-off font-feature-calt-off text-decoration-none text-strikethrough-none\" style=\"font-style: normal;font-weight: 400;letter-spacing: normal;text-align: start;text-indent: 0px;text-transform: none;text-decoration: none\"><span class=\"Apple-converted-space\">&nbsp;<\/span><\/span><span class=\"OYPEnA font-feature-liga-off font-feature-clig-off font-feature-calt-off text-decoration-none text-strikethrough-none\" style=\"font-style: normal;font-weight: 400;letter-spacing: normal;text-align: start;text-indent: 0px;text-transform: none;text-decoration: none\">(Provitamine B5) et extrait d&#8217;algues marines<\/span><span class=\"OYPEnA font-feature-liga-off font-feature-clig-off font-feature-calt-off text-decoration-none text-strikethrough-none\" style=\"font-style: normal;font-weight: 400;letter-spacing: normal;text-align: start;text-indent: 0px;text-transform: none;text-decoration: none\"><span class=\"Apple-converted-space\">&nbsp;<\/span><\/span><span class=\"OYPEnA font-feature-liga-off font-feature-clig-off font-feature-calt-off text-decoration-none text-strikethrough-none\" style=\"font-style: normal;letter-spacing: normal;text-align: start;text-indent: 0px;text-transform: none;text-decoration: none;font-weight: bold\"><strong>Extrait de Laminaria Hyperborea<\/strong><\/span><span class=\"OYPEnA font-feature-liga-off font-feature-clig-off font-feature-calt-off text-decoration-none text-strikethrough-none\" style=\"font-style: normal;letter-spacing: normal;text-align: start;text-indent: 0px;text-transform: none;text-decoration: none;font-weight: bold\"><strong><span class=\"Apple-converted-space\">&nbsp;<\/span><\/strong><\/span><span class=\"OYPEnA font-feature-liga-off font-feature-clig-off font-feature-calt-off text-decoration-none text-strikethrough-none\" style=\"font-style: normal;font-weight: 400;letter-spacing: normal;text-align: start;text-indent: 0px;text-transform: none;text-decoration: none\">(un exopolysaccharide marin), riche en min\u00e9raux et en nutriments. Elle aide \u00e0 hydrater et \u00e0 nourrir la peau et a \u00e9galement un effet protecteur. Les algues sont \u00e9galement connues pour leurs propri\u00e9t\u00e9s antioxydantes, qui prot\u00e8gent la peau des dommages caus\u00e9s par les radicaux libres.  <\/span><\/p>\n<p><strong>Mode d&#8217;emploi :<\/strong> appliquez sur la peau parfaitement nettoy\u00e9e du visage, du cou et du d\u00e9collet\u00e9. Le s\u00e9rum est absorb\u00e9 par la peau et n&#8217;a pas besoin d&#8217;\u00eatre lav\u00e9. Il peut \u00eatre utilis\u00e9 quotidiennement, matin et soir, dans le cadre de votre routine de soins.  <\/p>\n<p><strong>Contenu :<\/strong><\/p>\n<p>10 ampoules de 3ml<\/p>\n<p>&nbsp;<\/p>\n<p>INGR\u00c9DIENTS : AQUA, GLYC\u00c9RINE, PEG-7 GLYCERYL COCOATE, HYALURONATE DE SODIUM, HYALURONATE DE SODIUM CROSSPOLYMER, EXTRAIT DE LAMINARIA HYPERBOREA, SACCHARIDE ISOMERATE, PANTH\u00c9NOL, 1,2-HEXANEDIOL, CAPRYLYL GLYCOL, BUTYL\u00c8NE GLYCOL, ETHYLHEXYL, METHOXYCINNAMATE, BUTYL METHOXYDIBENZOYLMETHANE, ETHYLHEXYL SALICYLATE, PANTOLACTONE, POLYACRYLATE CROSSPOLYMER-6, CITRIC ACID, SODIUM CITRATE, PEG-40 HYDROGENATED CASTOR OIL, PPG-26-BUTETH-26, TRIETHANOLAMINE, T-BUTYL ALCOHOL,<br \/>\nBENZYL GLYCOL, RASPBERRY KETONE, PHENOXYETHANOL, ETHYLHEXYLGLYCERIN, PARFUM, ALPHA-ISOMETHYL IONONE, LIMONENE, GERANIOL, HEXYL CINNAMAL, LINALOOL, CI 42090<\/p>\n","protected":false},"excerpt":{"rendered":"<p>S\u00e9rum comblant et liftant en ampoules. Lisse efficacement les rides et restaure l&#8217;\u00e9lasticit\u00e9 de la peau. <\/p>\n","protected":false},"featured_media":1609,"comment_status":"closed","ping_status":"closed","template":"","meta":[],"product_cat":[220,221],"product_tag":[],"class_list":{"0":"post-1831","1":"product","2":"type-product","3":"status-publish","4":"has-post-thumbnail","6":"product_cat-levage","7":"product_cat-nano-aiguilles","9":"first","10":"instock","11":"shipping-taxable","12":"product-type-simple"},"jetpack_sharing_enabled":true,"_links":{"self":[{"href":"https:\/\/aurumaris.pro\/fr\/wp-json\/wp\/v2\/product\/1831","targetHints":{"allow":["GET"]}}],"collection":[{"href":"https:\/\/aurumaris.pro\/fr\/wp-json\/wp\/v2\/product"}],"about":[{"href":"https:\/\/aurumaris.pro\/fr\/wp-json\/wp\/v2\/types\/product"}],"replies":[{"embeddable":true,"href":"https:\/\/aurumaris.pro\/fr\/wp-json\/wp\/v2\/comments?post=1831"}],"wp:featuredmedia":[{"embeddable":true,"href":"https:\/\/aurumaris.pro\/fr\/wp-json\/wp\/v2\/media\/1609"}],"wp:attachment":[{"href":"https:\/\/aurumaris.pro\/fr\/wp-json\/wp\/v2\/media?parent=1831"}],"wp:term":[{"taxonomy":"product_cat","embeddable":true,"href":"https:\/\/aurumaris.pro\/fr\/wp-json\/wp\/v2\/product_cat?post=1831"},{"taxonomy":"product_tag","embeddable":true,"href":"https:\/\/aurumaris.pro\/fr\/wp-json\/wp\/v2\/product_tag?post=1831"}],"curies":[{"name":"wp","href":"https:\/\/api.w.org\/{rel}","templated":true}]}}