{"id":1830,"date":"2025-03-21T12:54:42","date_gmt":"2025-03-21T11:54:42","guid":{"rendered":"https:\/\/aurumaris.pro\/produkt\/tonique-de-guerison-des-neuropeptides\/"},"modified":"2026-02-17T19:11:20","modified_gmt":"2026-02-17T18:11:20","slug":"tonique-de-guerison-des-neuropeptides","status":"publish","type":"product","link":"https:\/\/aurumaris.pro\/fr\/produkt\/tonique-de-guerison-des-neuropeptides\/","title":{"rendered":"TONIQUE DE GU\u00c9RISON DES NEUROPEPTIDES"},"content":{"rendered":"<p>Aurumaris Professional Soothing Tonic est le produit id\u00e9al pour les peaux d\u00e9licates, hypersensibles et sujettes aux allergies et \u00e0 l&#8217;atopie. Il contient des ingr\u00e9dients uniques qui assurent une protection efficace et apaisent les irritations cutan\u00e9es. <\/p>\n<p>L&#8217;utilisation r\u00e9guli\u00e8re du tonique apaisant d&#8217;Aurumaris Professional peut contribuer \u00e0 am\u00e9liorer l&#8217;\u00e9tat des peaux d\u00e9licates et hypersensibles, en leur procurant une sensation de confort, d&#8217;hydratation et d&#8217;apaisement.<\/p>\n<p>Le principal ingr\u00e9dient actif de ce tonique est le neuropeptide, connu pour r\u00e9duire la sensibilit\u00e9 de la peau et augmenter le confort et la tol\u00e9rance aux irritants. La peau est ainsi moins sujette aux r\u00e9actions allergiques et \u00e0 l&#8217;atopie. <\/p>\n<p>En outre, des extraits naturels d&#8217;aloe vera, de lys blanc et de concombre, associ\u00e9s \u00e0 l&#8217;allanto\u00efne, procurent \u00e0 la peau une sensation d&#8217;hydratation, d&#8217;apaisement et de calme. Ces ingr\u00e9dients contribuent non seulement \u00e0 r\u00e9duire les irritations, mais aussi \u00e0 soutenir le processus de r\u00e9g\u00e9n\u00e9ration de la peau. <\/p>\n<p><strong>Utilisation :<\/strong> apr\u00e8s avoir nettoy\u00e9 la peau du visage, du cou et du d\u00e9collet\u00e9, appliquez le tonique \u00e0 l&#8217;aide d&#8217;un coton ou de la paume de la main, en \u00e9vitant le contour des yeux. Il peut \u00eatre utilis\u00e9 matin et soir dans le cadre de vos soins quotidiens. <\/p>\n<p><strong>Capacit\u00e9 :<\/strong><\/p>\n<p>200ml<\/p>\n<p>&nbsp;<\/p>\n<p>INGR\u00c9DIENTS : AQUA, GLYC\u00c9RINE, JUS DE FEUILLE D&#8217;ALOE BARBADENSIS<br \/>\n, SACCHARIDE ISOMERATE, ACETYL DIPEPTIDE-1 CETYL<br \/>\nESTER, EXTRAIT DE BULBE DE LILIUM CANDIDUM, EXTRAIT DE FRUIT DE CUCUMIS SATIVUS<br \/>\n, BIOTINE, PANTH\u00c9NOL, UR\u00c9E, PANTOLACTONE,<br \/>\nHYDROXY\u00c9THYLCELLULOSE, ALLANTO\u00cfNE, ACIDE CITRIQUE,<br \/>\nACIDE D\u00c9HYDROAC\u00c9TIQUE, POLYSORBATE 20, HYDROXYDE DE SODIUM,<br \/>\nBUTYL\u00c8NE GLYCOL, PHYTATE DE SODIUM, CITRATE DE SODIUM,<br \/>\nLAURETH-3, ALCOOL BENZYLIQUE, ALCOOL, POTASSIUM<br \/>\nSORBATE, BENZOATE DE SODIUM, PARFUM<\/p>\n","protected":false},"excerpt":{"rendered":"<p>Tonique pour les soins de la peau ayant pour fonction de r\u00e9duire la sensibilit\u00e9 et d&#8217;apaiser les irritations. Particuli\u00e8rement recommand\u00e9 pour les soins post-op\u00e9ratoires. <\/p>\n","protected":false},"featured_media":1589,"comment_status":"closed","ping_status":"closed","template":"","meta":[],"product_cat":[223,220,221,222,248],"product_tag":[],"class_list":{"0":"post-1830","1":"product","2":"type-product","3":"status-publish","4":"has-post-thumbnail","6":"product_cat-decoloration","7":"product_cat-levage","8":"product_cat-nano-aiguilles","9":"product_cat-renouvellement-de-lepiderme","10":"product_cat-soins","12":"first","13":"instock","14":"shipping-taxable","15":"product-type-simple"},"jetpack_sharing_enabled":true,"_links":{"self":[{"href":"https:\/\/aurumaris.pro\/fr\/wp-json\/wp\/v2\/product\/1830","targetHints":{"allow":["GET"]}}],"collection":[{"href":"https:\/\/aurumaris.pro\/fr\/wp-json\/wp\/v2\/product"}],"about":[{"href":"https:\/\/aurumaris.pro\/fr\/wp-json\/wp\/v2\/types\/product"}],"replies":[{"embeddable":true,"href":"https:\/\/aurumaris.pro\/fr\/wp-json\/wp\/v2\/comments?post=1830"}],"wp:featuredmedia":[{"embeddable":true,"href":"https:\/\/aurumaris.pro\/fr\/wp-json\/wp\/v2\/media\/1589"}],"wp:attachment":[{"href":"https:\/\/aurumaris.pro\/fr\/wp-json\/wp\/v2\/media?parent=1830"}],"wp:term":[{"taxonomy":"product_cat","embeddable":true,"href":"https:\/\/aurumaris.pro\/fr\/wp-json\/wp\/v2\/product_cat?post=1830"},{"taxonomy":"product_tag","embeddable":true,"href":"https:\/\/aurumaris.pro\/fr\/wp-json\/wp\/v2\/product_tag?post=1830"}],"curies":[{"name":"wp","href":"https:\/\/api.w.org\/{rel}","templated":true}]}}