{"id":1821,"date":"2025-03-21T12:54:42","date_gmt":"2025-03-21T11:54:42","guid":{"rendered":"https:\/\/aurumaris.pro\/produkt\/creme-de-jour-aux-neuropeptides\/"},"modified":"2026-02-17T19:11:25","modified_gmt":"2026-02-17T18:11:25","slug":"creme-de-jour-aux-neuropeptides","status":"publish","type":"product","link":"https:\/\/aurumaris.pro\/fr\/produkt\/creme-de-jour-aux-neuropeptides\/","title":{"rendered":"CR\u00c8ME DE JOUR AUX NEUROPEPTIDES"},"content":{"rendered":"<p>La cr\u00e8me de jour liftante d&#8217;Aurumaris Professional est la solution id\u00e9ale pour les peaux matures pr\u00e9sentant des rides visibles et une perte d&#8217;\u00e9lasticit\u00e9. Gr\u00e2ce \u00e0 sa teneur en peptides, la cr\u00e8me aide la peau \u00e0 retrouver sa fermet\u00e9 et son \u00e9lasticit\u00e9, en lissant efficacement les rides existantes et en pr\u00e9venant la formation de nouvelles rides. <\/p>\n<p>L&#8217;utilisation r\u00e9guli\u00e8re de la cr\u00e8me de jour liftante Aurumaris Professional peut contribuer \u00e0 am\u00e9liorer l&#8217;aspect de la peau, en lui apportant fermet\u00e9, \u00e9lasticit\u00e9 et douceur.<\/p>\n<p>La formule l\u00e9g\u00e8re de la cr\u00e8me signifie qu&#8217;elle p\u00e9n\u00e8tre rapidement, lissant instantan\u00e9ment la peau. En outre, la cr\u00e8me pr\u00e9pare parfaitement la peau \u00e0 l&#8217;application du maquillage, en cr\u00e9ant une base parfaite. <\/p>\n<p><strong>Mode d&#8217;emploi :<\/strong> appliquer sur le visage, le cou et le d\u00e9collet\u00e9 parfaitement nettoy\u00e9s. Il peut \u00eatre utilis\u00e9 tous les matins dans le cadre de votre routine de soin matinale. <\/p>\n<p><strong>Capacit\u00e9 :<\/strong><\/p>\n<p>50ml<\/p>\n<p>INGR\u00c9DIENTS : AQUA, CETEARYL ALCOHOL, ISONONYL ISONANOATE, SORBITAN STEARATE, C12-15 ALKYL<br \/>\nBENZOATE, COCO-CAPRYLATE, GLYCERIN, BUTYROSPERMUM PARKII BUTTER, DIPEPTIDE DIAMINOBUTYROYL<br \/>\nBENZYLAMIDE DIACETATE, PALMITOYL TRIPEPTIDE-1, PALMITOYL TETRAPEPTIDE-7, SOIE HYDROLYS\u00c9E, EXTRAIT DE FRUIT DE VITIS<br \/>\nVINIFERA, FARINE DE NOYAU D&#8217;AVENA SATIVA, AC\u00c9TATE DE TOCOPH\u00c9RYLE, BUTYL\u00c8NE GLYCOL, TALC,<br \/>\nSUCROSE COCOATE, DICETYL PHOSPHATE, CETETH-10 PHOSPHATE, ACIDE LACTIQUE, SORBITOL, CARBOM\u00c8RE,<br \/>\nACRYLATES\/C10-30 ALKYL ACRYLATE CROSSPOLYMER, POLYSORBATE 20, ACIDE CITRIQUE, LACTATE DE SODIUM,<br \/>\nDIHYDROXY METHYLCHROMONE, DISODIUM EDTA, TRIETHANOLAMINE, SODIUM BENZOATE, POTASSIUM<br \/>\nSORBATE, PHENOXYETHANOL, ETHYLHEXYLGLYCERIN, BHT, TOCOPHEROL, PARFUM, HYDROXYCITRONELLAL,<br \/>\nALPHA-ISOMETHYL IONONE, CITRONELLOL, LINALOOL, LIMONENE, CI 42090, CI 14700<\/p>\n","protected":false},"excerpt":{"rendered":"<p>Cr\u00e8me super-lifting aux peptides avec fonction de restauration de l&#8217;\u00e9lasticit\u00e9. Parfaite sous le maquillage. <\/p>\n","protected":false},"featured_media":1569,"comment_status":"closed","ping_status":"closed","template":"","meta":[],"product_cat":[220,222],"product_tag":[],"class_list":{"0":"post-1821","1":"product","2":"type-product","3":"status-publish","4":"has-post-thumbnail","6":"product_cat-levage","7":"product_cat-renouvellement-de-lepiderme","9":"first","10":"instock","11":"shipping-taxable","12":"product-type-simple"},"jetpack_sharing_enabled":true,"_links":{"self":[{"href":"https:\/\/aurumaris.pro\/fr\/wp-json\/wp\/v2\/product\/1821","targetHints":{"allow":["GET"]}}],"collection":[{"href":"https:\/\/aurumaris.pro\/fr\/wp-json\/wp\/v2\/product"}],"about":[{"href":"https:\/\/aurumaris.pro\/fr\/wp-json\/wp\/v2\/types\/product"}],"replies":[{"embeddable":true,"href":"https:\/\/aurumaris.pro\/fr\/wp-json\/wp\/v2\/comments?post=1821"}],"wp:featuredmedia":[{"embeddable":true,"href":"https:\/\/aurumaris.pro\/fr\/wp-json\/wp\/v2\/media\/1569"}],"wp:attachment":[{"href":"https:\/\/aurumaris.pro\/fr\/wp-json\/wp\/v2\/media?parent=1821"}],"wp:term":[{"taxonomy":"product_cat","embeddable":true,"href":"https:\/\/aurumaris.pro\/fr\/wp-json\/wp\/v2\/product_cat?post=1821"},{"taxonomy":"product_tag","embeddable":true,"href":"https:\/\/aurumaris.pro\/fr\/wp-json\/wp\/v2\/product_tag?post=1821"}],"curies":[{"name":"wp","href":"https:\/\/api.w.org\/{rel}","templated":true}]}}