{"id":1820,"date":"2025-03-21T12:54:42","date_gmt":"2025-03-21T11:54:42","guid":{"rendered":"https:\/\/aurumaris.pro\/produkt\/masque-de-comblement-de-la-peau-5d\/"},"modified":"2025-08-25T14:49:46","modified_gmt":"2025-08-25T12:49:46","slug":"masque-de-comblement-de-la-peau-5d","status":"publish","type":"product","link":"https:\/\/aurumaris.pro\/fr\/produkt\/masque-de-comblement-de-la-peau-5d\/","title":{"rendered":"MASQUE DE COMBLEMENT DE LA PEAU 5D"},"content":{"rendered":"<p class=\"cvGsUA direction-ltr align-justify para-style-body\"><span class=\"OYPEnA font-feature-liga-off font-feature-clig-off font-feature-calt-off text-decoration-none text-strikethrough-none\" style=\"font-weight: 400;font-style: normal\">Ce masque hydratant intensif est con\u00e7u pour am\u00e9liorer la fermet\u00e9 et l&#8217;\u00e9lasticit\u00e9 de la peau, la r\u00e9g\u00e9n\u00e9rer et la prot\u00e9ger.<\/span><\/p>\n<p class=\"cvGsUA direction-ltr align-justify para-style-body\"><span class=\"OYPEnA font-feature-liga-off font-feature-clig-off font-feature-calt-off text-decoration-none text-strikethrough-none\" style=\"font-weight: 400;font-style: normal\">Sa formule associe des ingr\u00e9dients naturels tels que le beurre de karit\u00e9, qui nourrit intens\u00e9ment et redonne de la douceur, la glyc\u00e9rine et l&#8217;acide hyaluronique, qui fixent l&#8217;eau dans la peau et assurent une hydratation durable, ainsi que les vitamines C et E, qui ont un effet ANTIOXYDANT et prot\u00e8gent contre les influences ext\u00e9rieures n\u00e9fastes.<\/span><\/p>\n<p class=\"cvGsUA direction-ltr align-justify para-style-body\"><span class=\"OYPEnA font-feature-liga-off font-feature-clig-off font-feature-calt-off text-decoration-none text-strikethrough-none\" style=\"font-weight: 400;font-style: normal\">Les ingr\u00e9dients contenus dans le masque, tels que le panth\u00e9nol et l&#8217;ur\u00e9e, apaisent les irritations, renforcent la barri\u00e8re hydrolipidique et favorisent les processus de r\u00e9g\u00e9n\u00e9ration.<\/span><\/p>\n<p class=\"cvGsUA direction-ltr align-justify para-style-body\"><span class=\"OYPEnA font-feature-liga-off font-feature-clig-off font-feature-calt-off text-decoration-none text-strikethrough-none\" style=\"font-weight: 400;font-style: normal\">Gr\u00e2ce \u00e0 sa texture \u00e0 la fois l\u00e9g\u00e8re et riche, le masque est rapidement absorb\u00e9, laissant la peau lisse, souple et \u00e9clatante. Id\u00e9al pour tous les types de peau, en particulier les peaux s\u00e8ches qui ont besoin d&#8217;\u00eatre nourries et les peaux matures. <\/span><\/p>\n<p>L&#8217;utilisation r\u00e9guli\u00e8re du masque cr\u00e8me \u00e0 l&#8217;acide hyaluronique d&#8217;Aurumaris Professional peut \u00eatre b\u00e9n\u00e9fique pour la peau \u00e0 bien des \u00e9gards, notamment une hydratation intense, une meilleure \u00e9lasticit\u00e9 et une r\u00e9duction de l&#8217;apparence des rides. La peau devient plus ferme, plus \u00e9clatante et plus fra\u00eeche. <\/p>\n<p><strong>Mode d&#8217;emploi :<\/strong> appliquez une couche uniforme sur la peau nettoy\u00e9e du visage, du cou et du d\u00e9collet\u00e9. Laissez agir pendant environ 20 minutes, puis rincez l&#8217;exc\u00e8s de produit \u00e0 l&#8217;eau. <\/p>\n<p><strong>Capacit\u00e9 :<\/strong><\/p>\n<p>200ml<\/p>\n<p>&nbsp;<\/p>\n<p>INGR\u00c9DIENTS : AQUA, SORBITAN STEARATE, CETEARYL ALCOHOL, ISONONYL ISONONANOATE,<br \/>\nPROPANEDIOL, BUTYROSPERMUM PARKII BUTTER, COCO-CAPRYLATE, GLYCERIN, SODIUM<br \/>\nHYALURONATE, HYALURONATE DE SODIUM CROSSPOLYMER, ASCORBYL PALMITATE, ACIDE ASCORBIQUE<br \/>\n, SACCHARIDE ISOMERATE, PANTH\u00c9NOL, UR\u00c9E, CITRATE DE SODIUM, CAPRYLYL GLYCOL,<br \/>\nPANTOLACTONE, POLYACRYLATE DE SODIUM, ACRYLATES\/C10-30 ALKYL ACRYLATE CROSSPOLYMER,<br \/>\nTALC, CETETH-10 PHOSPHATE, DICETYL PHOSPHATE, SUCROSE COCOATE, MANNITOL, HEXYL<br \/>\nCINNAMAL, 1,2-HEXANEDIOL, BENZYL GLYCOL, CELLULOSE MICROCRISTALLINE, PEG-8,<br \/>\nACIDE CITRIQUE, TRI\u00c9THANOLAMINE, TOCOPH\u00c9ROL, BHT, PH\u00c9NOXY\u00c9THANOL, ACIDE BENZO\u00cfQUE,<br \/>\nACIDE D\u00c9HYDROAC\u00c9TIQUE, \u00c9THYLHEXYLGLYC\u00c9RINE, PARFUM, LINALOOL, C\u00c9TONE DE FRAMBOISE, CI 77007<\/p>\n","protected":false},"excerpt":{"rendered":"<p>Masque comblant et raffermissant aux fonctions lissantes et super-hydratantes.<\/p>\n","protected":false},"featured_media":1599,"comment_status":"closed","ping_status":"closed","template":"","meta":[],"product_cat":[220,221],"product_tag":[],"class_list":{"0":"post-1820","1":"product","2":"type-product","3":"status-publish","4":"has-post-thumbnail","6":"product_cat-levage","7":"product_cat-nano-aiguilles","9":"first","10":"instock","11":"shipping-taxable","12":"product-type-simple"},"jetpack_sharing_enabled":true,"_links":{"self":[{"href":"https:\/\/aurumaris.pro\/fr\/wp-json\/wp\/v2\/product\/1820","targetHints":{"allow":["GET"]}}],"collection":[{"href":"https:\/\/aurumaris.pro\/fr\/wp-json\/wp\/v2\/product"}],"about":[{"href":"https:\/\/aurumaris.pro\/fr\/wp-json\/wp\/v2\/types\/product"}],"replies":[{"embeddable":true,"href":"https:\/\/aurumaris.pro\/fr\/wp-json\/wp\/v2\/comments?post=1820"}],"wp:featuredmedia":[{"embeddable":true,"href":"https:\/\/aurumaris.pro\/fr\/wp-json\/wp\/v2\/media\/1599"}],"wp:attachment":[{"href":"https:\/\/aurumaris.pro\/fr\/wp-json\/wp\/v2\/media?parent=1820"}],"wp:term":[{"taxonomy":"product_cat","embeddable":true,"href":"https:\/\/aurumaris.pro\/fr\/wp-json\/wp\/v2\/product_cat?post=1820"},{"taxonomy":"product_tag","embeddable":true,"href":"https:\/\/aurumaris.pro\/fr\/wp-json\/wp\/v2\/product_tag?post=1820"}],"curies":[{"name":"wp","href":"https:\/\/api.w.org\/{rel}","templated":true}]}}