{"id":1811,"date":"2025-03-21T12:54:42","date_gmt":"2025-03-21T11:54:42","guid":{"rendered":"https:\/\/aurumaris.pro\/produkt\/stimulant-peptidique-pour-la-peau\/"},"modified":"2025-08-25T14:52:48","modified_gmt":"2025-08-25T12:52:48","slug":"stimulant-peptidique-pour-la-peau","status":"publish","type":"product","link":"https:\/\/aurumaris.pro\/fr\/produkt\/stimulant-peptidique-pour-la-peau\/","title":{"rendered":"STIMULANT PEPTIDIQUE POUR LA PEAU"},"content":{"rendered":"<p>Aurumaris Professional Peptide Serum est sp\u00e9cialement formul\u00e9 pour les peaux matures qui ont besoin d&#8217;un lifting et d&#8217;une alimentation intensive. Il agit intensivement pour lisser les rides, resserrer la peau et am\u00e9liorer sa fermet\u00e9 et son \u00e9lasticit\u00e9. <\/p>\n<p>L&#8217;utilisation r\u00e9guli\u00e8re du s\u00e9rum peptidique d&#8217;Aurumaris Professional peut apporter une foule de bienfaits \u00e0 la peau, notamment une hydratation intense, une alimentation et un rajeunissement complet. Soutient la restauration de BHL.<\/p>\n<p>L&#8217;ingr\u00e9dient cl\u00e9 de ce s\u00e9rum est un complexe peptidique qui stimule la production de collag\u00e8ne, de fibronectine et d&#8217;acide hyaluronique dans la peau. Ces substances sont essentielles \u00e0 la r\u00e9g\u00e9n\u00e9ration de la structure de la peau et contribuent \u00e0 la rajeunir et \u00e0 la raffermir. <\/p>\n<p><strong>Mode d&#8217;emploi :<\/strong> appliquez-le sur la peau bien nettoy\u00e9e du visage, du cou et du d\u00e9collet\u00e9 pendant les massages ou les traitements \u00e0 la cam\u00e9ra. Le s\u00e9rum n&#8217;a pas besoin d&#8217;\u00eatre rinc\u00e9, ce qui permet \u00e0 ses ingr\u00e9dients d&#8217;\u00eatre efficacement absorb\u00e9s par la peau. Avant l&#8217;utilisation, il est recommand\u00e9 d&#8217;agiter l&#8217;emballage afin de r\u00e9partir uniform\u00e9ment les ingr\u00e9dients qu&#8217;il contient.  <\/p>\n<p><strong>Capacit\u00e9 :<\/strong><\/p>\n<p>10 ampoules de 3ml<\/p>\n<p>&nbsp;<\/p>\n<p>INGR\u00c9DIENTS : AQUA, GLYC\u00c9RINE, PEG-7 GLYCERYL COCOATE, EXTRAIT DE CAVIAR, PALMITOYL TRIPEPTIDE-1, PALMITOYL TETRAPEPTIDE-7, GOMME XANTHANE, ACIDE CITRIQUE, CARBOM\u00c8RE, POLYSORBATE 20, LACTATE DE SODIUM, BUTYL\u00c8NE GLYCOL, BENZOATE DE SODIUM, TRI\u00c9THANOLAMINE, SORBATE DE POTASSIUM, PH\u00c9NOXY\u00c9THANOL, CAPRYLYL GLYCOL, PARFUM, BENZYL SALICYLATE, LINALOOL, ALPHA-ISOMETHYL IONONE, GERANIOL, HEXYL CINNAMAL<\/p>\n","protected":false},"excerpt":{"rendered":"<p>S\u00e9rum anti-rides en ampoule avec fonction de reconstruction de la matrice de la peau mature et BHL.<span style=\"font-weight: 400\">Stimule la production de collag\u00e8ne, de fibronectine et d&#8217;acide hyaluronique.<\/span> <\/p>\n","protected":false},"featured_media":1574,"comment_status":"closed","ping_status":"closed","template":"","meta":[],"product_cat":[220,222,248],"product_tag":[],"class_list":{"0":"post-1811","1":"product","2":"type-product","3":"status-publish","4":"has-post-thumbnail","6":"product_cat-levage","7":"product_cat-renouvellement-de-lepiderme","8":"product_cat-soins","10":"first","11":"instock","12":"shipping-taxable","13":"product-type-simple"},"jetpack_sharing_enabled":true,"_links":{"self":[{"href":"https:\/\/aurumaris.pro\/fr\/wp-json\/wp\/v2\/product\/1811","targetHints":{"allow":["GET"]}}],"collection":[{"href":"https:\/\/aurumaris.pro\/fr\/wp-json\/wp\/v2\/product"}],"about":[{"href":"https:\/\/aurumaris.pro\/fr\/wp-json\/wp\/v2\/types\/product"}],"replies":[{"embeddable":true,"href":"https:\/\/aurumaris.pro\/fr\/wp-json\/wp\/v2\/comments?post=1811"}],"wp:featuredmedia":[{"embeddable":true,"href":"https:\/\/aurumaris.pro\/fr\/wp-json\/wp\/v2\/media\/1574"}],"wp:attachment":[{"href":"https:\/\/aurumaris.pro\/fr\/wp-json\/wp\/v2\/media?parent=1811"}],"wp:term":[{"taxonomy":"product_cat","embeddable":true,"href":"https:\/\/aurumaris.pro\/fr\/wp-json\/wp\/v2\/product_cat?post=1811"},{"taxonomy":"product_tag","embeddable":true,"href":"https:\/\/aurumaris.pro\/fr\/wp-json\/wp\/v2\/product_tag?post=1811"}],"curies":[{"name":"wp","href":"https:\/\/api.w.org\/{rel}","templated":true}]}}