{"id":1810,"date":"2025-03-21T12:54:42","date_gmt":"2025-03-21T11:54:42","guid":{"rendered":"https:\/\/aurumaris.pro\/produkt\/peeling-de-la-peau-a-base-de-cellules-souches\/"},"modified":"2025-12-14T21:24:46","modified_gmt":"2025-12-14T20:24:46","slug":"peeling-de-la-peau-a-base-de-cellules-souches","status":"publish","type":"product","link":"https:\/\/aurumaris.pro\/fr\/produkt\/peeling-de-la-peau-a-base-de-cellules-souches\/","title":{"rendered":"PEELING DE LA PEAU \u00c0 BASE DE CELLULES SOUCHES"},"content":{"rendered":"<p>STEM CELL SKIN PEELING est un produit \u00e0 action biphas\u00e9e qui constitue la solution id\u00e9ale pour tous ceux qui recherchent un moyen efficace de nettoyer et de lisser la peau, quel que soit son type. Gr\u00e2ce \u00e0 l&#8217;utilisation de deux m\u00e9canismes d&#8217;action diff\u00e9rents &#8211; enzymatique (gr\u00e2ce \u00e0 la papa\u00efne) et m\u00e9canique (gr\u00e2ce aux particules de bambou), le peeling \u00e9limine efficacement l&#8217;\u00e9piderme k\u00e9ratinis\u00e9, d\u00e9sobstrue les pores et laisse la peau lisse et \u00e9clatante. <\/p>\n<p>Gr\u00e2ce \u00e0 l&#8217;utilisation r\u00e9guli\u00e8re de ce gommage, la peau appara\u00eet plus saine, plus \u00e9clatante et de texture uniforme, ce qui en fait la base parfaite pour d&#8217;autres soins.<\/p>\n<p class=\"cvGsUA direction-ltr align-justify para-style-body\"><span class=\"OYPEnA font-feature-liga-off font-feature-clig-off font-feature-calt-off text-decoration-none text-strikethrough-none\" style=\"font-weight: 400;font-style: normal\">Quels sont les probl\u00e8mes r\u00e9solus ?<\/span><\/p>\n<p class=\"cvGsUA direction-ltr align-justify para-style-body\"><span class=\"OYPEnA font-feature-liga-off font-feature-clig-off font-feature-calt-off text-decoration-none text-strikethrough-none\" style=\"font-weight: 400;font-style: normal\">&#8211;<\/span><span class=\"OYPEnA font-feature-liga-off font-feature-clig-off font-feature-calt-off text-decoration-none text-strikethrough-none\" style=\"font-weight: 400;font-style: normal\"><span class=\"Apple-converted-space\"> <\/span><\/span><span class=\"OYPEnA font-feature-liga-off font-feature-clig-off font-feature-calt-off text-decoration-none text-strikethrough-none\" style=\"font-weight: bold;font-style: normal\"><strong>Exfoliation des cellules mortes de la peau :<\/strong><\/span><span class=\"OYPEnA font-feature-liga-off font-feature-clig-off font-feature-calt-off text-decoration-none text-strikethrough-none\" style=\"font-weight: 400;font-style: normal\"><span class=\"Apple-converted-space\"> <\/span><\/span><span class=\"OYPEnA font-feature-liga-off font-feature-clig-off font-feature-calt-off text-decoration-none text-strikethrough-none\" style=\"font-weight: 400;font-style: normal\">Gr\u00e2ce \u00e0 la poudre de bambou et \u00e0 l&#8217;enzyme de papa\u00efne, le gommage \u00e9limine efficacement les cellules mortes, lissant la peau et am\u00e9liorant sa texture.<\/span><\/p>\n<p class=\"cvGsUA direction-ltr align-justify para-style-body\"><span class=\"OYPEnA font-feature-liga-off font-feature-clig-off font-feature-calt-off text-decoration-none text-strikethrough-none\" style=\"font-weight: 400;font-style: normal\">&#8211;<\/span><span class=\"OYPEnA font-feature-liga-off font-feature-clig-off font-feature-calt-off text-decoration-none text-strikethrough-none\" style=\"font-weight: 400;font-style: normal\"><span class=\"Apple-converted-space\"> <\/span><\/span><span class=\"OYPEnA font-feature-liga-off font-feature-clig-off font-feature-calt-off text-decoration-none text-strikethrough-none\" style=\"font-weight: bold;font-style: normal\"><strong>Illuminer et rajeunir<\/strong><\/span><span class=\"OYPEnA font-feature-liga-off font-feature-clig-off font-feature-calt-off text-decoration-none text-strikethrough-none\" style=\"font-weight: 400;font-style: normal\">: Le caviar et l&#8217;extrait de ginseng revitalisent la peau pour une apparence saine et radieuse.<\/span><\/p>\n<p class=\"cvGsUA direction-ltr align-justify para-style-body\"><span class=\"OYPEnA font-feature-liga-off font-feature-clig-off font-feature-calt-off text-decoration-none text-strikethrough-none\" style=\"font-weight: 400;font-style: normal\">&#8211;<\/span><span class=\"OYPEnA font-feature-liga-off font-feature-clig-off font-feature-calt-off text-decoration-none text-strikethrough-none\" style=\"font-weight: 400;font-style: normal\"><span class=\"Apple-converted-space\"> <\/span><\/span><span class=\"OYPEnA font-feature-liga-off font-feature-clig-off font-feature-calt-off text-decoration-none text-strikethrough-none\" style=\"font-weight: bold;font-style: normal\"><strong>Am\u00e9lioration de la couleur et lissage<\/strong><\/span><span class=\"OYPEnA font-feature-liga-off font-feature-clig-off font-feature-calt-off text-decoration-none text-strikethrough-none\" style=\"font-weight: 400;font-style: normal\">Le peeling : Gr\u00e2ce \u00e0 des ingr\u00e9dients tels que l&#8217;acide citrique, le peeling aide \u00e0 unifier le teint et \u00e0 lisser la peau.<\/span><\/p>\n<p class=\"cvGsUA direction-ltr align-justify para-style-body\">La vitamine E, quant \u00e0 elle, neutralise les radicaux libres, qui sont la principale cause du processus de vieillissement de la peau, contribuant ainsi \u00e0 retarder l&#8217;apparition des rides et \u00e0 pr\u00e9server la jeunesse de la peau.<\/p>\n<p><strong>Mode d&#8217;emploi :<\/strong> appliquez d\u00e9licatement le gommage sur la peau nettoy\u00e9e du visage, du cou et du d\u00e9collet\u00e9 pendant 10 minutes, puis mouillez vos mains et massez d\u00e9licatement. Apr\u00e8s le massage, lavez soigneusement le produit, laissant la peau propre et rafra\u00eechie. <\/p>\n<p><strong>Capacit\u00e9 : <\/strong>200ml<\/p>\n<p>&nbsp;<\/p>\n<p>INGR\u00c9DIENTS : AQUA, GLYC\u00c9RINE, POUDRE DE TIGE DE BAMBUSA ARUNDINACEA, PEG-40<br \/>\nHUILE DE RICIN HYDROG\u00c9N\u00c9E, EXTRAIT DE CAVIAR, PAPA\u00cfNE, EXTRAIT DE RACINE DE PANAX GINSENG,<br \/>\nPROT\u00c9INE DE LEVURE HYDROLYS\u00c9E, PROT\u00c9INES DE SOJA HYDROLYS\u00c9ES, AC\u00c9TATE DE TOCOPH\u00c9RYLE, M\u00c9THOXYCINNAMATE D&#8217;\u00c9THYLHEXYLE<br \/>\n, M\u00c9THOXYDIBENZOYLM\u00c9THANE DE BUTYLE, SALICYLATE D&#8217;\u00c9THYLHEXYLE,<br \/>\nACRYLATES\/C10-30 ALKYL ACRYLATE CROSSPOLYMER, CARBOM\u00c8RE DE SODIUM,<br \/>\nCHLORURE DE SODIUM, LACTOSE, CELLULOSE MICROCRISTALLINE, PPG-26-BUTETH-26, ACIDE CITRIQUE<br \/>\n, PHYTATE DE SODIUM, ALCOOL, TRI\u00c9THANOLAMINE, SORBATE DE POTASSIUM, SODIUM<br \/>\nBENZOATE, PH\u00c9NOXY\u00c9THANOL, \u00c9THYLHEXYLGLYC\u00c9RINE, PARFUM, SALICYLATE DE BENZYLE,<br \/>\nLINALOOL, CI 14700, CI 77007, CI 73360, CI 77891<\/p>\n","protected":false},"excerpt":{"rendered":"<p>Peeling physique-enzymatique puissamment r\u00e9novateur avec un complexe de peptides et de vitamines.<\/p>\n","protected":false},"featured_media":1594,"comment_status":"closed","ping_status":"closed","template":"","meta":[],"product_cat":[223,222],"product_tag":[],"class_list":{"0":"post-1810","1":"product","2":"type-product","3":"status-publish","4":"has-post-thumbnail","6":"product_cat-decoloration","7":"product_cat-renouvellement-de-lepiderme","9":"first","10":"instock","11":"sale","12":"shipping-taxable","13":"product-type-simple"},"jetpack_sharing_enabled":true,"_links":{"self":[{"href":"https:\/\/aurumaris.pro\/fr\/wp-json\/wp\/v2\/product\/1810","targetHints":{"allow":["GET"]}}],"collection":[{"href":"https:\/\/aurumaris.pro\/fr\/wp-json\/wp\/v2\/product"}],"about":[{"href":"https:\/\/aurumaris.pro\/fr\/wp-json\/wp\/v2\/types\/product"}],"replies":[{"embeddable":true,"href":"https:\/\/aurumaris.pro\/fr\/wp-json\/wp\/v2\/comments?post=1810"}],"wp:featuredmedia":[{"embeddable":true,"href":"https:\/\/aurumaris.pro\/fr\/wp-json\/wp\/v2\/media\/1594"}],"wp:attachment":[{"href":"https:\/\/aurumaris.pro\/fr\/wp-json\/wp\/v2\/media?parent=1810"}],"wp:term":[{"taxonomy":"product_cat","embeddable":true,"href":"https:\/\/aurumaris.pro\/fr\/wp-json\/wp\/v2\/product_cat?post=1810"},{"taxonomy":"product_tag","embeddable":true,"href":"https:\/\/aurumaris.pro\/fr\/wp-json\/wp\/v2\/product_tag?post=1810"}],"curies":[{"name":"wp","href":"https:\/\/api.w.org\/{rel}","templated":true}]}}