{"id":1792,"date":"2025-03-21T12:54:13","date_gmt":"2025-03-21T11:54:13","guid":{"rendered":"https:\/\/aurumaris.pro\/a-propos-de-la-marque\/"},"modified":"2025-03-21T14:09:38","modified_gmt":"2025-03-21T13:09:38","slug":"a-propos-de-la-marque","status":"publish","type":"page","link":"https:\/\/aurumaris.pro\/fr\/a-propos-de-la-marque\/","title":{"rendered":"\u00c0 propos de la marque"},"content":{"rendered":"\t\t<div data-elementor-type=\"wp-page\" data-elementor-id=\"1792\" class=\"elementor elementor-1792 elementor-107\" data-elementor-post-type=\"page\">\n\t\t\t\t<div class=\"elementor-element elementor-element-3793ef4c e-flex e-con-boxed e-con e-parent\" data-id=\"3793ef4c\" data-element_type=\"container\">\n\t\t\t\t\t<div class=\"e-con-inner\">\n\t\t<div class=\"elementor-element elementor-element-4233e538 e-con-full e-flex e-con e-child\" data-id=\"4233e538\" data-element_type=\"container\">\n\t\t\t\t<div class=\"elementor-element elementor-element-2d4c25a1 elementor-widget elementor-widget-heading\" data-id=\"2d4c25a1\" data-element_type=\"widget\" data-widget_type=\"heading.default\">\n\t\t\t\t<div class=\"elementor-widget-container\">\n\t\t\t\t\t<span class=\"elementor-heading-title elementor-size-default\">LA PLUS GRANDE EFFICACIT\u00c9<\/span>\t\t\t\t<\/div>\n\t\t\t\t<\/div>\n\t\t\t\t<div class=\"elementor-element elementor-element-6fd887c4 elementor-widget elementor-widget-text-editor\" data-id=\"6fd887c4\" data-element_type=\"widget\" data-widget_type=\"text-editor.default\">\n\t\t\t\t<div class=\"elementor-widget-container\">\n\t\t\t\t\t\t\t\t\t<p>La marque Aurumaris\u00ae a \u00e9t\u00e9 fond\u00e9e sur une philosophie d&#8217;efficacit\u00e9 maximale des produits propos\u00e9s. Des produits con\u00e7us pour r\u00e9soudre les probl\u00e8mes quotidiens des peaux matures et des peaux n\u00e9cessitant une attention constante. <\/p><p>En d\u00e9veloppant le traitement r\u00e9volutionnaire des Nano-Needles\u00ae, nous avons r\u00e9ussi \u00e0 vous fournir un moyen d&#8217;une efficacit\u00e9 sans pr\u00e9c\u00e9dent pour redonner de l&#8217;\u00e9clat \u00e0 la peau fatigu\u00e9e par l&#8217;\u00e2ge ou \u00e0 la peau \u00e0 probl\u00e8mes du visage et du corps.<\/p><p>Les produits de soins compl\u00e9mentaires, cr\u00e8mes, ampoules ou cr\u00e8mes th\u00e9rapeutiques d\u00e9di\u00e9s \u00e0 l&#8217;\u00e9limination des vergetures et de l&#8217;hyperpigmentation sont des solutions de qualit\u00e9 professionnelle pour un maximum d&#8217;efficacit\u00e9, de satisfaction et pour construire une relation ininterrompue avec la marque Aurumaris\u00ae et nos partenaires produits.<\/p>\t\t\t\t\t\t\t\t<\/div>\n\t\t\t\t<\/div>\n\t\t\t\t<\/div>\n\t\t<div class=\"elementor-element elementor-element-2eb5a8d2 e-con-full e-flex e-con e-child\" data-id=\"2eb5a8d2\" data-element_type=\"container\" data-settings=\"{&quot;background_background&quot;:&quot;classic&quot;}\">\n\t\t\t\t<div class=\"elementor-element elementor-element-490c0897 elementor-widget elementor-widget-heading\" data-id=\"490c0897\" data-element_type=\"widget\" data-widget_type=\"heading.default\">\n\t\t\t\t<div class=\"elementor-widget-container\">\n\t\t\t\t\t<span class=\"elementor-heading-title elementor-size-default\">AURACIDUM HA<\/span>\t\t\t\t<\/div>\n\t\t\t\t<\/div>\n\t\t\t\t<\/div>\n\t\t\t\t\t<\/div>\n\t\t\t\t<\/div>\n\t\t<div class=\"elementor-element elementor-element-24ba1a08 e-flex e-con-boxed e-con e-parent\" data-id=\"24ba1a08\" data-element_type=\"container\">\n\t\t\t\t\t<div class=\"e-con-inner\">\n\t\t<div class=\"elementor-element elementor-element-5b976ac8 e-con-full e-flex e-con e-child\" data-id=\"5b976ac8\" data-element_type=\"container\">\n\t\t\t\t<div class=\"elementor-element elementor-element-4ceac5d0 elementor-widget elementor-widget-heading\" data-id=\"4ceac5d0\" data-element_type=\"widget\" data-widget_type=\"heading.default\">\n\t\t\t\t<div class=\"elementor-widget-container\">\n\t\t\t\t\t<span class=\"elementor-heading-title elementor-size-default\">DEVENEZ PARTENAIRE<\/span>\t\t\t\t<\/div>\n\t\t\t\t<\/div>\n\t\t\t\t<div class=\"elementor-element elementor-element-22a51089 elementor-widget elementor-widget-text-editor\" data-id=\"22a51089\" data-element_type=\"widget\" data-widget_type=\"text-editor.default\">\n\t\t\t\t<div class=\"elementor-widget-container\">\n\t\t\t\t\t\t\t\t\t<p>Nous avons pr\u00e9par\u00e9 une strat\u00e9gie unique pour mettre en \u0153uvre les produits uniques Aurumaris\u00ae dans vos salons, vos cabinets ou vos plateformes de vente en ligne et hors ligne.<\/p>\n<p>Nous sommes fiers de disposer du mod\u00e8le de soutien marketing le plus complet, le plus efficace et le plus moderne, garantissant un afflux de nouveaux clients pour votre entreprise.<\/p>\n<p>En proposant des traitements Nano-Needles\u00ae et des produits compl\u00e9mentaires Aurumaris\u00ae, vous renforcerez le lien avec vos clients actuels et en attirerez de nouveaux, enthousiasm\u00e9s par l&#8217;attractivit\u00e9 et l&#8217;efficacit\u00e9 des services propos\u00e9s \u00e0 base de produits Aurumaris\u00ae.<\/p>\t\t\t\t\t\t\t\t<\/div>\n\t\t\t\t<\/div>\n\t\t\t\t<div class=\"elementor-element elementor-element-7b98cca1 elementor-align-center elementor-widget elementor-widget-button\" data-id=\"7b98cca1\" data-element_type=\"widget\" data-widget_type=\"button.default\">\n\t\t\t\t<div class=\"elementor-widget-container\">\n\t\t\t\t\t\t\t\t\t<div class=\"elementor-button-wrapper\">\n\t\t\t\t\t<a class=\"elementor-button elementor-size-sm\" role=\"button\">\n\t\t\t\t\t\t<span class=\"elementor-button-content-wrapper\">\n\t\t\t\t\t\t\t\t\t<span class=\"elementor-button-text\">DEMANDER UNE OFFRE<\/span>\n\t\t\t\t\t<\/span>\n\t\t\t\t\t<\/a>\n\t\t\t\t<\/div>\n\t\t\t\t\t\t\t\t<\/div>\n\t\t\t\t<\/div>\n\t\t\t\t<\/div>\n\t\t<div class=\"elementor-element elementor-element-6595db69 e-con-full e-flex e-con e-child\" data-id=\"6595db69\" data-element_type=\"container\" data-settings=\"{&quot;background_background&quot;:&quot;classic&quot;}\">\n\t\t<div class=\"elementor-element elementor-element-68880077 e-con-full e-flex e-con e-child\" data-id=\"68880077\" data-element_type=\"container\" data-settings=\"{&quot;background_background&quot;:&quot;slideshow&quot;,&quot;background_slideshow_gallery&quot;:[{&quot;id&quot;:&quot;37&quot;,&quot;url&quot;:&quot;https:\\\/\\\/aurumaris.pro\\\/wp-content\\\/uploads\\\/2025\\\/03\\\/auracidum-ha-model-2-600x900-1.jpeg&quot;}],&quot;background_slideshow_slide_duration&quot;:3000,&quot;background_slideshow_ken_burns&quot;:&quot;yes&quot;,&quot;background_slideshow_loop&quot;:&quot;yes&quot;,&quot;background_slideshow_slide_transition&quot;:&quot;fade&quot;,&quot;background_slideshow_transition_duration&quot;:500,&quot;background_slideshow_ken_burns_zoom_direction&quot;:&quot;in&quot;}\">\n\t\t\t\t<\/div>\n\t\t\t\t<\/div>\n\t\t\t\t\t<\/div>\n\t\t\t\t<\/div>\n\t\t<div class=\"elementor-element elementor-element-51c3960 e-flex e-con-boxed e-con e-parent\" data-id=\"51c3960\" data-element_type=\"container\">\n\t\t\t\t\t<div class=\"e-con-inner\">\n\t\t\t\t<div class=\"elementor-element elementor-element-752ac702 elementor-widget elementor-widget-ideapark-icon-list-1\" data-id=\"752ac702\" data-element_type=\"widget\" data-widget_type=\"ideapark-icon-list-1.default\">\n\t\t\t\t<div class=\"elementor-widget-container\">\n\t\t\t\t\t\t\t<div class=\"c-ip-icon-list-1 l-section\">\n\t\t\t<ul class=\"c-ip-icon-list-1__list c-ip-icon-list-1__list--layout-2\">\n\t\t\t\t\t\t\t\t\t\t\t\t\t\t<li class=\"c-ip-icon-list-1__item c-ip-icon-list-1__item--layout-2\">\n\t\t\t\t\t\t\t\t\t\t\t\t<div\n\t\t\t\t\t\t\tclass=\"c-ip-icon-list-1__item-wrap c-ip-icon-list-1__item-wrap--layout-2\">\n\t\t\t\t\t\t\t\t\t\t\t\t\t\t\t<i aria-hidden=\"true\" class=\"c-ip-icon-list-1__icon fibd21- fi-bd21-support\"><\/i>\t\t\t\t\t\t\t\n\t\t\t\t\t\t\t\t\t\t\t\t\t\t\t<div class=\"c-ip-icon-list-1__title\">SOINS PROFESSIONNELS<\/div>\n\t\t\t\t\t\t\t\t\t\t\t\t\t<\/div>\n\t\t\t\t\t\t\t\t\t\t\t<\/li>\n\t\t\t\t\t\t\t\t\t\t\t\t\t\t<li class=\"c-ip-icon-list-1__item c-ip-icon-list-1__item--layout-2\">\n\t\t\t\t\t\t\t\t\t\t\t\t<div\n\t\t\t\t\t\t\tclass=\"c-ip-icon-list-1__item-wrap c-ip-icon-list-1__item-wrap--layout-2\">\n\t\t\t\t\t\t\t\t\t\t\t\t\t\t\t<i aria-hidden=\"true\" class=\"c-ip-icon-list-1__icon fibd21- fi-bd21-discount\"><\/i>\t\t\t\t\t\t\t\n\t\t\t\t\t\t\t\t\t\t\t\t\t\t\t<div class=\"c-ip-icon-list-1__title\">EXCELLENTES CONDITIONS<\/div>\n\t\t\t\t\t\t\t\t\t\t\t\t\t<\/div>\n\t\t\t\t\t\t\t\t\t\t\t<\/li>\n\t\t\t\t\t\t\t\t\t\t\t\t\t\t<li class=\"c-ip-icon-list-1__item c-ip-icon-list-1__item--layout-2\">\n\t\t\t\t\t\t\t\t\t\t\t\t<div\n\t\t\t\t\t\t\tclass=\"c-ip-icon-list-1__item-wrap c-ip-icon-list-1__item-wrap--layout-2\">\n\t\t\t\t\t\t\t\t\t\t\t\t\t\t\t<i aria-hidden=\"true\" class=\"c-ip-icon-list-1__icon fibd21- fi-bd21-shipping-2\"><\/i>\t\t\t\t\t\t\t\n\t\t\t\t\t\t\t\t\t\t\t\t\t\t\t<div class=\"c-ip-icon-list-1__title\">SERVICE RAPIDE<\/div>\n\t\t\t\t\t\t\t\t\t\t\t\t\t<\/div>\n\t\t\t\t\t\t\t\t\t\t\t<\/li>\n\t\t\t\t\t\t\t<\/ul>\n\t\t<\/div>\n\t\t\t\t\t\t<\/div>\n\t\t\t\t<\/div>\n\t\t\t\t\t<\/div>\n\t\t\t\t<\/div>\n\t\t\t\t<\/div>\n\t\t","protected":false},"excerpt":{"rendered":"<p>LA PLUS GRANDE EFFICACIT\u00c9 La marque Aurumaris\u00ae a \u00e9t\u00e9 fond\u00e9e sur une philosophie d&#8217;efficacit\u00e9 maximale des produits propos\u00e9s. Des produits con\u00e7us pour&hellip;<\/p>\n","protected":false},"author":1,"featured_media":0,"parent":0,"menu_order":0,"comment_status":"closed","ping_status":"closed","template":"elementor_header_footer","meta":{"footnotes":""},"class_list":["post-1792","page","type-page","status-publish","hentry"],"jetpack_sharing_enabled":true,"_links":{"self":[{"href":"https:\/\/aurumaris.pro\/fr\/wp-json\/wp\/v2\/pages\/1792","targetHints":{"allow":["GET"]}}],"collection":[{"href":"https:\/\/aurumaris.pro\/fr\/wp-json\/wp\/v2\/pages"}],"about":[{"href":"https:\/\/aurumaris.pro\/fr\/wp-json\/wp\/v2\/types\/page"}],"author":[{"embeddable":true,"href":"https:\/\/aurumaris.pro\/fr\/wp-json\/wp\/v2\/users\/1"}],"replies":[{"embeddable":true,"href":"https:\/\/aurumaris.pro\/fr\/wp-json\/wp\/v2\/comments?post=1792"}],"version-history":[{"count":1,"href":"https:\/\/aurumaris.pro\/fr\/wp-json\/wp\/v2\/pages\/1792\/revisions"}],"predecessor-version":[{"id":1793,"href":"https:\/\/aurumaris.pro\/fr\/wp-json\/wp\/v2\/pages\/1792\/revisions\/1793"}],"wp:attachment":[{"href":"https:\/\/aurumaris.pro\/fr\/wp-json\/wp\/v2\/media?parent=1792"}],"curies":[{"name":"wp","href":"https:\/\/api.w.org\/{rel}","templated":true}]}}