{"id":2040,"date":"2025-05-14T09:28:35","date_gmt":"2025-05-14T07:28:35","guid":{"rendered":"https:\/\/aurumaris.pro\/produkt\/remake-total-suero-inteligente\/"},"modified":"2025-09-15T14:00:06","modified_gmt":"2025-09-15T12:00:06","slug":"remake-total-suero-inteligente","status":"publish","type":"product","link":"https:\/\/aurumaris.pro\/es\/produkt\/remake-total-suero-inteligente\/","title":{"rendered":"REMAKE TOTAL SUERO INTELIGENTE"},"content":{"rendered":"<p style=\"text-align: center\"><strong>MARCA GALARDONADA<\/strong><\/p>\n<figure id=\"attachment_25221\" class=\"wp-caption alignnone\" aria-describedby=\"caption-attachment-25221\"><img fetchpriority=\"high\" decoding=\"async\" class=\"aligncenter wp-image-25221\" src=\"https:\/\/aurumaris.pl\/wp-content\/uploads\/2024\/11\/LNE-Kongres-logo-aurumairs-removebg-preview-300x300.png\" alt=\"\" width=\"300\" height=\"300\"><\/figure>\n<p style=\"text-align: center\"><strong>Premio a la Innovaci\u00f3n en la categor\u00eda &#8220;Tratamiento Profesional&#8221; para la marca Aurumaris Professional.<\/strong><\/p>\n<p>Suero regenerador biotecnol\u00f3gico avanzado basado en la tecnolog\u00eda  <strong>Nanoagujas<\/strong>  &#8211; microagujas naturales de origen biol\u00f3gico (las llamadas <em>esp\u00edculas<\/em>), m\u00e1s de <strong>1 mill\u00f3n de agujas<\/strong> por frasco. La f\u00f3rmula est\u00e1 enriquecida con moco de <strong>caracol<\/strong>, extractos marinos y complejos hidratantes de \u00faltima generaci\u00f3n<strong>(Promodermist\u2122<\/strong>, <strong>Hydromanil\u2122<\/strong>), que act\u00faan<strong>sin\u00e9rgicamente<\/strong> para proporcionar una restauraci\u00f3n intensiva, alisar y mejorar la densidad de la piel, sin necesidad de aparatos.  <\/p>\n<p>El producto est\u00e1 dise\u00f1ado tanto para <strong>uso dom\u00e9stico<\/strong> como para <strong>tratamientos profesionales<\/strong>, como parte de una terapia activa de restauraci\u00f3n de la piel.<\/p>\n<hr>\n<figure id=\"attachment_30458\" class=\"wp-caption aligncenter\" aria-describedby=\"caption-attachment-30458\">\n<p><figure id=\"attachment_30458\" aria-describedby=\"caption-attachment-30458\" style=\"width: 360px\" class=\"wp-caption aligncenter\"><img decoding=\"async\" class=\"wp-image-30458\" src=\"https:\/\/aurumaris.pl\/wp-content\/uploads\/2025\/05\/symulacja-fektow-total-remake-smart-serum-aurumaris-professional.jpg\" alt=\"\" width=\"360\" height=\"286\"><figcaption id=\"caption-attachment-30458\" class=\"wp-caption-text\">Simulaci\u00f3n de los efectos del producto creada por Aurumaris Intelligence (AI) bas\u00e1ndose en el an\u00e1lisis de la f\u00f3rmula y en los resultados cient\u00edficos disponibles. Los resultados realistas pueden variar en funci\u00f3n de la predisposici\u00f3n individual.<\/figcaption><\/figure><figcaption id=\"caption-attachment-30458\" class=\"wp-caption-text\"><\/figcaption><\/figure>\n<hr>\n<h3><strong>Principios activos y sus efectos:<\/strong><\/h3>\n<p><strong>Nanoagujas\u00ae (esponja hidrolizada)<\/strong><br \/>\n: estructuras microsc\u00f3picas de silicona que penetran en la epidermis, activando la microcirculaci\u00f3n y la estimulaci\u00f3n de los fibroblastos. Aumentan la absorci\u00f3n de principios activos hasta un 500%. Funcionan como una mesoterapia natural sin agujas.  <\/p>\n<p><strong>Moco de Caracol (Filtrado de Secreci\u00f3n de Caracol)<\/strong><br \/>\n&#8211; rico en alanto\u00edna, enzimas, col\u00e1geno, elastina y \u00e1cido glic\u00f3lico. Acelera la cicatrizaci\u00f3n, alisa la textura de la piel, aclara la decoloraci\u00f3n, elimina peque\u00f1as cicatrices e imperfecciones. <\/p>\n<p><strong>Hydromanil\u2122 (Goma hidrolizada de Caesalpinia Spinosa + Goma de Caesalpinia Spinosa)<\/strong><br \/>\n&#8211; un complejo innovador con acci\u00f3n hidratante prolongada. Forma una pel\u00edcula protectora en la superficie de la piel, evitando la TEWL (p\u00e9rdida de agua), al tiempo que libera gradualmente mol\u00e9culas hidratantes en lo m\u00e1s profundo de la epidermis. <\/p>\n<p><strong>Promodermist\u2122 (Isomerato de Sac\u00e1ridos + Extracto de Undaria Pinnatifida)<\/strong><br \/>\n&#8211; activa el mecanismo de &#8220;hidromemoria&#8221; &#8211; mejora la retenci\u00f3n de agua celular y refuerza la barrera hidrolip\u00eddica de la piel.<\/p>\n<p><strong>Alanto\u00edna (Allantoin)<\/strong><br \/>\n&#8211; Calma, reduce el enrojecimiento y la astringencia. Ideal despu\u00e9s de tratamientos o en el cuidado de pieles sensibles y reactivas. <\/p>\n<p><strong>Aceite de c\u00e1scara de naranja (Citrus Aurantium Peel Oil)<\/strong><br \/>\n&#8211; tienen un efecto refrescante y antibacteriano y confieren al cosm\u00e9tico una agradable fragancia natural.<\/p>\n<hr>\n<h3><strong>Efectos confirmados en pruebas de uso:<\/strong><\/h3>\n<p>\u2714 Reducci\u00f3n de las irregularidades cut\u00e1neas y mejora de la textura<br \/>\n\u2714 Refuerzo del tono de la piel y aumento de la elasticidad<br \/>\n\u2714 Alisamiento visible de las arrugas y reducci\u00f3n de la visibilidad de los poros<br \/>\n\u2714 Hidrataci\u00f3n intensa y duradera<br \/>\n\u2714 La piel se ve fresca, radiante y m\u00e1s joven<\/p>\n<hr>\n<h3><strong>\u00bfPara qui\u00e9n?<\/strong><\/h3>\n<ul>\n<li>Piel con signos de envejecimiento, p\u00e9rdida de firmeza, hiperpigmentaci\u00f3n<\/li>\n<li>Piel cansada, apagada y desigual<\/li>\n<li>Para mujeres y hombres mayores de 25 a\u00f1os como regeneraci\u00f3n intensiva<\/li>\n<\/ul>\n<hr>\n<h3><strong>Modo de empleo:<\/strong><\/h3>\n<p>Agita en\u00e9rgicamente antes de usar.<br \/>\nAplica de 4 a 6 gotas de suero sobre la piel limpia del rostro y masajea suavemente hasta que se absorba.<br \/>\nApl\u00edcalo cada 3 d\u00edas, por la noche.<br \/>\nEvita el contacto con los ojos y la boca.<br \/>\nPuedes experimentar una ligera sensaci\u00f3n de hormigueo tras la aplicaci\u00f3n: \u00a1es el efecto de las microagujas!<\/p>\n<p>Un producto ideal para a\u00f1adir a tu rutina diaria de cuidado de la piel. APLICAR CADA 3 D\u00cdAS, POR LA NOCHE. <\/p>\n<p>Util\u00edzalo entre una serie de tratamientos con Nanoagujas en las versiones Home Set y PRO.<\/p>\n<hr>\n<h3><strong>Composici\u00f3n completa (INCI):<\/strong><\/h3>\n<p><em>Aqua, Glicerina, Propanediol, Esponja Hidrolizada (Nano-Needles\u00ae), Cocoato de Glicerilo PEG-7, Aceite de Ricino Hidrogenado PEG-40, Goma de Caesalpinia Spinosa Hidrolizada, Filtrado de Secreci\u00f3n de Caracol (Moco de Caracol), Goma de Caesalpinia Spinosa, Isomerato de Sac\u00e1ridos, Extracto de Undaria Pinnatifida, Alanto\u00edna (Alanto\u00edna), Carb\u00f3mero, Trietanolamina, Fenoxietanol, Etilhexilglicerina, Sorbato de Potasio, Benzoato de Sodio, Parfum, Aceite de C\u00e1scara de Citrus Aurantium, Acetato de Geranilo, Hidroxicitronelal, Alfa-Isometil Ionona, Citronelol, Linalol, Limoneno, Tetrametil Acetil Acetahidronaftalenos.<\/em><\/p>\n<hr>\n<p><strong>Capacidad:<\/strong> 30 ml<\/p>\n","protected":false},"excerpt":{"rendered":"<p>Precisi\u00f3n de las microagujas &#8211; Renovaci\u00f3n profunda. M\u00e1s de 1.000.000 de nanoagujas en forma de s\u00e9rum de calidad profesional para utilizar tanto en casa como en salones de cosmetolog\u00eda y belleza. <\/p>\n<p><strong>\u00a1Penetraci\u00f3n real de los principios activos garantizada gracias al sistema de perforaci\u00f3n biomicr\u00f3n!<\/strong><\/p>\n","protected":false},"featured_media":2035,"comment_status":"open","ping_status":"closed","template":"","meta":[],"product_cat":[250,209,206,207,208],"product_tag":[213,214],"class_list":{"0":"post-2040","1":"product","2":"type-product","3":"status-publish","4":"has-post-thumbnail","6":"product_cat-atencion","7":"product_cat-decoloracion","8":"product_cat-elevacion","9":"product_cat-nanoagujas","10":"product_cat-renovacion-epidermica","11":"product_tag-nanoagujas","12":"product_tag-suero","14":"first","15":"instock","16":"shipping-taxable","17":"product-type-simple"},"jetpack_sharing_enabled":true,"_links":{"self":[{"href":"https:\/\/aurumaris.pro\/es\/wp-json\/wp\/v2\/product\/2040","targetHints":{"allow":["GET"]}}],"collection":[{"href":"https:\/\/aurumaris.pro\/es\/wp-json\/wp\/v2\/product"}],"about":[{"href":"https:\/\/aurumaris.pro\/es\/wp-json\/wp\/v2\/types\/product"}],"replies":[{"embeddable":true,"href":"https:\/\/aurumaris.pro\/es\/wp-json\/wp\/v2\/comments?post=2040"}],"wp:featuredmedia":[{"embeddable":true,"href":"https:\/\/aurumaris.pro\/es\/wp-json\/wp\/v2\/media\/2035"}],"wp:attachment":[{"href":"https:\/\/aurumaris.pro\/es\/wp-json\/wp\/v2\/media?parent=2040"}],"wp:term":[{"taxonomy":"product_cat","embeddable":true,"href":"https:\/\/aurumaris.pro\/es\/wp-json\/wp\/v2\/product_cat?post=2040"},{"taxonomy":"product_tag","embeddable":true,"href":"https:\/\/aurumaris.pro\/es\/wp-json\/wp\/v2\/product_tag?post=2040"}],"curies":[{"name":"wp","href":"https:\/\/api.w.org\/{rel}","templated":true}]}}