{"id":1855,"date":"2025-03-21T12:54:42","date_gmt":"2025-03-21T11:54:42","guid":{"rendered":"https:\/\/aurumaris.pro\/produkt\/rejuvenecimiento-cutaneo-con-adn-tripeptido\/"},"modified":"2025-08-25T14:54:47","modified_gmt":"2025-08-25T12:54:47","slug":"rejuvenecimiento-cutaneo-con-adn-tripeptido","status":"publish","type":"product","link":"https:\/\/aurumaris.pro\/es\/produkt\/rejuvenecimiento-cutaneo-con-adn-tripeptido\/","title":{"rendered":"REJUVENECIMIENTO CUT\u00c1NEO CON ADN TRIP\u00c9PTIDO"},"content":{"rendered":"<p>La crema antiarrugas profesional Aurumaris Professional es un producto espec\u00edfico para pieles maduras, especialmente recomendado para el d\u00eda y la noche. Aprovecha el potencial del trip\u00e9ptido para activar los genes de la juventud, estimulando la producci\u00f3n de col\u00e1geno, elastina y \u00e1cido <span class=\"OYPEnA font-feature-liga-off font-feature-clig-off font-feature-calt-off text-decoration-none text-strikethrough-none\" style=\"font-style: normal;letter-spacing: normal;text-align: start;text-indent: 0px;text-transform: none;text-decoration: none\">hialur\u00f3nico<\/span>.<span class=\"OYPEnA font-feature-liga-off font-feature-clig-off font-feature-calt-off text-decoration-none text-strikethrough-none\" style=\"font-style: normal;letter-spacing: normal;text-align: start;text-indent: 0px;text-transform: none;text-decoration: none\"><strong>.<\/strong><\/span> <\/p>\n<p><span class=\"OYPEnA font-feature-liga-off font-feature-clig-off font-feature-calt-off text-decoration-none text-strikethrough-none\" style=\"font-style: normal;letter-spacing: normal;text-align: start;text-indent: 0px;text-transform: none;text-decoration: none\"><strong>Palmitoil Trip\u00e9ptido-1 y Palmitoil Tetrap\u00e9ptido-7<\/strong><\/span><span class=\"OYPEnA font-feature-liga-off font-feature-clig-off font-feature-calt-off text-decoration-none text-strikethrough-none\" style=\"font-style: normal;font-weight: 400;letter-spacing: normal;text-align: start;text-indent: 0px;text-transform: none;text-decoration: none\"><span class=\"Apple-converted-space\">&nbsp;<\/span><\/span><span class=\"OYPEnA font-feature-liga-off font-feature-clig-off font-feature-calt-off text-decoration-none text-strikethrough-none\" style=\"font-style: normal;font-weight: 400;letter-spacing: normal;text-align: start;text-indent: 0px;text-transform: none;text-decoration: none\">son p\u00e9ptidos modernos que act\u00faan sin\u00e9rgicamente para reducir el aspecto de las arrugas y mejorar la textura de la piel. El uso regular de una crema con estos componentes b\u00e1sicos favorece la producci\u00f3n natural de col\u00e1geno y elastina, dando lugar a una piel visiblemente m\u00e1s firme, tersa, radiante y de aspecto m\u00e1s joven. <\/span><\/p>\n<p><strong>Modo de empleo:<\/strong> aplicar sobre la piel limpia del rostro, cuello y escote. Es mejor aplicar una capa m\u00e1s gruesa de la crema por la noche para que la piel tenga tiempo de absorber todos los principios activos durante el descanso nocturno. <\/p>\n<p><strong>Capacidad:<\/strong><\/p>\n<p>50 ml<\/p>\n<p>&nbsp;<\/p>\n<p>INGREDIENTES: AQUA, PROPANEDIOL, ISONANOATO DE ISONONILO, SORBIT\u00c1N ESTEARATO, TREHALOSA,<br \/>\nPALMITATO DE ISOPROPILO, \u00c1CIDO ESTE\u00c1RICO, POLIISOBUTENO HIDROGENADO, COPOL\u00cdMERO DE ACRILATO DE HIDROXIETILO\/ACRILOILDIMETIL TAURATO DE SODIO<br \/>\n, ALCANO C15-19, PALMITOIL TRIP\u00c9PTIDO-1, PALMITOIL<br \/>\nTETRAP\u00c9PTIDO-7, EXTRACTO DE UNDARIA PINNATIFIDA, POLVO DE PERLA, PANTENOL, GLICERINA, SACAROSA<br \/>\nCOCOATO, ACETILDODECIL OLEATO, ACETILDODECIL ESTEAROIL ESTEARATO, \u00c1CIDO POLIHIDROXIESTE\u00c1RICO,<br \/>\nACETILDODECANOL, LINOLEATO DE ESTEARILO, ESTEARATO DE ESTEARILO, ALCOHOL ESTEAR\u00cdLICO,<br \/>\nHIDROGENADO POLI(C6-14 OLEFINAS), TALCO, BUTILENGLICOL, CARB\u00d3MERO, POLIACRILATO DE SODIO, ISOESTEARATO DE SORBIT\u00c1N,<br \/>\nPANTOLACTONA, POLISORBATO 20, POLISORBATO 60, FITATO S\u00d3DICO, ALCOHOL, MICA, TRIETANOLAMINA,<br \/>\nLACTATO S\u00d3DICO , \u00c1CIDO BENZOICO, BENZOATO S\u00d3DICO, SORBATO POT\u00c1SICO, \u00c1CIDO DESHIDROAC\u00c9TICO,<br \/>\nFENOXIETANOL, ETILHEXILGLICERINA, PARFUM, CI 77891, CI 77491, CI 19140, CI 14700<\/p>\n","protected":false},"excerpt":{"rendered":"<p>Crema trip\u00e9ptida para activar los genes de la juventud. Estimula la producci\u00f3n de Col\u00e1geno, Elastina y \u00c1cido Hialur\u00f3nico. <\/p>\n","protected":false},"featured_media":1557,"comment_status":"closed","ping_status":"closed","template":"","meta":[],"product_cat":[206,208],"product_tag":[],"class_list":{"0":"post-1855","1":"product","2":"type-product","3":"status-publish","4":"has-post-thumbnail","6":"product_cat-elevacion","7":"product_cat-renovacion-epidermica","9":"first","10":"instock","11":"shipping-taxable","12":"product-type-simple"},"jetpack_sharing_enabled":true,"_links":{"self":[{"href":"https:\/\/aurumaris.pro\/es\/wp-json\/wp\/v2\/product\/1855","targetHints":{"allow":["GET"]}}],"collection":[{"href":"https:\/\/aurumaris.pro\/es\/wp-json\/wp\/v2\/product"}],"about":[{"href":"https:\/\/aurumaris.pro\/es\/wp-json\/wp\/v2\/types\/product"}],"replies":[{"embeddable":true,"href":"https:\/\/aurumaris.pro\/es\/wp-json\/wp\/v2\/comments?post=1855"}],"wp:featuredmedia":[{"embeddable":true,"href":"https:\/\/aurumaris.pro\/es\/wp-json\/wp\/v2\/media\/1557"}],"wp:attachment":[{"href":"https:\/\/aurumaris.pro\/es\/wp-json\/wp\/v2\/media?parent=1855"}],"wp:term":[{"taxonomy":"product_cat","embeddable":true,"href":"https:\/\/aurumaris.pro\/es\/wp-json\/wp\/v2\/product_cat?post=1855"},{"taxonomy":"product_tag","embeddable":true,"href":"https:\/\/aurumaris.pro\/es\/wp-json\/wp\/v2\/product_tag?post=1855"}],"curies":[{"name":"wp","href":"https:\/\/api.w.org\/{rel}","templated":true}]}}