{"id":1854,"date":"2025-03-21T12:54:42","date_gmt":"2025-03-21T11:54:42","guid":{"rendered":"https:\/\/aurumaris.pro\/produkt\/espuma-limpiadora-neuropeptida\/"},"modified":"2026-02-17T19:11:12","modified_gmt":"2026-02-17T18:11:12","slug":"espuma-limpiadora-neuropeptida","status":"publish","type":"product","link":"https:\/\/aurumaris.pro\/es\/produkt\/espuma-limpiadora-neuropeptida\/","title":{"rendered":"ESPUMA LIMPIADORA NEUROP\u00c9PTIDA"},"content":{"rendered":"<p>La ESPUMA LIMPIADORA NEUROP\u00c9PTIDA ha sido desarrollada para el cuidado suave de la piel sensible propensa a las alergias y la atopia. Es ideal para uso diario, sobre todo cuando la piel requiere un enfoque especial, por ejemplo despu\u00e9s de procedimientos cosm\u00e9ticos o cuando est\u00e1 hipersensible. <\/p>\n<p>El uso regular de la espuma ayudar\u00e1 a mantener la piel sensible en buen estado, reduciendo la irritaci\u00f3n, las rojeces y restaurando su equilibrio y confort naturales.<\/p>\n<p>El principal ingrediente activo de la espuma son los neurop\u00e9ptidos, que tienen propiedades calmantes y reductoras del enrojecimiento de la piel. Adem\u00e1s, los extractos de pepino y lirio blanco contenidos en la f\u00f3rmula de la espuma tienen un efecto calmante e hidratante, que ayuda a calmar la irritaci\u00f3n, la irritabilidad y las reacciones al\u00e9rgicas, y devuelve el equilibrio y el confort a la piel. <\/p>\n<p><strong>Modo de empleo:<\/strong> aplica una peque\u00f1a cantidad de espuma sobre el rostro h\u00famedo y masajea suavemente, evitando el contorno de los ojos. A continuaci\u00f3n, aclara abundantemente con agua tibia. La espuma puede utilizarse por la ma\u00f1ana y por la noche como parte de tu rutina diaria de cuidado de la piel.  <\/p>\n<p><strong>Capacidad:&nbsp;<\/strong><\/p>\n<p>200 ml<\/p>\n<p>&nbsp;<\/p>\n<p>INGREDIENTES: AQUA, GLICERINA, GLUC\u00d3SIDO DE COCO, COCAMIDOPROPIL<br \/>\nBETA\u00cdNA, BETA\u00cdNA, \u00c9STER CET\u00cdLICO DE ACETIL DIP\u00c9PTIDO-1, EXTRACTO DE FRUTO DE CUCUMIS SATIVUS<br \/>\n, EXTRACTO DE BULBO DE LILIUM CANDIDUM, GOMA HIDROLIZADA DE CAESALPINIA<br \/>\nSPINOSA, GOMA DE CAESALPINIA SPINOSA, PANTENOL, ALANTO\u00cdNA,<br \/>\nPANTOLACTONA, OLEATO DE GLICERILO, HIDROXIETILCELULOSA, BUTILENO<br \/>\nGLICOL, CITRATO DE GLIC\u00c9RIDOS DE PALMA HIDROGENADOS,<br \/>\nPOLISORBATO 20, \u00c1CIDO C\u00cdTRICO, BIOTINA, LAURETH-3,<br \/>\nFITATO S\u00d3DICO, ALCOHOL BENC\u00cdLICO, TOCOFEROL,<br \/>\nHIDR\u00d3XIDO S\u00d3DICO, SORBATO POT\u00c1SICO, BENZOATO S\u00d3DICO,<br \/>\n\u00c1CIDO DEHIDROAC\u00c9TICO, ALCOHOL, PARFUM<\/p>\n","protected":false},"excerpt":{"rendered":"<p>Espuma profesional para el cuidado diario de la piel con neurop\u00e9ptidos para reducir la irritaci\u00f3n, el enrojecimiento y la sensibilidad tras procedimientos cosmetol\u00f3gicos invasivos.<\/p>\n","protected":false},"featured_media":1582,"comment_status":"closed","ping_status":"closed","template":"","meta":[],"product_cat":[250,209,206,207,208],"product_tag":[],"class_list":{"0":"post-1854","1":"product","2":"type-product","3":"status-publish","4":"has-post-thumbnail","6":"product_cat-atencion","7":"product_cat-decoloracion","8":"product_cat-elevacion","9":"product_cat-nanoagujas","10":"product_cat-renovacion-epidermica","12":"first","13":"instock","14":"shipping-taxable","15":"product-type-simple"},"jetpack_sharing_enabled":true,"_links":{"self":[{"href":"https:\/\/aurumaris.pro\/es\/wp-json\/wp\/v2\/product\/1854","targetHints":{"allow":["GET"]}}],"collection":[{"href":"https:\/\/aurumaris.pro\/es\/wp-json\/wp\/v2\/product"}],"about":[{"href":"https:\/\/aurumaris.pro\/es\/wp-json\/wp\/v2\/types\/product"}],"replies":[{"embeddable":true,"href":"https:\/\/aurumaris.pro\/es\/wp-json\/wp\/v2\/comments?post=1854"}],"wp:featuredmedia":[{"embeddable":true,"href":"https:\/\/aurumaris.pro\/es\/wp-json\/wp\/v2\/media\/1582"}],"wp:attachment":[{"href":"https:\/\/aurumaris.pro\/es\/wp-json\/wp\/v2\/media?parent=1854"}],"wp:term":[{"taxonomy":"product_cat","embeddable":true,"href":"https:\/\/aurumaris.pro\/es\/wp-json\/wp\/v2\/product_cat?post=1854"},{"taxonomy":"product_tag","embeddable":true,"href":"https:\/\/aurumaris.pro\/es\/wp-json\/wp\/v2\/product_tag?post=1854"}],"curies":[{"name":"wp","href":"https:\/\/api.w.org\/{rel}","templated":true}]}}