{"id":1845,"date":"2025-03-21T12:54:42","date_gmt":"2025-03-21T11:54:42","guid":{"rendered":"https:\/\/aurumaris.pro\/produkt\/crema-max-rejuvenecimiento\/"},"modified":"2026-02-17T19:12:09","modified_gmt":"2026-02-17T18:12:09","slug":"crema-max-rejuvenecimiento","status":"publish","type":"product","link":"https:\/\/aurumaris.pro\/es\/produkt\/crema-max-rejuvenecimiento\/","title":{"rendered":"CREMA MAX REJUVENECIMIENTO"},"content":{"rendered":"<p>La crema para el tratamiento de la piel cetrina, de tono desigual, vascular y con signos de envejecimiento ha sido especialmente formulada para ocuparse de su cuidado y regeneraci\u00f3n integrales. Mejora la elasticidad de los vasos sangu\u00edneos y reduce la decoloraci\u00f3n para una piel m\u00e1s uniforme y radiante. <\/p>\n<p>El uso regular de la crema para tratar la piel cetrina, vascular y envejecida puede ayudar a mejorar el estado de la piel, proporcion\u00e1ndole elasticidad, un tono uniforme y un aspecto m\u00e1s joven.<\/p>\n<p>Su acci\u00f3n antioxidante retrasa el proceso de envejecimiento de la piel, protegi\u00e9ndola de los da\u00f1os causados por los radicales libres. Adem\u00e1s, la crema estimula la circulaci\u00f3n sangu\u00ednea, lo que se traduce en una mejor nutrici\u00f3n de la piel, suavidad y rejuvenecimiento visible. <\/p>\n<p><strong>Modo de empleo:<\/strong> aplicar por la ma\u00f1ana y por la noche sobre la piel limpia del rostro. Masajea suavemente la crema sobre la piel hasta su completa absorci\u00f3n. <\/p>\n<p><strong>Capacidad:<\/strong><\/p>\n<p>50 ml<\/p>\n<p>&nbsp;<\/p>\n<p>INGREDIENTES: AQUA, PROPANEDIOL, SORBIT\u00c1N ESTEARATO, ISONANOATO DE ISONONILO,<br \/>\nGLICERINA, COCO-CAPRILATO, ALCOHOL CETEAR\u00cdLICO, BENZOATO DE C12-15 ALQUILO, \u00c1CIDO ESTE\u00c1RICO,<br \/>\nASCORBIL GLUC\u00d3SIDO, SEDA HIDROLIZADA, EXTRACTO DE RA\u00cdZ DE PANAX GINSENG, MANTECA DE BUTYROSPERMUM<br \/>\nPARKII, ACETATO DE TOCOFERILO, PANTENOL, ALANTO\u00cdNA, TREHALOSA, \u00c1CIDO L\u00c1CTICO<br \/>\n, SACAROSA COCOATO, TALCO, ACETOCRILENO, POLIACRILATO S\u00d3DICO, ACRILATOS\/<br \/>\nC10-30 ALQUIL ACRILATO CROSSPOLYMER, PANTOLACTONA, EDTA DIS\u00d3DICO, FITATO S\u00d3DICO<br \/>\n, ALCOHOL, \u00c1CIDO C\u00cdTRICO, TRIETANOLAMINA, SORBATO POT\u00c1SICO, BENZOATO S\u00d3DICO<br \/>\n, \u00c1CIDO BENZOICO, TOCOFEROL, DEHIDROAC\u00c9TICO.<\/p>\n","protected":false},"excerpt":{"rendered":"<p>Una crema revitalizante con reducci\u00f3n de la decoloraci\u00f3n para devolver un aspecto saludable a los cutis cetrinos.<\/p>\n","protected":false},"featured_media":1587,"comment_status":"closed","ping_status":"closed","template":"","meta":[],"product_cat":[209,206,207,208],"product_tag":[],"class_list":{"0":"post-1845","1":"product","2":"type-product","3":"status-publish","4":"has-post-thumbnail","6":"product_cat-decoloracion","7":"product_cat-elevacion","8":"product_cat-nanoagujas","9":"product_cat-renovacion-epidermica","11":"first","12":"instock","13":"shipping-taxable","14":"product-type-simple"},"jetpack_sharing_enabled":true,"_links":{"self":[{"href":"https:\/\/aurumaris.pro\/es\/wp-json\/wp\/v2\/product\/1845","targetHints":{"allow":["GET"]}}],"collection":[{"href":"https:\/\/aurumaris.pro\/es\/wp-json\/wp\/v2\/product"}],"about":[{"href":"https:\/\/aurumaris.pro\/es\/wp-json\/wp\/v2\/types\/product"}],"replies":[{"embeddable":true,"href":"https:\/\/aurumaris.pro\/es\/wp-json\/wp\/v2\/comments?post=1845"}],"wp:featuredmedia":[{"embeddable":true,"href":"https:\/\/aurumaris.pro\/es\/wp-json\/wp\/v2\/media\/1587"}],"wp:attachment":[{"href":"https:\/\/aurumaris.pro\/es\/wp-json\/wp\/v2\/media?parent=1845"}],"wp:term":[{"taxonomy":"product_cat","embeddable":true,"href":"https:\/\/aurumaris.pro\/es\/wp-json\/wp\/v2\/product_cat?post=1845"},{"taxonomy":"product_tag","embeddable":true,"href":"https:\/\/aurumaris.pro\/es\/wp-json\/wp\/v2\/product_tag?post=1845"}],"curies":[{"name":"wp","href":"https:\/\/api.w.org\/{rel}","templated":true}]}}