{"id":1844,"date":"2025-03-21T12:54:42","date_gmt":"2025-03-21T11:54:42","guid":{"rendered":"https:\/\/aurumaris.pro\/produkt\/suero-superbrillante\/"},"modified":"2025-08-25T14:54:17","modified_gmt":"2025-08-25T12:54:17","slug":"suero-superbrillante","status":"publish","type":"product","link":"https:\/\/aurumaris.pro\/es\/produkt\/suero-superbrillante\/","title":{"rendered":"SUERO SUPERBRILLANTE"},"content":{"rendered":"<p>Si tienes problemas de acn\u00e9, hormonales, postsolares, postraum\u00e1ticos o cualquier otro tipo de hiperpigmentaci\u00f3n cut\u00e1nea, el Suero Superbrillante de Aurumaris Professional es la soluci\u00f3n para eliminar eficazmente tus problemas de hiperpigmentaci\u00f3n.<\/p>\n<p>&nbsp;<\/p>\n<figure id=\"attachment_22673\" aria-describedby=\"caption-attachment-22673\" style=\"width: 350px\" class=\"wp-caption aligncenter\"><img fetchpriority=\"high\" decoding=\"async\" class=\"wp-image-22673\" src=\"https:\/\/https:\/\/aurumaris.pro\/wp-content\/uploads\/2024\/10\/img_1016.jpeg.pl\/wp-content\/uploads\/2024\/03\/https:\/\/aurumaris.pro\/wp-content\/uploads\/2024\/10\/img_1016.jpeg-professional-efekt-14-300x300.jpg\" alt=\"\" width=\"350\" height=\"350\"><figcaption id=\"caption-attachment-22673\" class=\"wp-caption-text\">El efecto del tratamiento antipigmentaci\u00f3n SBS de Aurumaris Professional es visible desde los primeros tratamientos y no requiere la ayuda de un profesional.<\/figcaption><\/figure>\n<h2><strong>Eficacia desde tan s\u00f3lo 1 aplicaci\u00f3n confirmada por estudios:<\/strong><\/h2>\n<p>Las pruebas de laboratorio confirman que los principios activos contenidos en este <strong>suero profesional antipigmentaci\u00f3n<\/strong> <strong>eliminan eficazmente la decoloraci\u00f3n<\/strong>, <strong>igualan el tono de la piel<\/strong> y cuidan <strong>la barrera hidrolip\u00eddica<\/strong>.<\/p>\n<h2><\/h2>\n<h2><\/h2>\n<figure id=\"attachment_23326\" aria-describedby=\"caption-attachment-23326\" style=\"width: 300px\" class=\"wp-caption aligncenter\"><img decoding=\"async\" class=\"size-medium wp-image-23326\" src=\"https:\/\/https:\/\/aurumaris.pro\/wp-content\/uploads\/2024\/10\/img_1016.jpeg.pl\/wp-content\/uploads\/2024\/03\/https:\/\/aurumaris.pro\/wp-content\/uploads\/2024\/10\/img_1016.jpeg-professional-sylwia-golebiewska-zestaw-nano-needles-1-1-300x279.jpg\" alt=\"\" width=\"300\" height=\"279\"><figcaption id=\"caption-attachment-23326\" class=\"wp-caption-text\">&#8220;Los productos Aurumaris Professional son de la m\u00e1s alta calidad y eficacia &#8211; recomiendo el tratamiento SBS como profesional de la industria de la cosmetolog\u00eda y &#8230;. mujer!&#8221; ~Sylwia Gol\u0119biewska<\/figcaption><\/figure>\n<h2><\/h2>\n<h2><strong>Principales principios activos y sus efectos:<\/strong><\/h2>\n<ol>\n<li><strong>Fosfato de ascorbilo s\u00f3dico<\/strong> &#8211; Un potente antioxidante que ilumina la piel, reduce la decoloraci\u00f3n y estimula la producci\u00f3n de col\u00e1geno.<\/li>\n<li><strong>Extracto de ra\u00edz de Panax Ginseng<\/strong> &#8211; Mejora la circulaci\u00f3n y unifica el color, lo que favorece la regeneraci\u00f3n de la piel y aumenta su elasticidad.<\/li>\n<li><strong>Extracto de Ascophyllum Nodosum<\/strong> &#8211; Extracto de algas pardas que despigmenta poderosamente la hiperpigmentaci\u00f3n a la vez que hidrata y protege la piel de los factores externos nocivos.<\/li>\n<li><strong>Extracto de Asparagopsis Armata<\/strong> &#8211; Tiene efectos antimicrobianos y antiinflamatorios, favorece la regeneraci\u00f3n de los tejidos y reduce la hiperpigmentaci\u00f3n.<\/li>\n<li><strong>Extracto de corteza de Salix Alba<\/strong> &#8211; Una fuente natural de \u00e1cido salic\u00edlico que exfolia suavemente la piel, eliminando las c\u00e9lulas muertas y favoreciendo la renovaci\u00f3n y, por tanto, igualando el color de la piel.<\/li>\n<li><strong>Escualeno<\/strong> &#8211; Ingrediente hidratante que refuerza la barrera lip\u00eddica de la piel para evitar la p\u00e9rdida de humedad.<\/li>\n<li><strong>Pantenol<\/strong> &#8211; Calma la irritaci\u00f3n y acelera la cicatrizaci\u00f3n de la piel.<\/li>\n<li><strong>Alanto\u00edna<\/strong> &#8211; Regenera y calma la piel, reduciendo la irritaci\u00f3n y el enrojecimiento.<\/li>\n<\/ol>\n<p><em>Fuentes cient\u00edficas:<\/em> <a href=\"https:\/\/pubmed.ncbi.nlm.nih.gov\/36924935\/\" target=\"_blank\" rel=\"noopener\">&#8220;Tratamiento de<\/a> <a href=\"https:\/\/pubmed.ncbi.nlm.nih.gov\/35537921\/\" target=\"_blank\" rel=\"noopener\"> la hiperpigmentaci\u00f3n&#8221;<\/a>; &#8220;Tratamiento del melasma asociado al acn\u00e9&#8221;.<\/p>\n<p>&nbsp;<\/p>\n<blockquote><p>&#8220;Restaura un color uniforme y natural en cualquier piel, al tiempo que cuida la barrera hidrolip\u00eddica&#8221;.<br \/>\n<strong><em>Taller de Belleza &#8211; Varsovia<\/em><\/strong><\/p><\/blockquote>\n<h2><\/h2>\n<h2><\/h2>\n<figure id=\"attachment_23315\" aria-describedby=\"caption-attachment-23315\" style=\"width: 300px\" class=\"wp-caption aligncenter\"><img decoding=\"async\" class=\"size-medium wp-image-23315\" src=\"https:\/\/https:\/\/aurumaris.pro\/wp-content\/uploads\/2024\/10\/img_1016.jpeg.pl\/wp-content\/uploads\/2024\/08\/https:\/\/aurumaris.pro\/wp-content\/uploads\/2024\/10\/img_1016.jpeg-professional-szkolenie-krakow-uczestnicy-300x432.jpg\" alt=\"\" width=\"300\" height=\"432\"><figcaption id=\"caption-attachment-23315\" class=\"wp-caption-text\">Los productos Aurumaris Professional son utilizados por reconocidos profesionales de la cosmetolog\u00eda en Polonia y en el extranjero.<\/figcaption><\/figure>\n<h2><\/h2>\n<h2><strong>Preguntas frecuentes:<\/strong><\/h2>\n<p><strong>\u00bfEl tratamiento es s\u00f3lo para pieles maduras?<\/strong><br \/>\n<em>No, el tratamiento antipigmentante SBS puede utilizarse independientemente de la edad.<\/em><\/p>\n<p><strong>\u00bfSer\u00e1 eficaz el tratamiento si mis manchas tienen muchos a\u00f1os o incluso d\u00e9cadas?<\/strong><br \/>\n<em>S\u00ed, la f\u00f3rmula de tratamiento SBS proporciona la m\u00e1xima eficacia profesional para la eliminaci\u00f3n de la hiperpigmentaci\u00f3n m\u00e1s persistente.<\/em><\/p>\n<p><strong>\u00bfSe me pelar\u00e1 la piel durante el tratamiento?<\/strong><br \/>\n<em>No. El m\u00e9todo desarrollado para eliminar la hiperpigmentaci\u00f3n, gracias a los principios activos combinados con la funci\u00f3n de restauraci\u00f3n de la barrera hidrolip\u00eddica, proporciona el m\u00e1ximo equilibrio entre eficacia despigmentante y preservaci\u00f3n de la barrera hidrolip\u00eddica de la piel. <\/em><\/p>\n<p><strong>\u00bfEs posible realizar el tratamiento SBS en casa?<\/strong><br \/>\n<em>S\u00ed, tambi\u00e9n puedes utilizar el tratamiento antipigmentaci\u00f3n SBS en casa. <\/em>. <em>Tiempo de tratamiento recomendado: 30 d\u00edas.<\/em><\/p>\n<p><img loading=\"lazy\" decoding=\"async\" class=\"aligncenter wp-image-23108\" src=\"https:\/\/https:\/\/aurumaris.pro\/wp-content\/uploads\/2024\/10\/img_1016.jpeg.pro\/wp-content\/uploads\/2024\/03\/https:\/\/aurumaris.pro\/wp-content\/uploads\/2024\/10\/img_1016.jpeg-professional-super-brightening-serum-model-1-face-300x346.jpg\" alt=\"\" width=\"350\" height=\"403\"><\/p>\n<p><strong>Modo de empleo:<\/strong> <em>extiende el contenido de la ampolla sobre la piel del rostro, cuello y escote, masajeando suavemente. <\/em> <\/p>\n<p><strong>Contenido:<\/strong><\/p>\n<p>10 ampollas de 3 ml + c\u00f3modo abridor<\/p>\n<p>&nbsp;<\/p>\n<p>INGREDIENTES (INCI): AQUA, ACEITE DE RICINO HIDROGENADO PEG-40, EXTRACTO DE RA\u00cdZ DE PANAX GINSENG, FOSFATO ASCORB\u00cdLICO DE SODIO, EXTRACTO DE ASCOPHYLLUM NODOSUM, EXTRACTO DE ASPARAGOPSIS ARMATA, EXTRACTO DE CORTEZA DE SALIKS ALBA, ESCUALENO, PANTENOL, ALANTO\u00cdNA, GLICERINA, PROPANEDIOL, HIDROLIZADO DE ALMID\u00d3N HIDROGENADO, COPOL\u00cdMERO DE ACRILATO DE HIDROXIETILO\/ACRILOILDIMETIL TAURATO DE SODIO, ISOESTEARATO DE SORBIT\u00c1N, COCOATO DE GLICERILO PEG-7, POLISORBATO 60, PANTOLACTONA<\/p>\n","protected":false},"excerpt":{"rendered":"<p>Tratamiento profesional antipigmentante en ampollas <strong>SBS<\/strong>. <strong>Elimina<\/strong> de forma eficaz y <strong>segura<\/strong> las <strong>hiperpigmentaciones<\/strong> m\u00e1s persistentes con <span style=\"text-decoration: underline\">un<\/span> potente conjunto de <strong>principios activos<\/strong> cient\u00edficamente desarrollados. <\/p>\n","protected":false},"featured_media":1567,"comment_status":"closed","ping_status":"closed","template":"","meta":[],"product_cat":[209,207,208],"product_tag":[],"class_list":{"0":"post-1844","1":"product","2":"type-product","3":"status-publish","4":"has-post-thumbnail","6":"product_cat-decoloracion","7":"product_cat-nanoagujas","8":"product_cat-renovacion-epidermica","10":"first","11":"instock","12":"shipping-taxable","13":"product-type-simple"},"jetpack_sharing_enabled":true,"_links":{"self":[{"href":"https:\/\/aurumaris.pro\/es\/wp-json\/wp\/v2\/product\/1844","targetHints":{"allow":["GET"]}}],"collection":[{"href":"https:\/\/aurumaris.pro\/es\/wp-json\/wp\/v2\/product"}],"about":[{"href":"https:\/\/aurumaris.pro\/es\/wp-json\/wp\/v2\/types\/product"}],"replies":[{"embeddable":true,"href":"https:\/\/aurumaris.pro\/es\/wp-json\/wp\/v2\/comments?post=1844"}],"wp:featuredmedia":[{"embeddable":true,"href":"https:\/\/aurumaris.pro\/es\/wp-json\/wp\/v2\/media\/1567"}],"wp:attachment":[{"href":"https:\/\/aurumaris.pro\/es\/wp-json\/wp\/v2\/media?parent=1844"}],"wp:term":[{"taxonomy":"product_cat","embeddable":true,"href":"https:\/\/aurumaris.pro\/es\/wp-json\/wp\/v2\/product_cat?post=1844"},{"taxonomy":"product_tag","embeddable":true,"href":"https:\/\/aurumaris.pro\/es\/wp-json\/wp\/v2\/product_tag?post=1844"}],"curies":[{"name":"wp","href":"https:\/\/api.w.org\/{rel}","templated":true}]}}