{"id":1835,"date":"2025-03-21T12:54:42","date_gmt":"2025-03-21T11:54:42","guid":{"rendered":"https:\/\/aurumaris.pro\/produkt\/tonico-curativo-neuropeptido\/"},"modified":"2026-02-17T19:12:09","modified_gmt":"2026-02-17T18:12:09","slug":"tonico-curativo-neuropeptido","status":"publish","type":"product","link":"https:\/\/aurumaris.pro\/es\/produkt\/tonico-curativo-neuropeptido\/","title":{"rendered":"T\u00d3NICO CURATIVO NEUROP\u00c9PTIDO"},"content":{"rendered":"<p>El T\u00f3nico Calmante Profesional Aurumaris es el producto ideal para pieles delicadas, hipersensibles y propensas a alergias y atop\u00edas. Contiene ingredientes \u00fanicos que proporcionan una protecci\u00f3n eficaz y calman las irritaciones cut\u00e1neas. <\/p>\n<p>El uso regular del T\u00f3nico Calmante Aurumaris Professional puede ayudar a mejorar el estado de la piel delicada e hipersensible, dej\u00e1ndola con una sensaci\u00f3n de confort, hidrataci\u00f3n y alivio.<\/p>\n<p>El principal ingrediente activo de este t\u00f3nico es el neurop\u00e9ptido, conocido por reducir la sensibilidad cut\u00e1nea y aumentar el confort y la tolerancia a los irritantes. Esto hace que la piel sea menos propensa a las reacciones al\u00e9rgicas y a la atopia. <\/p>\n<p>Adem\u00e1s, los extractos naturales de aloe vera, lirio blanco y pepino, combinados con la alanto\u00edna, proporcionan a la piel una sensaci\u00f3n hidratante, suavizante y calmante. Estos ingredientes no s\u00f3lo ayudan a reducir la irritaci\u00f3n, sino que tambi\u00e9n favorecen el proceso de regeneraci\u00f3n de la piel. <\/p>\n<p><strong>Modo de empleo:<\/strong> despu\u00e9s de limpiar la piel del rostro, cuello y escote, aplica el t\u00f3nico con un algod\u00f3n o con la palma de la mano, evitando el contorno de los ojos. Puedes utilizarlo por la ma\u00f1ana y por la noche como parte de tu rutina diaria de cuidado de la piel. <\/p>\n<p><strong>Capacidad:<\/strong><\/p>\n<p>200 ml<\/p>\n<p>&nbsp;<\/p>\n<p>INGREDIENTES: AQUA, GLICERINA, ZUMO DE HOJA DE ALOE BARBADENSIS<br \/>\n, ISOMERATO DE SAC\u00c1RIDOS, \u00c9STER DE ACETIL DIP\u00c9PTIDO-1 CET\u00cdLICO<br \/>\n, EXTRACTO DE BULBO DE LILIUM CANDIDUM, EXTRACTO DE FRUTO DE CUCUMIS SATIVUS<br \/>\n, BIOTINA, PANTENOL, UREA, PANTOLACTONA,<br \/>\nHIDROXIETILCELULOSA, ALANTO\u00cdNA, \u00c1CIDO C\u00cdTRICO,<br \/>\n\u00c1CIDO DEHIDROAC\u00c9TICO, POLISORBATO 20, HIDR\u00d3XIDO S\u00d3DICO,<br \/>\nBUTILENGLICOL, FITATO S\u00d3DICO, CITRATO S\u00d3DICO,<br \/>\nLAURETH-3, ALCOHOL BENC\u00cdLICO, ALCOHOL, SORBATO POT\u00c1SICO<br \/>\n, BENZOATO S\u00d3DICO, PARFUM<\/p>\n","protected":false},"excerpt":{"rendered":"<p>T\u00f3nico para el cuidado de la piel con la funci\u00f3n de reducir la sensibilidad y calmar la irritaci\u00f3n. Especialmente recomendado para el cuidado postoperatorio. <\/p>\n","protected":false},"featured_media":1592,"comment_status":"closed","ping_status":"closed","template":"","meta":[],"product_cat":[250,209,206,207,208],"product_tag":[],"class_list":{"0":"post-1835","1":"product","2":"type-product","3":"status-publish","4":"has-post-thumbnail","6":"product_cat-atencion","7":"product_cat-decoloracion","8":"product_cat-elevacion","9":"product_cat-nanoagujas","10":"product_cat-renovacion-epidermica","12":"first","13":"instock","14":"shipping-taxable","15":"product-type-simple"},"jetpack_sharing_enabled":true,"_links":{"self":[{"href":"https:\/\/aurumaris.pro\/es\/wp-json\/wp\/v2\/product\/1835","targetHints":{"allow":["GET"]}}],"collection":[{"href":"https:\/\/aurumaris.pro\/es\/wp-json\/wp\/v2\/product"}],"about":[{"href":"https:\/\/aurumaris.pro\/es\/wp-json\/wp\/v2\/types\/product"}],"replies":[{"embeddable":true,"href":"https:\/\/aurumaris.pro\/es\/wp-json\/wp\/v2\/comments?post=1835"}],"wp:featuredmedia":[{"embeddable":true,"href":"https:\/\/aurumaris.pro\/es\/wp-json\/wp\/v2\/media\/1592"}],"wp:attachment":[{"href":"https:\/\/aurumaris.pro\/es\/wp-json\/wp\/v2\/media?parent=1835"}],"wp:term":[{"taxonomy":"product_cat","embeddable":true,"href":"https:\/\/aurumaris.pro\/es\/wp-json\/wp\/v2\/product_cat?post=1835"},{"taxonomy":"product_tag","embeddable":true,"href":"https:\/\/aurumaris.pro\/es\/wp-json\/wp\/v2\/product_tag?post=1835"}],"curies":[{"name":"wp","href":"https:\/\/api.w.org\/{rel}","templated":true}]}}