{"id":1834,"date":"2025-03-21T12:54:42","date_gmt":"2025-03-21T11:54:42","guid":{"rendered":"https:\/\/aurumaris.pro\/produkt\/mascarilla-superbrillante\/"},"modified":"2025-12-14T21:24:10","modified_gmt":"2025-12-14T20:24:10","slug":"mascarilla-superbrillante","status":"publish","type":"product","link":"https:\/\/aurumaris.pro\/es\/produkt\/mascarilla-superbrillante\/","title":{"rendered":"MASCARILLA SUPERBRILLANTE"},"content":{"rendered":"<p>La MASCARILLA SUPERILUMINADORA se ha creado para pieles apagadas, vasculares y sin brillo. Su principal ingrediente activo es la vitamina C, que nutre y suaviza la piel al tiempo que inhibe el proceso de envejecimiento. Se recomienda utilizar la mascarilla despu\u00e9s <a href=\"https:\/\/https:\/\/aurumaris.pro\/wp-content\/uploads\/2024\/10\/img_1016.jpeg.pl\/produkt\/super-brightening-serum\/\" target=\"_blank\" rel=\"noopener\">del S\u00c9RUM BRILLANTE<\/a>, ya que intensifica los efectos de la mascarilla.  <\/p>\n<p>El uso regular de una mascarilla iluminadora puede ayudar a mejorar el aspecto de la piel, d\u00e1ndole resplandor, reduciendo la decoloraci\u00f3n y restaurando la vitalidad.<\/p>\n<p>Adem\u00e1s, la mascarilla es una opci\u00f3n excelente como parte del tratamiento con Nanoagujas para la hiperpigmentaci\u00f3n, ya que ayuda a reducir las protuberancias de la piel.<\/p>\n<p>La f\u00f3rmula de la mascarilla forma una pel\u00edcula sobre la superficie de la piel que impide la p\u00e9rdida de agua de la epidermis, dejando la piel intensamente hidratada y reafirmada.<\/p>\n<p><strong>Modo de empleo:<\/strong> tras limpiar el rostro y aplicar el suero, aplica la mascarilla uniformemente sobre la piel. D\u00e9jala sobre el rostro unos 20 minutos y ret\u00edrala suavemente con una envoltura de tratamiento o un bastoncillo de algod\u00f3n. Despu\u00e9s de aplicar la mascarilla, se recomienda aplicar una crema.  <\/p>\n<p><strong>Capacidad:<\/strong><\/p>\n<p>100 ml<\/p>\n<p>&nbsp;<\/p>\n<p>INGREDIENTES: AQUA, PROPANEDIOL, ISONANOATO DE ISONONILO, ESTEARATO DE SORBIT\u00c1N<br \/>\n, ALCOHOL CETEAR\u00cdLICO, COCO-CAPRILATO, MANTECA DE BUTYROSPERMUM PARKII<br \/>\n, TREHALOSA, GLUC\u00d3SIDO DE ASCORBILO, BAICALINA, EXTRACTO DE RA\u00cdZ DE PANAX GINSENG<br \/>\n, SEDA HIDROLIZADA, \u00c1CIDO L\u00c1CTICO, GLICERINA, COCOATO DE SACAROSA, SILICATO DE ALUMINIO Y MAGNESIO<br \/>\n, FOSFATO DE DITILO, CETETH-10 FOSFATO, TALCO,<br \/>\nPOLIACRILATO S\u00d3DICO, TRIDECETH-6, ACRILATOS\/C10-30 ALQUIL ACRILATO CROSSPOLYMER,<br \/>\n\u00c1CIDO C\u00cdTRICO, EDTA DIS\u00d3DICO, FITATO S\u00d3DICO, ALCOHOL, TRIETANOLAMINA,<br \/>\nBENZOATO S\u00d3DICO, SORBATO POT\u00c1SICO, \u00c1CIDO BENZOICO, \u00c1CIDO DESHIDROAC\u00c9TICO,<br \/>\nFENOXIETANOL, ETILHEXILGLICERINA, BHT, TOCOFEROL, PARFUM, CI 19140<\/p>\n","protected":false},"excerpt":{"rendered":"<p>Mascarilla revitalizante con funci\u00f3n eliminadora de manchas. Devuelve un aspecto joven y saludable a los cutis cetrinos. <\/p>\n","protected":false},"featured_media":1617,"comment_status":"closed","ping_status":"closed","template":"","meta":[],"product_cat":[209,207,208],"product_tag":[],"class_list":{"0":"post-1834","1":"product","2":"type-product","3":"status-publish","4":"has-post-thumbnail","6":"product_cat-decoloracion","7":"product_cat-nanoagujas","8":"product_cat-renovacion-epidermica","10":"first","11":"instock","12":"shipping-taxable","13":"product-type-simple"},"jetpack_sharing_enabled":true,"_links":{"self":[{"href":"https:\/\/aurumaris.pro\/es\/wp-json\/wp\/v2\/product\/1834","targetHints":{"allow":["GET"]}}],"collection":[{"href":"https:\/\/aurumaris.pro\/es\/wp-json\/wp\/v2\/product"}],"about":[{"href":"https:\/\/aurumaris.pro\/es\/wp-json\/wp\/v2\/types\/product"}],"replies":[{"embeddable":true,"href":"https:\/\/aurumaris.pro\/es\/wp-json\/wp\/v2\/comments?post=1834"}],"wp:featuredmedia":[{"embeddable":true,"href":"https:\/\/aurumaris.pro\/es\/wp-json\/wp\/v2\/media\/1617"}],"wp:attachment":[{"href":"https:\/\/aurumaris.pro\/es\/wp-json\/wp\/v2\/media?parent=1834"}],"wp:term":[{"taxonomy":"product_cat","embeddable":true,"href":"https:\/\/aurumaris.pro\/es\/wp-json\/wp\/v2\/product_cat?post=1834"},{"taxonomy":"product_tag","embeddable":true,"href":"https:\/\/aurumaris.pro\/es\/wp-json\/wp\/v2\/product_tag?post=1834"}],"curies":[{"name":"wp","href":"https:\/\/api.w.org\/{rel}","templated":true}]}}