{"id":1825,"date":"2025-03-21T12:54:42","date_gmt":"2025-03-21T11:54:42","guid":{"rendered":"https:\/\/aurumaris.pro\/produkt\/mascarilla-rellenadora-de-piel-5d\/"},"modified":"2025-08-25T14:49:51","modified_gmt":"2025-08-25T12:49:51","slug":"mascarilla-rellenadora-de-piel-5d","status":"publish","type":"product","link":"https:\/\/aurumaris.pro\/es\/produkt\/mascarilla-rellenadora-de-piel-5d\/","title":{"rendered":"MASCARILLA RELLENADORA DE PIEL 5D"},"content":{"rendered":"<p class=\"cvGsUA direction-ltr align-justify para-style-body\"><span class=\"OYPEnA font-feature-liga-off font-feature-clig-off font-feature-calt-off text-decoration-none text-strikethrough-none\" style=\"font-weight: 400;font-style: normal\">La mascarilla facial hidratante intensiva est\u00e1 dise\u00f1ada para mejorar la firmeza y elasticidad de la piel, regenerarla y protegerla.<\/span><\/p>\n<p class=\"cvGsUA direction-ltr align-justify para-style-body\"><span class=\"OYPEnA font-feature-liga-off font-feature-clig-off font-feature-calt-off text-decoration-none text-strikethrough-none\" style=\"font-weight: 400;font-style: normal\">Su f\u00f3rmula combina ingredientes naturales como la manteca de karit\u00e9, que nutre intensamente y restaura la suavidad, la glicerina y el \u00e1cido hialur\u00f3nico, que fijan el agua en la piel y proporcionan una hidrataci\u00f3n duradera, y las vitaminas C y E, que tienen un efecto ANTIOXIDANTE, protegiendo contra las influencias externas nocivas.<\/span><\/p>\n<p class=\"cvGsUA direction-ltr align-justify para-style-body\"><span class=\"OYPEnA font-feature-liga-off font-feature-clig-off font-feature-calt-off text-decoration-none text-strikethrough-none\" style=\"font-weight: 400;font-style: normal\">Los ingredientes que contiene la mascarilla, como el pantenol y la urea, calman las irritaciones, refuerzan la barrera hidrolip\u00eddica y favorecen los procesos de regeneraci\u00f3n<\/span>.<\/p>\n<p class=\"cvGsUA direction-ltr align-justify para-style-body\"><span class=\"OYPEnA font-feature-liga-off font-feature-clig-off font-feature-calt-off text-decoration-none text-strikethrough-none\" style=\"font-weight: 400;font-style: normal\">Gracias a su textura ligera pero rica, la mascarilla se absorbe r\u00e1pidamente, dejando la piel suave, flexible y radiante. Ideal para todo tipo de pieles, especialmente las secas que necesitan nutrici\u00f3n y las maduras. <\/span><\/p>\n<p>El uso regular de la Mascarilla en Crema de \u00c1cido Hialur\u00f3nico Aurumaris Professional puede beneficiar a la piel de muchas maneras, como hidrataci\u00f3n intensa, mejora de la elasticidad y reducci\u00f3n del aspecto de las arrugas. La piel se vuelve m\u00e1s firme, radiante y fresca. <\/p>\n<p><strong>Modo de empleo:<\/strong> aplica una capa uniforme sobre la piel limpia del rostro, cuello y escote. D\u00e9jala sobre la piel durante unos 20 minutos y luego elimina el exceso de producto con agua. <\/p>\n<p><strong>Capacidad:<\/strong><\/p>\n<p>200 ml<\/p>\n<p>&nbsp;<\/p>\n<p>INGREDIENTES: AQUA, ESTEARATO DE SORBIT\u00c1N, ALCOHOL CETEAR\u00cdLICO, ISONONANOATO DE ISONONILO,<br \/>\nPROPANEDIOL, MANTECA DE BUTYROSPERMUM PARKII, COCO-CAPRILATO, GLICERINA,<br \/>\nHIALURONATO S\u00d3DICO, CROSSPOLYMER DE HIALURONATO S\u00d3DICO, PALMITATO DE ASCORBILO, \u00c1CIDO<br \/>\nASC\u00d3RBICO, ISOMERATO DE SAC\u00c1RIDOS, PANTENOL, UREA, CITRATO S\u00d3DICO, CAPRILIL GLICOL,<br \/>\nPANTOLACTONA, POLIACRILATO S\u00d3DICO, ACRILATOS\/C10-30 ACRILATO DE ALQUILO CROSSPOLYMER,<br \/>\nTALCO, FOSFATO DE CETETH-10, FOSFATO DE DICOETILO, COCOATO DE SACAROSA, MANITOL, HEXIL<br \/>\nCINAMAL, 1,2-HEXANEDIOL, BENCIL GLICOL, CELULOSA MICROCRISTALINA, PEG-8,<br \/>\n\u00c1CIDO C\u00cdTRICO, TRIETANOLAMINA, TOCOFEROL, BHT, FENOXIETANOL, \u00c1CIDO BENZOICO,<br \/>\n\u00c1CIDO DESHIDROAC\u00c9TICO, ETILHEXILGLICERINA, PARFUM, LINALOOL, CETONA DE FRAMBUESA, CI 77007<\/p>\n","protected":false},"excerpt":{"rendered":"<p>Una mascarilla rellenadora y reafirmante con funciones alisadoras de arrugas y superhidratantes.<\/p>\n","protected":false},"featured_media":1602,"comment_status":"closed","ping_status":"closed","template":"","meta":[],"product_cat":[206,207],"product_tag":[],"class_list":{"0":"post-1825","1":"product","2":"type-product","3":"status-publish","4":"has-post-thumbnail","6":"product_cat-elevacion","7":"product_cat-nanoagujas","9":"first","10":"instock","11":"shipping-taxable","12":"product-type-simple"},"jetpack_sharing_enabled":true,"_links":{"self":[{"href":"https:\/\/aurumaris.pro\/es\/wp-json\/wp\/v2\/product\/1825","targetHints":{"allow":["GET"]}}],"collection":[{"href":"https:\/\/aurumaris.pro\/es\/wp-json\/wp\/v2\/product"}],"about":[{"href":"https:\/\/aurumaris.pro\/es\/wp-json\/wp\/v2\/types\/product"}],"replies":[{"embeddable":true,"href":"https:\/\/aurumaris.pro\/es\/wp-json\/wp\/v2\/comments?post=1825"}],"wp:featuredmedia":[{"embeddable":true,"href":"https:\/\/aurumaris.pro\/es\/wp-json\/wp\/v2\/media\/1602"}],"wp:attachment":[{"href":"https:\/\/aurumaris.pro\/es\/wp-json\/wp\/v2\/media?parent=1825"}],"wp:term":[{"taxonomy":"product_cat","embeddable":true,"href":"https:\/\/aurumaris.pro\/es\/wp-json\/wp\/v2\/product_cat?post=1825"},{"taxonomy":"product_tag","embeddable":true,"href":"https:\/\/aurumaris.pro\/es\/wp-json\/wp\/v2\/product_tag?post=1825"}],"curies":[{"name":"wp","href":"https:\/\/api.w.org\/{rel}","templated":true}]}}