{"id":1824,"date":"2025-03-21T12:54:42","date_gmt":"2025-03-21T11:54:42","guid":{"rendered":"https:\/\/aurumaris.pro\/produkt\/5d-suero-rellenador-de-la-piel\/"},"modified":"2025-08-25T14:50:28","modified_gmt":"2025-08-25T12:50:28","slug":"5d-suero-rellenador-de-la-piel","status":"publish","type":"product","link":"https:\/\/aurumaris.pro\/es\/produkt\/5d-suero-rellenador-de-la-piel\/","title":{"rendered":"5D SUERO RELLENADOR DE LA PIEL"},"content":{"rendered":"<p>El s\u00e9rum 5D SKIN FILLER est\u00e1 dise\u00f1ado para pieles secas y deshidratadas, pero tambi\u00e9n para pieles maduras o problem\u00e1ticas con imperfecciones. Es la soluci\u00f3n perfecta para quienes buscan una hidrataci\u00f3n intensa y una regeneraci\u00f3n r\u00e1pida de la piel. Contiene una mezcla \u00fanica de ingredientes activos, entre ellos el hialur\u00f3n, que reduce eficazmente el aspecto de las arrugas, dando a la piel una textura suave y firme.  <\/p>\n<p>El uso regular del Suero Hidratante Profesional Aurumaris puede mejorar significativamente el estado de la piel seca y deshidratada, d\u00e1ndole un aspecto suave, flexible y radiante.<\/p>\n<p><span class=\"OYPEnA font-feature-liga-off font-feature-clig-off font-feature-calt-off text-decoration-none text-strikethrough-none\" style=\"font-style: normal;font-weight: 400;letter-spacing: normal;text-align: start;text-indent: 0px;text-transform: none;text-decoration: none\">Contiene una mezcla \u00fanica de ingredientes activos, entre ellos<\/span><span class=\"OYPEnA font-feature-liga-off font-feature-clig-off font-feature-calt-off text-decoration-none text-strikethrough-none\" style=\"font-style: normal;letter-spacing: normal;text-align: start;text-indent: 0px;text-transform: none;text-decoration: none;font-weight: bold\"><strong><span class=\"Apple-converted-space\">&nbsp;<\/span><\/strong><\/span><span class=\"OYPEnA font-feature-liga-off font-feature-clig-off font-feature-calt-off text-decoration-none text-strikethrough-none\" style=\"font-style: normal;letter-spacing: normal;text-align: start;text-indent: 0px;text-transform: none;text-decoration: none;font-weight: bold\"><strong>Hialuronato s\u00f3dico<\/strong><\/span><span class=\"OYPEnA font-feature-liga-off font-feature-clig-off font-feature-calt-off text-decoration-none text-strikethrough-none\" style=\"font-style: normal;letter-spacing: normal;text-align: start;text-indent: 0px;text-transform: none;text-decoration: none;font-weight: bold\"><strong><span class=\"Apple-converted-space\">&nbsp;<\/span><\/strong><\/span><span class=\"OYPEnA font-feature-liga-off font-feature-clig-off font-feature-calt-off text-decoration-none text-strikethrough-none\" style=\"font-style: normal;font-weight: 400;letter-spacing: normal;text-align: start;text-indent: 0px;text-transform: none;text-decoration: none\">(\u00e1cido hialur\u00f3nico reticulado),<\/span><span class=\"OYPEnA font-feature-liga-off font-feature-clig-off font-feature-calt-off text-decoration-none text-strikethrough-none\" style=\"font-style: normal;font-weight: 400;letter-spacing: normal;text-align: start;text-indent: 0px;text-transform: none;text-decoration: none\"><span class=\"Apple-converted-space\">&nbsp;<\/span><\/span><span class=\"OYPEnA font-feature-liga-off font-feature-clig-off font-feature-calt-off text-decoration-none text-strikethrough-none\" style=\"font-style: normal;letter-spacing: normal;text-align: start;text-indent: 0px;text-transform: none;text-decoration: none;font-weight: bold\"><strong>Pol\u00edmero cruzado de hialuronato s\u00f3dico<\/strong><\/span><span class=\"OYPEnA font-feature-liga-off font-feature-clig-off font-feature-calt-off text-decoration-none text-strikethrough-none\" style=\"font-style: normal;font-weight: 400;letter-spacing: normal;text-align: start;text-indent: 0px;text-transform: none;text-decoration: none\"><span class=\"Apple-converted-space\">&nbsp;<\/span><\/span><span class=\"OYPEnA font-feature-liga-off font-feature-clig-off font-feature-calt-off text-decoration-none text-strikethrough-none\" style=\"font-style: normal;font-weight: 400;letter-spacing: normal;text-align: start;text-indent: 0px;text-transform: none;text-decoration: none\">(KH macromolecular),<\/span><span class=\"OYPEnA font-feature-liga-off font-feature-clig-off font-feature-calt-off text-decoration-none text-strikethrough-none\" style=\"font-style: normal;font-weight: 400;letter-spacing: normal;text-align: start;text-indent: 0px;text-transform: none;text-decoration: none\"><span class=\"Apple-converted-space\">&nbsp;<\/span><\/span><span class=\"OYPEnA font-feature-liga-off font-feature-clig-off font-feature-calt-off text-decoration-none text-strikethrough-none\" style=\"font-style: normal;letter-spacing: normal;text-align: start;text-indent: 0px;text-transform: none;text-decoration: none;font-weight: bold\"><strong>Pantenol<\/strong><\/span><span class=\"OYPEnA font-feature-liga-off font-feature-clig-off font-feature-calt-off text-decoration-none text-strikethrough-none\" style=\"font-style: normal;font-weight: 400;letter-spacing: normal;text-align: start;text-indent: 0px;text-transform: none;text-decoration: none\"><span class=\"Apple-converted-space\">&nbsp;<\/span><\/span><span class=\"OYPEnA font-feature-liga-off font-feature-clig-off font-feature-calt-off text-decoration-none text-strikethrough-none\" style=\"font-style: normal;font-weight: 400;letter-spacing: normal;text-align: start;text-indent: 0px;text-transform: none;text-decoration: none\">(Provitamina B5) y extracto de algas marinas<\/span><span class=\"OYPEnA font-feature-liga-off font-feature-clig-off font-feature-calt-off text-decoration-none text-strikethrough-none\" style=\"font-style: normal;font-weight: 400;letter-spacing: normal;text-align: start;text-indent: 0px;text-transform: none;text-decoration: none\"><span class=\"Apple-converted-space\">&nbsp;<\/span><\/span><span class=\"OYPEnA font-feature-liga-off font-feature-clig-off font-feature-calt-off text-decoration-none text-strikethrough-none\" style=\"font-style: normal;letter-spacing: normal;text-align: start;text-indent: 0px;text-transform: none;text-decoration: none;font-weight: bold\"><strong>Extracto de Laminaria Hyperborea<\/strong><\/span><span class=\"OYPEnA font-feature-liga-off font-feature-clig-off font-feature-calt-off text-decoration-none text-strikethrough-none\" style=\"font-style: normal;letter-spacing: normal;text-align: start;text-indent: 0px;text-transform: none;text-decoration: none;font-weight: bold\"><strong><span class=\"Apple-converted-space\">&nbsp;<\/span><\/strong><\/span><span class=\"OYPEnA font-feature-liga-off font-feature-clig-off font-feature-calt-off text-decoration-none text-strikethrough-none\" style=\"font-style: normal;font-weight: 400;letter-spacing: normal;text-align: start;text-indent: 0px;text-transform: none;text-decoration: none\">(un exopolisac\u00e1rido marino), rico en minerales y nutrientes. Ayuda a hidratar y nutrir la piel y tambi\u00e9n tiene un efecto protector. Las algas tambi\u00e9n son conocidas por sus propiedades antioxidantes, que protegen la piel de los da\u00f1os causados por los radicales libres.  <\/span><\/p>\n<p><strong>Modo de empleo:<\/strong> aplicar sobre la piel perfectamente limpia del rostro, cuello y escote. El suero se deja absorber y no es necesario lavarlo. Se puede utilizar a diario, por la ma\u00f1ana y por la noche, como parte de tu rutina diaria de cuidado de la piel.  <\/p>\n<p><strong>Contenido:<\/strong><\/p>\n<p>10 ampollas de 3 ml<\/p>\n<p>&nbsp;<\/p>\n<p>INGREDIENTES: AQUA, GLICERINA, COCOATO DE GLICERILO PEG-7, HIALURONATO DE SODIO, HIPOPOL\u00cdMERO CRUZADO DE HIALURONATO DE SODIO, EXTRACTO DE LAMINARIA HYPERBOREA, ISOMERATO DE SAC\u00c1RIDOS, PANTENOL, 1,2-HEXANODIOL, CAPRILIL GLICOL, BUTILENGLICOL, ETILHEXIL, METOXICINAMATO, BUTIL METOXIDIBENZOILMETANO, SALICILATO DE ETILHEXILO, PANTOLACTONA, CROSSPOLYMER-6 DE POLIACRILATO, \u00c1CIDO C\u00cdTRICO, CITRATO S\u00d3DICO, ACEITE DE RICINO HIDROGENADO PEG-40, PPG-26-BUTETH-26, TRIETANOLAMINA, ALCOHOL T-BUT\u00cdLICO,<br \/>\nBENCILGLICOL, CETONA DE FRAMBUESA, FENOXIETANOL, ETILHEXILGLICERINA, PARFUM, IONONA ALFA-ISOMETIL, LIMONENO, GERANIOL, HEXIL CINAMAL, LINALOOL, CI 42090<\/p>\n","protected":false},"excerpt":{"rendered":"<p>Suero rellenador y lifting en ampollas. Alisa eficazmente las arrugas y reconstruye la elasticidad de la piel. <\/p>\n","protected":false},"featured_media":1612,"comment_status":"closed","ping_status":"closed","template":"","meta":[],"product_cat":[206,207],"product_tag":[],"class_list":{"0":"post-1824","1":"product","2":"type-product","3":"status-publish","4":"has-post-thumbnail","6":"product_cat-elevacion","7":"product_cat-nanoagujas","9":"first","10":"instock","11":"shipping-taxable","12":"product-type-simple"},"jetpack_sharing_enabled":true,"_links":{"self":[{"href":"https:\/\/aurumaris.pro\/es\/wp-json\/wp\/v2\/product\/1824","targetHints":{"allow":["GET"]}}],"collection":[{"href":"https:\/\/aurumaris.pro\/es\/wp-json\/wp\/v2\/product"}],"about":[{"href":"https:\/\/aurumaris.pro\/es\/wp-json\/wp\/v2\/types\/product"}],"replies":[{"embeddable":true,"href":"https:\/\/aurumaris.pro\/es\/wp-json\/wp\/v2\/comments?post=1824"}],"wp:featuredmedia":[{"embeddable":true,"href":"https:\/\/aurumaris.pro\/es\/wp-json\/wp\/v2\/media\/1612"}],"wp:attachment":[{"href":"https:\/\/aurumaris.pro\/es\/wp-json\/wp\/v2\/media?parent=1824"}],"wp:term":[{"taxonomy":"product_cat","embeddable":true,"href":"https:\/\/aurumaris.pro\/es\/wp-json\/wp\/v2\/product_cat?post=1824"},{"taxonomy":"product_tag","embeddable":true,"href":"https:\/\/aurumaris.pro\/es\/wp-json\/wp\/v2\/product_tag?post=1824"}],"curies":[{"name":"wp","href":"https:\/\/api.w.org\/{rel}","templated":true}]}}