{"id":1815,"date":"2025-03-21T12:54:42","date_gmt":"2025-03-21T11:54:42","guid":{"rendered":"https:\/\/aurumaris.pro\/produkt\/peptido-estimulante-de-la-piel\/"},"modified":"2025-08-25T14:52:47","modified_gmt":"2025-08-25T12:52:47","slug":"peptido-estimulante-de-la-piel","status":"publish","type":"product","link":"https:\/\/aurumaris.pro\/es\/produkt\/peptido-estimulante-de-la-piel\/","title":{"rendered":"P\u00c9PTIDO ESTIMULANTE DE LA PIEL"},"content":{"rendered":"<p>El Suero P\u00e9ptido Profesional Aurumaris est\u00e1 especialmente formulado para pieles maduras que necesitan un efecto lifting y una nutrici\u00f3n intensiva. Act\u00faa intensamente para alisar las arrugas, tensar la piel y mejorar su firmeza y elasticidad. <\/p>\n<p>El uso regular del suero pept\u00eddico de Aurumaris Professional puede beneficiar a la piel de muchas maneras, como hidrataci\u00f3n intensa, nutrici\u00f3n y rejuvenecimiento integral. Favorece la restauraci\u00f3n de la BHL. <\/p>\n<p>El ingrediente clave de este suero es un complejo pept\u00eddico que estimula la producci\u00f3n de col\u00e1geno, fibronectina y \u00e1cido hialur\u00f3nico en la piel. Estas sustancias son esenciales para la regeneraci\u00f3n de la estructura cut\u00e1nea, ayudando a rejuvenecer y reafirmar la piel. <\/p>\n<p><strong>Modo de empleo:<\/strong> apl\u00edcalo sobre la piel bien limpia del rostro, cuello y escote durante el masaje o los tratamientos con c\u00e1mara. No es necesario aclarar el suero, lo que permite que sus ingredientes se absorban eficazmente en la piel. Antes de usarlo, se recomienda agitar el envase para distribuir uniformemente los ingredientes que contiene.  <\/p>\n<p><strong>Capacidad:<\/strong><\/p>\n<p>10 ampollas de 3 ml<\/p>\n<p>&nbsp;<\/p>\n<p>INGREDIENTES: AQUA, GLICERINA, PEG-7 GLICERIL COCOATO, EXTRACTO DE CAVIAR, PALMITOIL TRIP\u00c9PTIDO-1, PALMITOIL TETRAP\u00c9PTIDO-7, GOMA XANTANA, \u00c1CIDO C\u00cdTRICO, CARB\u00d3MERO, POLISORBATO 20, LACTATO S\u00d3DICO, BUTILENGLICOL, BENZOATO S\u00d3DICO, TRIETANOLAMINA, SORBATO POT\u00c1SICO, FENOXIETANOL, CAPRILIL GLICOL, PARFUM, SALICILATO DE BENCILO, LINALOL, IONONA ALFA-ISOMETIL, GERANIOL, HEXIL CINAMAL<\/p>\n","protected":false},"excerpt":{"rendered":"<p>Suero en ampolla antiarrugas con funci\u00f3n de reconstrucci\u00f3n de la matriz de la piel madura y BHL.<span style=\"font-weight: 400\">Estimula la producci\u00f3n de col\u00e1geno, fibronectina y \u00e1cido hialur\u00f3nico.<\/span> <\/p>\n","protected":false},"featured_media":1577,"comment_status":"closed","ping_status":"closed","template":"","meta":[],"product_cat":[250,206,208],"product_tag":[],"class_list":{"0":"post-1815","1":"product","2":"type-product","3":"status-publish","4":"has-post-thumbnail","6":"product_cat-atencion","7":"product_cat-elevacion","8":"product_cat-renovacion-epidermica","10":"first","11":"instock","12":"shipping-taxable","13":"product-type-simple"},"jetpack_sharing_enabled":true,"_links":{"self":[{"href":"https:\/\/aurumaris.pro\/es\/wp-json\/wp\/v2\/product\/1815","targetHints":{"allow":["GET"]}}],"collection":[{"href":"https:\/\/aurumaris.pro\/es\/wp-json\/wp\/v2\/product"}],"about":[{"href":"https:\/\/aurumaris.pro\/es\/wp-json\/wp\/v2\/types\/product"}],"replies":[{"embeddable":true,"href":"https:\/\/aurumaris.pro\/es\/wp-json\/wp\/v2\/comments?post=1815"}],"wp:featuredmedia":[{"embeddable":true,"href":"https:\/\/aurumaris.pro\/es\/wp-json\/wp\/v2\/media\/1577"}],"wp:attachment":[{"href":"https:\/\/aurumaris.pro\/es\/wp-json\/wp\/v2\/media?parent=1815"}],"wp:term":[{"taxonomy":"product_cat","embeddable":true,"href":"https:\/\/aurumaris.pro\/es\/wp-json\/wp\/v2\/product_cat?post=1815"},{"taxonomy":"product_tag","embeddable":true,"href":"https:\/\/aurumaris.pro\/es\/wp-json\/wp\/v2\/product_tag?post=1815"}],"curies":[{"name":"wp","href":"https:\/\/api.w.org\/{rel}","templated":true}]}}