{"id":1814,"date":"2025-03-21T12:54:42","date_gmt":"2025-03-21T11:54:42","guid":{"rendered":"https:\/\/aurumaris.pro\/produkt\/crema-neuropeptida-de-dia\/"},"modified":"2026-02-17T19:11:32","modified_gmt":"2026-02-17T18:11:32","slug":"crema-neuropeptida-de-dia","status":"publish","type":"product","link":"https:\/\/aurumaris.pro\/es\/produkt\/crema-neuropeptida-de-dia\/","title":{"rendered":"CREMA NEUROP\u00c9PTIDA DE D\u00cdA"},"content":{"rendered":"<p>La crema de d\u00eda lifting de Aurumaris Professional es la soluci\u00f3n ideal para la piel madura con arrugas visibles y p\u00e9rdida de elasticidad. Gracias a su contenido en p\u00e9ptidos, la crema ayuda a la piel a recuperar firmeza y elasticidad, alisando eficazmente las arrugas existentes y previniendo la formaci\u00f3n de otras nuevas. <\/p>\n<p>El uso regular de la crema de d\u00eda lifting Aurumaris Professional puede ayudar a mejorar el aspecto de la piel, aport\u00e1ndole firmeza, elasticidad y tersura.<\/p>\n<p>La f\u00f3rmula ligera de la crema hace que se absorba r\u00e1pidamente, alisando la piel al instante. Adem\u00e1s, la crema prepara perfectamente la piel para la aplicaci\u00f3n del maquillaje, creando la base perfecta. <\/p>\n<p><strong>Modo de empleo:<\/strong> aplicar sobre el rostro, cuello y escote bien limpios. Puedes utilizarlo cada ma\u00f1ana como parte de tu rutina matutina de cuidado de la piel. <\/p>\n<p><strong>Capacidad:<\/strong><\/p>\n<p>50 ml<\/p>\n<p>INGREDIENTES: AQUA, ALCOHOL CETEAR\u00cdLICO, ISONANOATO DE ISONONILO, ESTEARATO DE SORBIT\u00c1N, BENZOATO DE C12-15 ALQUIL<br \/>\n, COCO-CAPRILATO, GLICERINA, MANTECA DE BUTYROSPERMUM PARKII, DIACETATO DE DIPEPTIDO DIAMINOBUTIROIL<br \/>\nBENCILAMIDA, PALMITOIL TRIP\u00c9PTIDO-1, PALMITOIL TETRAP\u00c9PTIDO-7, SEDA HIDROLIZADA, EXTRACTO DE FRUTO DE VITIS<br \/>\nVINIFERA, HARINA DE AVENA SATIVA, ACETATO DE TOCOFERILO, BUTILENGLICOL, TALCO,<br \/>\nCOCOATO DE SACAROSA, FOSFATO DE DITILO, CETETH-10 FOSFATO, \u00c1CIDO L\u00c1CTICO, SORBITOL, CARB\u00d3MERO,<br \/>\nACRILATOS\/C10-30 ALQUIL ACRILATO CROSSPOLYMER, POLISORBATO 20, \u00c1CIDO C\u00cdTRICO, LACTATO S\u00d3DICO,<br \/>\nDIHIDROXI METILCROMONA, EDTA DIS\u00d3DICO, TRIETANOLAMINA, BENZOATO S\u00d3DICO, SORBATO POT\u00c1SICO<br \/>\n, FENOXIETANOL, ETILHEXILGLICERINA, BHT, TOCOFEROL, PARFUM, HIDROXICITRONELAL,<br \/>\nIONONA ALFA-ISOMETIL, CITRONELOL, LINALOL, LIMONENO, CI 42090, CI 14700<\/p>\n","protected":false},"excerpt":{"rendered":"<p>Crema pept\u00eddica super-lifting con funci\u00f3n restauradora de la elasticidad. Perfecta bajo el maquillaje. <\/p>\n","protected":false},"featured_media":1572,"comment_status":"closed","ping_status":"closed","template":"","meta":[],"product_cat":[206,208],"product_tag":[],"class_list":{"0":"post-1814","1":"product","2":"type-product","3":"status-publish","4":"has-post-thumbnail","6":"product_cat-elevacion","7":"product_cat-renovacion-epidermica","9":"first","10":"instock","11":"shipping-taxable","12":"product-type-simple"},"jetpack_sharing_enabled":true,"_links":{"self":[{"href":"https:\/\/aurumaris.pro\/es\/wp-json\/wp\/v2\/product\/1814","targetHints":{"allow":["GET"]}}],"collection":[{"href":"https:\/\/aurumaris.pro\/es\/wp-json\/wp\/v2\/product"}],"about":[{"href":"https:\/\/aurumaris.pro\/es\/wp-json\/wp\/v2\/types\/product"}],"replies":[{"embeddable":true,"href":"https:\/\/aurumaris.pro\/es\/wp-json\/wp\/v2\/comments?post=1814"}],"wp:featuredmedia":[{"embeddable":true,"href":"https:\/\/aurumaris.pro\/es\/wp-json\/wp\/v2\/media\/1572"}],"wp:attachment":[{"href":"https:\/\/aurumaris.pro\/es\/wp-json\/wp\/v2\/media?parent=1814"}],"wp:term":[{"taxonomy":"product_cat","embeddable":true,"href":"https:\/\/aurumaris.pro\/es\/wp-json\/wp\/v2\/product_cat?post=1814"},{"taxonomy":"product_tag","embeddable":true,"href":"https:\/\/aurumaris.pro\/es\/wp-json\/wp\/v2\/product_tag?post=1814"}],"curies":[{"name":"wp","href":"https:\/\/api.w.org\/{rel}","templated":true}]}}