{"id":1803,"date":"2025-03-21T12:54:42","date_gmt":"2025-03-21T11:54:42","guid":{"rendered":"https:\/\/aurumaris.pro\/produkt\/exfoliacion-cutanea-con-celulas-madre\/"},"modified":"2025-12-14T21:24:56","modified_gmt":"2025-12-14T20:24:56","slug":"exfoliacion-cutanea-con-celulas-madre","status":"publish","type":"product","link":"https:\/\/aurumaris.pro\/es\/produkt\/exfoliacion-cutanea-con-celulas-madre\/","title":{"rendered":"EXFOLIACI\u00d3N CUT\u00c1NEA CON C\u00c9LULAS MADRE"},"content":{"rendered":"<p>STEM CELL SKIN PEELING es un producto de acci\u00f3n bif\u00e1sica es la soluci\u00f3n perfecta para quienes buscan una forma eficaz de limpiar y alisar la piel, sea cual sea su tipo. Gracias al uso de dos mecanismos de acci\u00f3n diferentes, enzim\u00e1tico (gracias a la papa\u00edna) y mec\u00e1nico (gracias a las part\u00edculas de bamb\u00fa), el peeling elimina eficazmente la epidermis queratinizada, desobstruye los poros y deja la piel suave y radiante. <\/p>\n<p>Con el uso regular de este exfoliante, la piel aparecer\u00e1 m\u00e1s sana, radiante y con una textura uniforme, lo que la convierte en la base perfecta para otros cuidados de la piel.<\/p>\n<p class=\"cvGsUA direction-ltr align-justify para-style-body\"><span class=\"OYPEnA font-feature-liga-off font-feature-clig-off font-feature-calt-off text-decoration-none text-strikethrough-none\" style=\"font-weight: 400;font-style: normal\">\u00bfQu\u00e9 problemas resuelve?<\/span><\/p>\n<p class=\"cvGsUA direction-ltr align-justify para-style-body\"><span class=\"OYPEnA font-feature-liga-off font-feature-clig-off font-feature-calt-off text-decoration-none text-strikethrough-none\" style=\"font-weight: 400;font-style: normal\">&#8211;<\/span><span class=\"OYPEnA font-feature-liga-off font-feature-clig-off font-feature-calt-off text-decoration-none text-strikethrough-none\" style=\"font-weight: 400;font-style: normal\"><span class=\"Apple-converted-space\"> <\/span><\/span><span class=\"OYPEnA font-feature-liga-off font-feature-clig-off font-feature-calt-off text-decoration-none text-strikethrough-none\" style=\"font-weight: bold;font-style: normal\"><strong>Exfoliaci\u00f3n de las c\u00e9lulas muertas de la piel:<\/strong><\/span><span class=\"OYPEnA font-feature-liga-off font-feature-clig-off font-feature-calt-off text-decoration-none text-strikethrough-none\" style=\"font-weight: 400;font-style: normal\"><span class=\"Apple-converted-space\"> <\/span><\/span><span class=\"OYPEnA font-feature-liga-off font-feature-clig-off font-feature-calt-off text-decoration-none text-strikethrough-none\" style=\"font-weight: 400;font-style: normal\">Gracias al polvo de bamb\u00fa y a la enzima papa\u00edna, el exfoliante elimina eficazmente la piel muerta, alisando la piel y mejorando su textura.<\/span><\/p>\n<p class=\"cvGsUA direction-ltr align-justify para-style-body\"><span class=\"OYPEnA font-feature-liga-off font-feature-clig-off font-feature-calt-off text-decoration-none text-strikethrough-none\" style=\"font-weight: 400;font-style: normal\">&#8211;<\/span><span class=\"OYPEnA font-feature-liga-off font-feature-clig-off font-feature-calt-off text-decoration-none text-strikethrough-none\" style=\"font-weight: 400;font-style: normal\"><span class=\"Apple-converted-space\"> <\/span><\/span><span class=\"OYPEnA font-feature-liga-off font-feature-clig-off font-feature-calt-off text-decoration-none text-strikethrough-none\" style=\"font-weight: bold;font-style: normal\"><strong>Iluminador y rejuvenecedor<\/strong><\/span><span class=\"OYPEnA font-feature-liga-off font-feature-clig-off font-feature-calt-off text-decoration-none text-strikethrough-none\" style=\"font-weight: 400;font-style: normal\">: El caviar y el extracto de ginseng revitalizan la piel para un aspecto sano y radiante.<\/span><\/p>\n<p class=\"cvGsUA direction-ltr align-justify para-style-body\"><span class=\"OYPEnA font-feature-liga-off font-feature-clig-off font-feature-calt-off text-decoration-none text-strikethrough-none\" style=\"font-weight: 400;font-style: normal\">&#8211;<\/span><span class=\"OYPEnA font-feature-liga-off font-feature-clig-off font-feature-calt-off text-decoration-none text-strikethrough-none\" style=\"font-weight: 400;font-style: normal\"><span class=\"Apple-converted-space\"> <\/span><\/span><span class=\"OYPEnA font-feature-liga-off font-feature-clig-off font-feature-calt-off text-decoration-none text-strikethrough-none\" style=\"font-weight: bold;font-style: normal\"><strong>Mejora el color y alisa<\/strong><\/span><span class=\"OYPEnA font-feature-liga-off font-feature-clig-off font-feature-calt-off text-decoration-none text-strikethrough-none\" style=\"font-weight: 400;font-style: normal\">Gracias a ingredientes como el \u00c1cido C\u00edtrico, la exfoliaci\u00f3n ayuda a igualar el tono de la piel y a alisarla.<\/span><\/p>\n<p class=\"cvGsUA direction-ltr align-justify para-style-body\">La vitamina E, por su parte, neutraliza los radicales libres, que son la causa principal del proceso de envejecimiento de la piel, ayudando as\u00ed a retrasar la aparici\u00f3n de arrugas y a mantener la piel con un aspecto joven.<\/p>\n<p><strong>Modo de empleo:<\/strong> aplica suavemente el exfoliante sobre la piel limpia de la cara, el cuello y el escote durante 10 minutos, despu\u00e9s m\u00f3jate las manos y masajea suavemente. Tras el masaje, retira el producto con abundante agua, dejando la piel limpia y fresca. <\/p>\n<p><strong>Capacidad: <\/strong>200 ml<\/p>\n<p>&nbsp;<\/p>\n<p>INGREDIENTES: AQUA, GLICERINA, POLVO DE TALLO DE BAMBUSA ARUNDINACEA, ACEITE DE RICINO HIDROGENADO PEG-40<br \/>\n, EXTRACTO DE CAVIAR, PAPA\u00cdNA, EXTRACTO DE RA\u00cdZ DE PANAX GINSENG,<br \/>\nPROTE\u00cdNA DE LEVADURA HIDROLIZADA, PROTE\u00cdNA DE SOJA HIDROLIZADA, ACETATO DE TOCOFERILO, ETILHEXIL<br \/>\nMETOXICINAMATO, BUTIL METOXIDIBENZOILMETANO, SALICILATO DE ETILHEXILO,<br \/>\nACRILATOS\/C10-30 ALQUIL ACRILATO CROSSPOLYMER, CARB\u00d3MERO S\u00d3DICO,<br \/>\nCLORURO S\u00d3DICO, LACTOSA, CELULOSA MICROCRISTALINA, PPG-26-BUTETH-26, \u00c1CIDO C\u00cdTRICO<br \/>\n, FITATO S\u00d3DICO, ALCOHOL, TRIETANOLAMINA, SORBATO POT\u00c1SICO,<br \/>\nBENZOATO S\u00d3DICO, FENOXIETANOL, ETILHEXILGLICERINA, PARFUM, SALICILATO DE BENCILO,<br \/>\nLINALOOL, CI 14700, CI 77007, CI 73360, CI 77891<\/p>\n","protected":false},"excerpt":{"rendered":"<p>Peeling f\u00edsico-enzim\u00e1tico poderosamente renovador con un complejo de p\u00e9ptidos y vitaminas.<\/p>\n","protected":false},"featured_media":1597,"comment_status":"closed","ping_status":"closed","template":"","meta":[],"product_cat":[209,208],"product_tag":[],"class_list":{"0":"post-1803","1":"product","2":"type-product","3":"status-publish","4":"has-post-thumbnail","6":"product_cat-decoloracion","7":"product_cat-renovacion-epidermica","9":"first","10":"instock","11":"sale","12":"shipping-taxable","13":"product-type-simple"},"jetpack_sharing_enabled":true,"_links":{"self":[{"href":"https:\/\/aurumaris.pro\/es\/wp-json\/wp\/v2\/product\/1803","targetHints":{"allow":["GET"]}}],"collection":[{"href":"https:\/\/aurumaris.pro\/es\/wp-json\/wp\/v2\/product"}],"about":[{"href":"https:\/\/aurumaris.pro\/es\/wp-json\/wp\/v2\/types\/product"}],"replies":[{"embeddable":true,"href":"https:\/\/aurumaris.pro\/es\/wp-json\/wp\/v2\/comments?post=1803"}],"wp:featuredmedia":[{"embeddable":true,"href":"https:\/\/aurumaris.pro\/es\/wp-json\/wp\/v2\/media\/1597"}],"wp:attachment":[{"href":"https:\/\/aurumaris.pro\/es\/wp-json\/wp\/v2\/media?parent=1803"}],"wp:term":[{"taxonomy":"product_cat","embeddable":true,"href":"https:\/\/aurumaris.pro\/es\/wp-json\/wp\/v2\/product_cat?post=1803"},{"taxonomy":"product_tag","embeddable":true,"href":"https:\/\/aurumaris.pro\/es\/wp-json\/wp\/v2\/product_tag?post=1803"}],"curies":[{"name":"wp","href":"https:\/\/api.w.org\/{rel}","templated":true}]}}