{"id":1786,"date":"2025-03-21T12:54:13","date_gmt":"2025-03-21T11:54:13","guid":{"rendered":"https:\/\/aurumaris.pro\/sobre-la-marca\/"},"modified":"2025-03-21T14:09:38","modified_gmt":"2025-03-21T13:09:38","slug":"sobre-la-marca","status":"publish","type":"page","link":"https:\/\/aurumaris.pro\/es\/sobre-la-marca\/","title":{"rendered":"Sobre la marca"},"content":{"rendered":"\t\t<div data-elementor-type=\"wp-page\" data-elementor-id=\"1786\" class=\"elementor elementor-1786 elementor-107\" data-elementor-post-type=\"page\">\n\t\t\t\t<div class=\"elementor-element elementor-element-3793ef4c e-flex e-con-boxed e-con e-parent\" data-id=\"3793ef4c\" data-element_type=\"container\">\n\t\t\t\t\t<div class=\"e-con-inner\">\n\t\t<div class=\"elementor-element elementor-element-4233e538 e-con-full e-flex e-con e-child\" data-id=\"4233e538\" data-element_type=\"container\">\n\t\t\t\t<div class=\"elementor-element elementor-element-2d4c25a1 elementor-widget elementor-widget-heading\" data-id=\"2d4c25a1\" data-element_type=\"widget\" data-widget_type=\"heading.default\">\n\t\t\t\t<div class=\"elementor-widget-container\">\n\t\t\t\t\t<span class=\"elementor-heading-title elementor-size-default\">M\u00c1XIMA EFICACIA<\/span>\t\t\t\t<\/div>\n\t\t\t\t<\/div>\n\t\t\t\t<div class=\"elementor-element elementor-element-6fd887c4 elementor-widget elementor-widget-text-editor\" data-id=\"6fd887c4\" data-element_type=\"widget\" data-widget_type=\"text-editor.default\">\n\t\t\t\t<div class=\"elementor-widget-container\">\n\t\t\t\t\t\t\t\t\t<p>La marca Aurumaris\u00ae se fund\u00f3 con la filosof\u00eda de la m\u00e1xima eficacia de los productos que ofrece. Productos dise\u00f1ados para resolver los problemas cotidianos de las pieles maduras y las que requieren una atenci\u00f3n constante. <\/p><p>Al desarrollar el innovador tratamiento Nano-Needles\u00ae, hemos conseguido ofrecerte una forma eficaz sin precedentes de devolver la luminosidad a la piel cansada por el envejecimiento o con problemas en la cara y el cuerpo.<\/p><p>Los cuidados complementarios, cremas, ampollas o cremas terap\u00e9uticas dedicadas a la eliminaci\u00f3n de estr\u00edas e hiperpigmentaci\u00f3n son soluciones de calidad profesional para obtener la m\u00e1xima eficacia, satisfacci\u00f3n y construir una relaci\u00f3n ininterrumpida con la marca Aurumaris\u00ae y nuestros socios de productos.<\/p>\t\t\t\t\t\t\t\t<\/div>\n\t\t\t\t<\/div>\n\t\t\t\t<\/div>\n\t\t<div class=\"elementor-element elementor-element-2eb5a8d2 e-con-full e-flex e-con e-child\" data-id=\"2eb5a8d2\" data-element_type=\"container\" data-settings=\"{&quot;background_background&quot;:&quot;classic&quot;}\">\n\t\t\t\t<div class=\"elementor-element elementor-element-490c0897 elementor-widget elementor-widget-heading\" data-id=\"490c0897\" data-element_type=\"widget\" data-widget_type=\"heading.default\">\n\t\t\t\t<div class=\"elementor-widget-container\">\n\t\t\t\t\t<span class=\"elementor-heading-title elementor-size-default\">AURACIDUM HA<\/span>\t\t\t\t<\/div>\n\t\t\t\t<\/div>\n\t\t\t\t<\/div>\n\t\t\t\t\t<\/div>\n\t\t\t\t<\/div>\n\t\t<div class=\"elementor-element elementor-element-24ba1a08 e-flex e-con-boxed e-con e-parent\" data-id=\"24ba1a08\" data-element_type=\"container\">\n\t\t\t\t\t<div class=\"e-con-inner\">\n\t\t<div class=\"elementor-element elementor-element-5b976ac8 e-con-full e-flex e-con e-child\" data-id=\"5b976ac8\" data-element_type=\"container\">\n\t\t\t\t<div class=\"elementor-element elementor-element-4ceac5d0 elementor-widget elementor-widget-heading\" data-id=\"4ceac5d0\" data-element_type=\"widget\" data-widget_type=\"heading.default\">\n\t\t\t\t<div class=\"elementor-widget-container\">\n\t\t\t\t\t<span class=\"elementor-heading-title elementor-size-default\">HAZTE SOCIO<\/span>\t\t\t\t<\/div>\n\t\t\t\t<\/div>\n\t\t\t\t<div class=\"elementor-element elementor-element-22a51089 elementor-widget elementor-widget-text-editor\" data-id=\"22a51089\" data-element_type=\"widget\" data-widget_type=\"text-editor.default\">\n\t\t\t\t<div class=\"elementor-widget-container\">\n\t\t\t\t\t\t\t\t\t<p>Hemos preparado una estrategia \u00fanica para implantar los exclusivos productos Aurumaris\u00ae en tus salones, consultas o plataformas de venta online y offline.<\/p>\n<p>Nos enorgullecemos de contar con el modelo de apoyo al marketing m\u00e1s amplio, eficaz y moderno, que garantiza la afluencia de nuevos clientes a tu negocio.<\/p>\n<p>Al ofrecer tratamientos con Nanoagujas\u00ae y productos Aurumaris\u00ae complementarios, reforzar\u00e1s el v\u00ednculo con tus clientes actuales y atraer\u00e1s a otros nuevos, entusiasmados por el atractivo y la eficacia de los servicios ofrecidos a base de productos Aurumaris\u00ae.<\/p>\t\t\t\t\t\t\t\t<\/div>\n\t\t\t\t<\/div>\n\t\t\t\t<div class=\"elementor-element elementor-element-7b98cca1 elementor-align-center elementor-widget elementor-widget-button\" data-id=\"7b98cca1\" data-element_type=\"widget\" data-widget_type=\"button.default\">\n\t\t\t\t<div class=\"elementor-widget-container\">\n\t\t\t\t\t\t\t\t\t<div class=\"elementor-button-wrapper\">\n\t\t\t\t\t<a class=\"elementor-button elementor-size-sm\" role=\"button\">\n\t\t\t\t\t\t<span class=\"elementor-button-content-wrapper\">\n\t\t\t\t\t\t\t\t\t<span class=\"elementor-button-text\">PIDE UNA OFERTA<\/span>\n\t\t\t\t\t<\/span>\n\t\t\t\t\t<\/a>\n\t\t\t\t<\/div>\n\t\t\t\t\t\t\t\t<\/div>\n\t\t\t\t<\/div>\n\t\t\t\t<\/div>\n\t\t<div class=\"elementor-element elementor-element-6595db69 e-con-full e-flex e-con e-child\" data-id=\"6595db69\" data-element_type=\"container\" data-settings=\"{&quot;background_background&quot;:&quot;classic&quot;}\">\n\t\t<div class=\"elementor-element elementor-element-68880077 e-con-full e-flex e-con e-child\" data-id=\"68880077\" data-element_type=\"container\" data-settings=\"{&quot;background_background&quot;:&quot;slideshow&quot;,&quot;background_slideshow_gallery&quot;:[{&quot;id&quot;:&quot;37&quot;,&quot;url&quot;:&quot;https:\\\/\\\/aurumaris.pro\\\/wp-content\\\/uploads\\\/2025\\\/03\\\/auracidum-ha-model-2-600x900-1.jpeg&quot;}],&quot;background_slideshow_slide_duration&quot;:3000,&quot;background_slideshow_ken_burns&quot;:&quot;yes&quot;,&quot;background_slideshow_loop&quot;:&quot;yes&quot;,&quot;background_slideshow_slide_transition&quot;:&quot;fade&quot;,&quot;background_slideshow_transition_duration&quot;:500,&quot;background_slideshow_ken_burns_zoom_direction&quot;:&quot;in&quot;}\">\n\t\t\t\t<\/div>\n\t\t\t\t<\/div>\n\t\t\t\t\t<\/div>\n\t\t\t\t<\/div>\n\t\t<div class=\"elementor-element elementor-element-51c3960 e-flex e-con-boxed e-con e-parent\" data-id=\"51c3960\" data-element_type=\"container\">\n\t\t\t\t\t<div class=\"e-con-inner\">\n\t\t\t\t<div class=\"elementor-element elementor-element-752ac702 elementor-widget elementor-widget-ideapark-icon-list-1\" data-id=\"752ac702\" data-element_type=\"widget\" data-widget_type=\"ideapark-icon-list-1.default\">\n\t\t\t\t<div class=\"elementor-widget-container\">\n\t\t\t\t\t\t\t<div class=\"c-ip-icon-list-1 l-section\">\n\t\t\t<ul class=\"c-ip-icon-list-1__list c-ip-icon-list-1__list--layout-2\">\n\t\t\t\t\t\t\t\t\t\t\t\t\t\t<li class=\"c-ip-icon-list-1__item c-ip-icon-list-1__item--layout-2\">\n\t\t\t\t\t\t\t\t\t\t\t\t<div\n\t\t\t\t\t\t\tclass=\"c-ip-icon-list-1__item-wrap c-ip-icon-list-1__item-wrap--layout-2\">\n\t\t\t\t\t\t\t\t\t\t\t\t\t\t\t<i aria-hidden=\"true\" class=\"c-ip-icon-list-1__icon fibd21- fi-bd21-support\"><\/i>\t\t\t\t\t\t\t\n\t\t\t\t\t\t\t\t\t\t\t\t\t\t\t<div class=\"c-ip-icon-list-1__title\">ATENCI\u00d3N PROFESIONAL<\/div>\n\t\t\t\t\t\t\t\t\t\t\t\t\t<\/div>\n\t\t\t\t\t\t\t\t\t\t\t<\/li>\n\t\t\t\t\t\t\t\t\t\t\t\t\t\t<li class=\"c-ip-icon-list-1__item c-ip-icon-list-1__item--layout-2\">\n\t\t\t\t\t\t\t\t\t\t\t\t<div\n\t\t\t\t\t\t\tclass=\"c-ip-icon-list-1__item-wrap c-ip-icon-list-1__item-wrap--layout-2\">\n\t\t\t\t\t\t\t\t\t\t\t\t\t\t\t<i aria-hidden=\"true\" class=\"c-ip-icon-list-1__icon fibd21- fi-bd21-discount\"><\/i>\t\t\t\t\t\t\t\n\t\t\t\t\t\t\t\t\t\t\t\t\t\t\t<div class=\"c-ip-icon-list-1__title\">EXCELENTES CONDICIONES<\/div>\n\t\t\t\t\t\t\t\t\t\t\t\t\t<\/div>\n\t\t\t\t\t\t\t\t\t\t\t<\/li>\n\t\t\t\t\t\t\t\t\t\t\t\t\t\t<li class=\"c-ip-icon-list-1__item c-ip-icon-list-1__item--layout-2\">\n\t\t\t\t\t\t\t\t\t\t\t\t<div\n\t\t\t\t\t\t\tclass=\"c-ip-icon-list-1__item-wrap c-ip-icon-list-1__item-wrap--layout-2\">\n\t\t\t\t\t\t\t\t\t\t\t\t\t\t\t<i aria-hidden=\"true\" class=\"c-ip-icon-list-1__icon fibd21- fi-bd21-shipping-2\"><\/i>\t\t\t\t\t\t\t\n\t\t\t\t\t\t\t\t\t\t\t\t\t\t\t<div class=\"c-ip-icon-list-1__title\">SERVICIO R\u00c1PIDO<\/div>\n\t\t\t\t\t\t\t\t\t\t\t\t\t<\/div>\n\t\t\t\t\t\t\t\t\t\t\t<\/li>\n\t\t\t\t\t\t\t<\/ul>\n\t\t<\/div>\n\t\t\t\t\t\t<\/div>\n\t\t\t\t<\/div>\n\t\t\t\t\t<\/div>\n\t\t\t\t<\/div>\n\t\t\t\t<\/div>\n\t\t","protected":false},"excerpt":{"rendered":"<p>M\u00c1XIMA EFICACIA La marca Aurumaris\u00ae se fund\u00f3 con la filosof\u00eda de la m\u00e1xima eficacia de los productos que ofrece. Productos dise\u00f1ados para&hellip;<\/p>\n","protected":false},"author":1,"featured_media":0,"parent":0,"menu_order":0,"comment_status":"closed","ping_status":"closed","template":"elementor_header_footer","meta":{"footnotes":""},"class_list":["post-1786","page","type-page","status-publish","hentry"],"jetpack_sharing_enabled":true,"_links":{"self":[{"href":"https:\/\/aurumaris.pro\/es\/wp-json\/wp\/v2\/pages\/1786","targetHints":{"allow":["GET"]}}],"collection":[{"href":"https:\/\/aurumaris.pro\/es\/wp-json\/wp\/v2\/pages"}],"about":[{"href":"https:\/\/aurumaris.pro\/es\/wp-json\/wp\/v2\/types\/page"}],"author":[{"embeddable":true,"href":"https:\/\/aurumaris.pro\/es\/wp-json\/wp\/v2\/users\/1"}],"replies":[{"embeddable":true,"href":"https:\/\/aurumaris.pro\/es\/wp-json\/wp\/v2\/comments?post=1786"}],"version-history":[{"count":1,"href":"https:\/\/aurumaris.pro\/es\/wp-json\/wp\/v2\/pages\/1786\/revisions"}],"predecessor-version":[{"id":1787,"href":"https:\/\/aurumaris.pro\/es\/wp-json\/wp\/v2\/pages\/1786\/revisions\/1787"}],"wp:attachment":[{"href":"https:\/\/aurumaris.pro\/es\/wp-json\/wp\/v2\/media?parent=1786"}],"curies":[{"name":"wp","href":"https:\/\/api.w.org\/{rel}","templated":true}]}}