{"id":1754,"date":"2025-03-21T12:54:12","date_gmt":"2025-03-21T11:54:12","guid":{"rendered":"https:\/\/aurumaris.pro\/encuentranos\/"},"modified":"2025-03-21T14:09:24","modified_gmt":"2025-03-21T13:09:24","slug":"encuentranos","status":"publish","type":"page","link":"https:\/\/aurumaris.pro\/es\/encuentranos\/","title":{"rendered":"Encu\u00e9ntranos"},"content":{"rendered":"\t\t<div data-elementor-type=\"wp-page\" data-elementor-id=\"1754\" class=\"elementor elementor-1754 elementor-96\" data-elementor-post-type=\"page\">\n\t\t\t\t<div class=\"elementor-element elementor-element-6fd7f77 e-flex e-con-boxed e-con e-parent\" data-id=\"6fd7f77\" data-element_type=\"container\">\n\t\t\t\t\t<div class=\"e-con-inner\">\n\t\t\t\t<div class=\"elementor-element elementor-element-4341f803 elementor-widget elementor-widget-heading\" data-id=\"4341f803\" data-element_type=\"widget\" data-widget_type=\"heading.default\">\n\t\t\t\t<div class=\"elementor-widget-container\">\n\t\t\t\t\t<h2 class=\"elementor-heading-title elementor-size-default\">Busca el m\u00e1s cercano entre <b>los Socios Oro de Aurumaris<\/b>, donde recibir\u00e1s tratamientos con Nanoagujas y comprar\u00e1s nuestros productos.<\/h2>\t\t\t\t<\/div>\n\t\t\t\t<\/div>\n\t\t\t\t\t<\/div>\n\t\t\t\t<\/div>\n\t\t<div class=\"elementor-element elementor-element-244601c6 e-con-full e-flex e-con e-parent\" data-id=\"244601c6\" data-element_type=\"container\">\n\t\t\t\t<div class=\"elementor-element elementor-element-52a41159 elementor-widget elementor-widget-html\" data-id=\"52a41159\" data-element_type=\"widget\" data-widget_type=\"html.default\">\n\t\t\t\t<div class=\"elementor-widget-container\">\n\t\t\t\t\t<div id=\"storepoint-container\" data-language=\"polski\" data-map-id=\"165d30d95236ca\"><\/div><script>(function(){var a=document.createElement(\"script\");a.type=\"text\/javascript\";a.async=!0;a.src=\"https:\/\/cdn.storepoint.co\/api\/v1\/js\/165d30d95236ca.js\";var b=document.getElementsByTagName(\"script\")[0];b.parentNode.insertBefore(a,b);}());<\/script>\t\t\t\t<\/div>\n\t\t\t\t<\/div>\n\t\t\t\t<\/div>\n\t\t\t\t<\/div>\n\t\t","protected":false},"excerpt":{"rendered":"<p>Busca el m\u00e1s cercano entre los Socios Oro de Aurumaris, donde recibir\u00e1s tratamientos con Nanoagujas y comprar\u00e1s nuestros productos.<\/p>\n","protected":false},"author":1,"featured_media":0,"parent":0,"menu_order":0,"comment_status":"closed","ping_status":"closed","template":"elementor_header_footer","meta":{"footnotes":""},"class_list":["post-1754","page","type-page","status-publish","hentry"],"jetpack_sharing_enabled":true,"_links":{"self":[{"href":"https:\/\/aurumaris.pro\/es\/wp-json\/wp\/v2\/pages\/1754","targetHints":{"allow":["GET"]}}],"collection":[{"href":"https:\/\/aurumaris.pro\/es\/wp-json\/wp\/v2\/pages"}],"about":[{"href":"https:\/\/aurumaris.pro\/es\/wp-json\/wp\/v2\/types\/page"}],"author":[{"embeddable":true,"href":"https:\/\/aurumaris.pro\/es\/wp-json\/wp\/v2\/users\/1"}],"replies":[{"embeddable":true,"href":"https:\/\/aurumaris.pro\/es\/wp-json\/wp\/v2\/comments?post=1754"}],"version-history":[{"count":1,"href":"https:\/\/aurumaris.pro\/es\/wp-json\/wp\/v2\/pages\/1754\/revisions"}],"predecessor-version":[{"id":1755,"href":"https:\/\/aurumaris.pro\/es\/wp-json\/wp\/v2\/pages\/1754\/revisions\/1755"}],"wp:attachment":[{"href":"https:\/\/aurumaris.pro\/es\/wp-json\/wp\/v2\/media?parent=1754"}],"curies":[{"name":"wp","href":"https:\/\/api.w.org\/{rel}","templated":true}]}}