{"id":2037,"date":"2025-05-14T09:28:35","date_gmt":"2025-05-14T07:28:35","guid":{"rendered":"https:\/\/aurumaris.pro\/produkt\/total-remake-smart-serum\/"},"modified":"2025-09-15T14:00:06","modified_gmt":"2025-09-15T12:00:06","slug":"total-remake-smart-serum","status":"publish","type":"product","link":"https:\/\/aurumaris.pro\/de\/produkt\/total-remake-smart-serum\/","title":{"rendered":"TOTAL REMAKE SMART SERUM"},"content":{"rendered":"<p style=\"text-align: center\"><strong>PREISGEKR\u00d6NTE MARKE<\/strong><\/p>\n<figure id=\"attachment_25221\" class=\"wp-caption alignnone\" aria-describedby=\"caption-attachment-25221\"><img fetchpriority=\"high\" decoding=\"async\" class=\"aligncenter wp-image-25221\" src=\"https:\/\/aurumaris.pl\/wp-content\/uploads\/2024\/11\/LNE-Kongres-logo-aurumairs-removebg-preview-300x300.png\" alt=\"\" width=\"300\" height=\"300\"><\/figure>\n<p style=\"text-align: center\"><strong>Innovationspreis in der Kategorie &#8216;Professionelle Behandlung&#8217; f\u00fcr die Marke Aurumaris Professional.<\/strong><\/p>\n<p>Fortgeschrittenes biotechnologisches Regenerationsserum auf Basis der Technologie  <strong>Nano-Nadeln\u00ae<\/strong>  &#8211; nat\u00fcrliche Mikronadeln biologischen Ursprungs (sogenannte <em>Spicules<\/em>), mehr als <strong>1 Million Nadeln<\/strong> pro Flasche. Die Formel ist mit <strong>Schneckenschleim<\/strong>, Meeresextrakten und hochmodernen feuchtigkeitsspendenden Komplexen<strong>(Promodermist\u2122<\/strong>, <strong>Hydromanil\u2122<\/strong>) angereichert, die<strong>synergetisch<\/strong> zusammenwirken und f\u00fcr eine intensive Wiederherstellung, Gl\u00e4ttung und verbesserte Hautdichte sorgen &#8211; ohne dass Ger\u00e4te ben\u00f6tigt werden.  <\/p>\n<p>Das Produkt ist sowohl f\u00fcr die <strong>Anwendung zu Hause<\/strong> als auch f\u00fcr <strong>professionelle Behandlungen<\/strong> im Rahmen einer aktiven Hautwiederherstellungstherapie geeignet.<\/p>\n<hr>\n<figure id=\"attachment_30458\" class=\"wp-caption aligncenter\" aria-describedby=\"caption-attachment-30458\">\n<p><figure id=\"attachment_30458\" aria-describedby=\"caption-attachment-30458\" style=\"width: 360px\" class=\"wp-caption aligncenter\"><img decoding=\"async\" class=\"wp-image-30458\" src=\"https:\/\/aurumaris.pl\/wp-content\/uploads\/2025\/05\/symulacja-fektow-total-remake-smart-serum-aurumaris-professional.jpg\" alt=\"\" width=\"360\" height=\"286\"><figcaption id=\"caption-attachment-30458\" class=\"wp-caption-text\">Simulation der Produktwirkungen, erstellt von Aurumaris Intelligence (AI) auf der Grundlage von Formelanalysen und verf\u00fcgbaren wissenschaftlichen Ergebnissen. Realistische Ergebnisse k\u00f6nnen je nach individueller Veranlagung variieren.<\/figcaption><\/figure><figcaption id=\"caption-attachment-30458\" class=\"wp-caption-text\"><\/figcaption><\/figure>\n<hr>\n<h3><strong>Wirkstoffe und ihre Wirkungen:<\/strong><\/h3>\n<p><strong>Nano-Needles\u00ae (Hydrolyzed Sponge)<\/strong><br \/>\n&#8211; mikroskopisch kleine Silikonstrukturen, die in die Epidermis eindringen und die Mikrozirkulation und die Stimulation der Fibroblasten aktivieren. Sie erh\u00f6hen die Absorption von Wirkstoffen um bis zu 500%. Sie wirken wie eine nat\u00fcrliche Mesotherapie ohne Nadeln.  <\/p>\n<p><strong>Schneckenschleim (Schneckensekret-Filtrat)<\/strong><br \/>\n&#8211; reich an Allantoin, Enzymen, Kollagen, Elastin und Glykols\u00e4ure. Beschleunigt die Heilung, gl\u00e4ttet die Hauttextur, hellt Verf\u00e4rbungen auf, beseitigt kleine Narben und Unreinheiten. <\/p>\n<p><strong>Hydromanil\u2122 (Hydrolyzed Caesalpinia Spinosa Gum + Caesalpinia Spinosa Gum)<\/strong><br \/>\n&#8211; ein innovativer Komplex mit lang anhaltender feuchtigkeitsspendender Wirkung. Bildet einen Schutzfilm auf der Hautoberfl\u00e4che, der den TEWL (Wasserverlust) verhindert, w\u00e4hrend feuchtigkeitsspendende Molek\u00fcle nach und nach tief in die Epidermis abgegeben werden. <\/p>\n<p><strong>Promodermist\u2122 (Saccharide Isomerate + Undaria Pinnatifida Extract)<\/strong><br \/>\n&#8211; aktiviert den &#8216;Hydro-Memory&#8217;-Mechanismus &#8211; verbessert die zellul\u00e4re Wasserbindung und st\u00e4rkt die Hydrolipidbarriere der Haut.<\/p>\n<p><strong>Allantoin (Allantoin)<\/strong><br \/>\n&#8211; beruhigt, reduziert R\u00f6tungen und Adstringenz. Ideal nach Behandlungen oder bei der Pflege von empfindlicher und reaktiver Haut. <\/p>\n<p><strong>Orangenschalen\u00f6l (Citrus Aurantium Peel Oil)<\/strong><br \/>\n&#8211; haben eine erfrischende und antibakterielle Wirkung und verleihen der Kosmetik einen angenehmen, nat\u00fcrlichen Duft.<\/p>\n<hr>\n<h3><strong>Die Effekte wurden in Anwendungstests best\u00e4tigt:<\/strong><\/h3>\n<p>\u2714 Verringerung von Hautunregelm\u00e4\u00dfigkeiten und Verbesserung der Textur<br \/>\n\u2714 St\u00e4rkung des Hauttons und Erh\u00f6hung der Elastizit\u00e4t<br \/>\n\u2714 Sichtbare Gl\u00e4ttung von Falten und Reduzierung der Sichtbarkeit von Poren<br \/>\n\u2714 Intensive und lang anhaltende Hydratation<br \/>\n\u2714 Die Haut sieht frisch, strahlend und j\u00fcnger aus<\/p>\n<hr>\n<h3><strong>F\u00fcr wen?<\/strong><\/h3>\n<ul>\n<li>Haut mit Anzeichen der Alterung, Verlust der Festigkeit, Hyperpigmentierung<\/li>\n<li>M\u00fcde, fahle, unebene Haut<\/li>\n<li>F\u00fcr Frauen und M\u00e4nner ab 25 als intensive Regeneration<\/li>\n<\/ul>\n<hr>\n<h3><strong>Methode der Anwendung:<\/strong><\/h3>\n<p>Vor Gebrauch kr\u00e4ftig sch\u00fctteln.<br \/>\nTragen Sie 4-6 Tropfen des Serums auf die gereinigte Gesichtshaut auf und massieren Sie es sanft ein, bis es eingezogen ist.<br \/>\nTragen Sie die Creme alle 3 Tage abends auf.<br \/>\nVermeiden Sie den Kontakt mit Augen und Mund.<br \/>\nNach der Anwendung k\u00f6nnen Sie ein leichtes Kribbeln versp\u00fcren &#8211; das ist der Effekt der Mikronadeln!<\/p>\n<p>Ein ideales Produkt zur Erg\u00e4nzung Ihrer t\u00e4glichen Pflegeroutine. ALLE 3 TAGE ABENDS AUFTRAGEN. <\/p>\n<p>Verwenden Sie es zwischen einer Reihe von Nano-Needles-Behandlungen in den Versionen Home Set und PRO.<\/p>\n<hr>\n<h3><strong>Vollst\u00e4ndige Zusammensetzung (INCI):<\/strong><\/h3>\n<p><em>Aqua, Glycerin, Propanediol, Hydrolyzed Sponge (Nano-Needles\u00ae), PEG-7 Glyceryl Cocoate, PEG-40 Hydrogenated Castor Oil, Hydrolyzed Caesalpinia Spinosa Gum, Snail Secretion Filtrate (Snail Mucus), Caesalpinia Spinosa Gum, Saccharide Isomerate, Undaria Pinnatifida Extract, Allantoin (Allantoin), Carbomer, Triethanolamin, Phenoxyethanol, Ethylhexylglycerin, Kaliumsorbat, Natriumbenzoat, Parfum, Citrus Aurantium Peel Oil, Geranyl Acetate, Hydroxycitronellal, Alpha-Isomethyl Ionone, Citronellol, Linalool, Limonene, Tetramethyl Acetyl Acetahydronaphthalenes.<\/em><\/p>\n<hr>\n<p><strong>Fassungsverm\u00f6gen:<\/strong> 30ml<\/p>\n","protected":false},"excerpt":{"rendered":"<p>Pr\u00e4zision von Mikronadeln &#8211; Deep Renewal. Mehr als 1.000.000 Nanonadeln in Form eines Serums in Profiqualit\u00e4t f\u00fcr die Anwendung zu Hause sowie in Kosmetik- und Sch\u00f6nheitssalons. <\/p>\n<p><strong>Echte Penetration der Wirkstoffe dank des Biomicron-Piercing-Systems gew\u00e4hrleistet!<\/strong><\/p>\n","protected":false},"featured_media":2033,"comment_status":"open","ping_status":"closed","template":"","meta":[],"product_cat":[219,218,216,217,247],"product_tag":[254,255],"class_list":{"0":"post-2037","1":"product","2":"type-product","3":"status-publish","4":"has-post-thumbnail","6":"product_cat-entfarbung","7":"product_cat-erneuerung-der-epidermis","8":"product_cat-heben","9":"product_cat-nano-nadeln","10":"product_cat-pflege","11":"product_tag-nanonadeln","12":"product_tag-serum-de","14":"first","15":"instock","16":"shipping-taxable","17":"product-type-simple"},"jetpack_sharing_enabled":true,"_links":{"self":[{"href":"https:\/\/aurumaris.pro\/de\/wp-json\/wp\/v2\/product\/2037","targetHints":{"allow":["GET"]}}],"collection":[{"href":"https:\/\/aurumaris.pro\/de\/wp-json\/wp\/v2\/product"}],"about":[{"href":"https:\/\/aurumaris.pro\/de\/wp-json\/wp\/v2\/types\/product"}],"replies":[{"embeddable":true,"href":"https:\/\/aurumaris.pro\/de\/wp-json\/wp\/v2\/comments?post=2037"}],"wp:featuredmedia":[{"embeddable":true,"href":"https:\/\/aurumaris.pro\/de\/wp-json\/wp\/v2\/media\/2033"}],"wp:attachment":[{"href":"https:\/\/aurumaris.pro\/de\/wp-json\/wp\/v2\/media?parent=2037"}],"wp:term":[{"taxonomy":"product_cat","embeddable":true,"href":"https:\/\/aurumaris.pro\/de\/wp-json\/wp\/v2\/product_cat?post=2037"},{"taxonomy":"product_tag","embeddable":true,"href":"https:\/\/aurumaris.pro\/de\/wp-json\/wp\/v2\/product_tag?post=2037"}],"curies":[{"name":"wp","href":"https:\/\/api.w.org\/{rel}","templated":true}]}}