{"id":1861,"date":"2025-03-21T12:54:42","date_gmt":"2025-03-21T11:54:42","guid":{"rendered":"https:\/\/aurumaris.pro\/produkt\/neuropeptid-reinigungsschaum\/"},"modified":"2026-02-17T19:11:03","modified_gmt":"2026-02-17T18:11:03","slug":"neuropeptid-reinigungsschaum","status":"publish","type":"product","link":"https:\/\/aurumaris.pro\/de\/produkt\/neuropeptid-reinigungsschaum\/","title":{"rendered":"NEUROPEPTID-REINIGUNGSSCHAUM"},"content":{"rendered":"<p>NEUROPEPTIDE CLEANSING FOAM wurde f\u00fcr die sanfte Pflege von empfindlicher, zu Allergien und Atopie neigender Haut entwickelt. Es ist ideal f\u00fcr die t\u00e4gliche Anwendung, vor allem wenn die Haut eine besondere Behandlung ben\u00f6tigt, zum Beispiel nach kosmetischen Eingriffen oder wenn sie \u00fcberempfindlich ist. <\/p>\n<p>Die regelm\u00e4\u00dfige Anwendung des Schaums hilft, empfindliche Haut in gutem Zustand zu halten, Reizungen und R\u00f6tungen zu reduzieren und ihr nat\u00fcrliches Gleichgewicht und Wohlbefinden wiederherzustellen.<\/p>\n<p>Der Hauptwirkstoff des Schaums sind Neuropeptide, die hautberuhigende und r\u00f6tungsmildernde Eigenschaften haben. Dar\u00fcber hinaus haben die in der Schaumformel enthaltenen Gurken- und wei\u00dfen Lilienextrakte eine beruhigende und feuchtigkeitsspendende Wirkung. Sie helfen, Reizungen, Irritationen und allergische Reaktionen zu lindern und das Gleichgewicht und den Komfort der Haut wiederherzustellen. <\/p>\n<p><strong>Anwendung:<\/strong> Tragen Sie eine kleine Menge des Schaums auf das feuchte Gesicht auf und massieren Sie ihn sanft ein, wobei Sie die Augenpartie aussparen. Anschlie\u00dfend gr\u00fcndlich mit warmem Wasser absp\u00fclen. Der Schaum kann morgens und abends als Teil Ihrer t\u00e4glichen Hautpflegeroutine verwendet werden.  <\/p>\n<p><strong>Kapazit\u00e4t:&nbsp;<\/strong><\/p>\n<p>200ml<\/p>\n<p>&nbsp;<\/p>\n<p>INHALTSSTOFFE: AQUA, GLYCERIN, COCO GLUCOSIDE, COCAMIDOPROPYL<br \/>\nBETAINE, BETAINE, ACETYL DIPEPTIDE-1 CETYL ESTER, CUCUMIS SATIVUS FRUIT<br \/>\nEXTRACT, LILIUM CANDIDUM BULB EXTRACT, HYDROLYZED CAESALPINIA<br \/>\nSPINOSA GUM, CAESALPINIA SPINOSA GUM, PANTHENOL, ALLANTOIN,<br \/>\nPANTOLACTONE, GLYCERYL OLEATE, HYDROXYETHYLCELLULOSE, BUTYLENE<br \/>\nGLYCOL, HYDRIERTES PALMGLYCERIDCITRAT,<br \/>\nPOLYSORBAT 20, ZITRONENS\u00c4URE, BIOTIN, LAURETH-3, NATRIUM<br \/>\nPHYTATE, BENZYLALKOHOL, TOCOPHEROL, NATRIUM<br \/>\nHYDROXIDE, KALIUMSORBAT, NATRIUMBENZOAT,<br \/>\nDEHYDROACETIC ACID, ALKOHOL, PARFUM<\/p>\n","protected":false},"excerpt":{"rendered":"<p>Professioneller Schaum f\u00fcr die t\u00e4gliche Hautpflege mit Neuropeptiden zur Reduzierung von Reizungen, R\u00f6tungen und Empfindlichkeit nach invasiven kosmetischen Eingriffen.<\/p>\n","protected":false},"featured_media":1580,"comment_status":"closed","ping_status":"closed","template":"","meta":[],"product_cat":[219,218,216,217,247],"product_tag":[],"class_list":{"0":"post-1861","1":"product","2":"type-product","3":"status-publish","4":"has-post-thumbnail","6":"product_cat-entfarbung","7":"product_cat-erneuerung-der-epidermis","8":"product_cat-heben","9":"product_cat-nano-nadeln","10":"product_cat-pflege","12":"first","13":"instock","14":"shipping-taxable","15":"product-type-simple"},"jetpack_sharing_enabled":true,"_links":{"self":[{"href":"https:\/\/aurumaris.pro\/de\/wp-json\/wp\/v2\/product\/1861","targetHints":{"allow":["GET"]}}],"collection":[{"href":"https:\/\/aurumaris.pro\/de\/wp-json\/wp\/v2\/product"}],"about":[{"href":"https:\/\/aurumaris.pro\/de\/wp-json\/wp\/v2\/types\/product"}],"replies":[{"embeddable":true,"href":"https:\/\/aurumaris.pro\/de\/wp-json\/wp\/v2\/comments?post=1861"}],"wp:featuredmedia":[{"embeddable":true,"href":"https:\/\/aurumaris.pro\/de\/wp-json\/wp\/v2\/media\/1580"}],"wp:attachment":[{"href":"https:\/\/aurumaris.pro\/de\/wp-json\/wp\/v2\/media?parent=1861"}],"wp:term":[{"taxonomy":"product_cat","embeddable":true,"href":"https:\/\/aurumaris.pro\/de\/wp-json\/wp\/v2\/product_cat?post=1861"},{"taxonomy":"product_tag","embeddable":true,"href":"https:\/\/aurumaris.pro\/de\/wp-json\/wp\/v2\/product_tag?post=1861"}],"curies":[{"name":"wp","href":"https:\/\/api.w.org\/{rel}","templated":true}]}}