{"id":1849,"date":"2025-03-21T12:54:42","date_gmt":"2025-03-21T11:54:42","guid":{"rendered":"https:\/\/aurumaris.pro\/produkt\/super-aufhellendes-serum\/"},"modified":"2025-12-19T00:24:48","modified_gmt":"2025-12-18T23:24:48","slug":"super-aufhellendes-serum","status":"publish","type":"product","link":"https:\/\/aurumaris.pro\/de\/produkt\/super-aufhellendes-serum\/","title":{"rendered":"SUPER AUFHELLENDES SERUM"},"content":{"rendered":"<p>Wenn Sie mit Akne, hormoneller, post-sunbedingter, post-traumatischer oder anderer Hyperpigmentierung der Haut zu k\u00e4mpfen haben, ist das Super Brightening Serum von Aurumaris Professional die L\u00f6sung, um Ihre Hyperpigmentierungsprobleme effektiv zu beseitigen!<\/p>\n<p>&nbsp;<\/p>\n<figure id=\"attachment_22673\" aria-describedby=\"caption-attachment-22673\" style=\"width: 350px\" class=\"wp-caption aligncenter\"><img fetchpriority=\"high\" decoding=\"async\" class=\"wp-image-22673\" src=\"https:\/\/https:\/\/aurumaris.pro\/wp-content\/uploads\/2024\/10\/img_1016.jpeg.pl\/wp-content\/uploads\/2024\/03\/https:\/\/aurumaris.pro\/wp-content\/uploads\/2024\/10\/img_1016.jpeg-professional-efekt-14-300x300.jpg\" alt=\"\" width=\"350\" height=\"350\"><figcaption id=\"caption-attachment-22673\" class=\"wp-caption-text\">Die Wirkung der SBS Anti-Pigmentierungs-Behandlung von Aurumaris Professional ist von den ersten Behandlungen an sichtbar und erfordert nicht die Hilfe eines Profis.<\/figcaption><\/figure>\n<h2><strong>Wirksamkeit bereits ab 1 Anwendung durch Studien best\u00e4tigt:<\/strong><\/h2>\n<p>Labortests best\u00e4tigen, dass die in diesem <strong>professionellen Anti-Pigmentierungsserum<\/strong> enthaltenen Wirkstoffe <strong>effektiv Verf\u00e4rbungen beseitigen<\/strong>, <strong>den Hautton ausgleichen<\/strong> und gleichzeitig <strong>die Hydrolipidbarriere pflegen<\/strong>.<\/p>\n<h2><\/h2>\n<h2><\/h2>\n<figure id=\"attachment_23326\" aria-describedby=\"caption-attachment-23326\" style=\"width: 300px\" class=\"wp-caption aligncenter\"><img decoding=\"async\" class=\"size-medium wp-image-23326\" src=\"https:\/\/https:\/\/aurumaris.pro\/wp-content\/uploads\/2024\/10\/img_1016.jpeg.pl\/wp-content\/uploads\/2024\/03\/https:\/\/aurumaris.pro\/wp-content\/uploads\/2024\/10\/img_1016.jpeg-professional-sylwia-golebiewska-zestaw-nano-needles-1-1-300x279.jpg\" alt=\"\" width=\"300\" height=\"279\"><figcaption id=\"caption-attachment-23326\" class=\"wp-caption-text\">&#8220;Aurumaris Professional Produkte sind von h\u00f6chster Qualit\u00e4t und Wirksamkeit &#8211; ich empfehle die SBS-Behandlung als Kosmetikerin und &#8230;. Frau!&#8221; ~Sylwia Gol\u0119biewska<\/figcaption><\/figure>\n<h2><\/h2>\n<h2><strong>Die wichtigsten Wirkstoffe und ihre Wirkung:<\/strong><\/h2>\n<ol>\n<li><strong>Natriumascorbylphosphat<\/strong> &#8211; Ein starkes Antioxidans, das die Haut aufhellt, Verf\u00e4rbungen reduziert und die Kollagenproduktion stimuliert.<\/li>\n<li><strong>Panax Ginseng-Wurzelextrakt<\/strong> &#8211; Verbessert die Durchblutung und gleicht die Farbe aus, was die Regeneration der Haut f\u00f6rdert und ihre Elastizit\u00e4t erh\u00f6ht.<\/li>\n<li><strong>Ascophyllum Nodosum Extract<\/strong> &#8211; Braunalgenextrakt, der Hyperpigmentierungen wirkungsvoll de-pigmentiert und die Haut gleichzeitig mit Feuchtigkeit versorgt und vor sch\u00e4dlichen \u00e4u\u00dferen Einfl\u00fcssen sch\u00fctzt.<\/li>\n<li><strong>Asparagopsis Armata Extrakt<\/strong> &#8211; Wirkt antimikrobiell und entz\u00fcndungshemmend, f\u00f6rdert die Regeneration des Gewebes und reduziert die Hyperpigmentierung.<\/li>\n<li><strong>Salix Alba Bark Extract<\/strong> &#8211; Eine nat\u00fcrliche Quelle von Salicyls\u00e4ure, die die Haut sanft peelt, abgestorbene Zellen entfernt, die Erneuerung f\u00f6rdert und so die Hautfarbe ausgleicht.<\/li>\n<li><strong>Squalan<\/strong> &#8211; Ein feuchtigkeitsspendender Inhaltsstoff, der die Lipidbarriere der Haut st\u00e4rkt, um Feuchtigkeitsverlust zu verhindern.<\/li>\n<li><strong>Panthenol<\/strong> &#8211; Lindert Reizungen und beschleunigt die Heilung der Haut.<\/li>\n<li><strong>Allantoin<\/strong> &#8211; Regeneriert und beruhigt die Haut, lindert Reizungen und R\u00f6tungen.<\/li>\n<\/ol>\n<p><em>Wissenschaftliche Quellen:<\/em> <a href=\"https:\/\/pubmed.ncbi.nlm.nih.gov\/35537921\/\" target=\"_blank\" rel=\"noopener\">&#8220;Behandlung von Hyperpigmentierung&#8221;<\/a>; <a href=\"https:\/\/pubmed.ncbi.nlm.nih.gov\/36924935\/\" target=\"_blank\" rel=\"noopener\">&#8220;Behandlung von Akne-assoziiertem Melasma&#8221;<\/a>.<\/p>\n<p>&nbsp;<\/p>\n<blockquote><p>&#8220;Gibt jeder Haut eine gleichm\u00e4\u00dfige, nat\u00fcrliche Farbe zur\u00fcck und pflegt gleichzeitig die Hydrolipidbarriere!&#8221;<br \/>\n<strong><em>Beauty Workshop &#8211; Warschau<\/em><\/strong><\/p><\/blockquote>\n<h2><\/h2>\n<h2><\/h2>\n<figure id=\"attachment_23315\" aria-describedby=\"caption-attachment-23315\" style=\"width: 300px\" class=\"wp-caption aligncenter\"><img decoding=\"async\" class=\"size-medium wp-image-23315\" src=\"https:\/\/https:\/\/aurumaris.pro\/wp-content\/uploads\/2024\/10\/img_1016.jpeg.pl\/wp-content\/uploads\/2024\/08\/https:\/\/aurumaris.pro\/wp-content\/uploads\/2024\/10\/img_1016.jpeg-professional-szkolenie-krakow-uczestnicy-300x432.jpg\" alt=\"\" width=\"300\" height=\"432\"><figcaption id=\"caption-attachment-23315\" class=\"wp-caption-text\">Die Produkte von Aurumaris Professional werden von renommierten Kosmetikexperten in Polen und im Ausland verwendet!<\/figcaption><\/figure>\n<h2><\/h2>\n<h2><strong>H\u00e4ufige Fragen:<\/strong><\/h2>\n<p><strong>Ist die Behandlung nur f\u00fcr reife Haut geeignet?<\/strong><br \/>\n<em>Nein, die Anti-Pigmentierungs-Behandlung SBS kann unabh\u00e4ngig vom Alter angewendet werden.<\/em><\/p>\n<p><strong>Ist die Behandlung auch dann wirksam, wenn meine Hautunreinheiten viele Jahre oder sogar Jahrzehnte alt sind?<\/strong><br \/>\n<em>Ja, die SBS-Behandlungsformel bietet die h\u00f6chste professionelle Wirksamkeit f\u00fcr die Beseitigung der hartn\u00e4ckigsten Hyperpigmentierungen.<\/em><\/p>\n<p><strong>Wird sich meine Haut w\u00e4hrend der Behandlung sch\u00e4len?<\/strong><br \/>\n<em>Nein. Die entwickelte Methode zur Beseitigung der Hyperpigmentierung bietet dank der Wirkstoffe in Kombination mit der Funktion der Wiederherstellung der Hydrolipidbarriere ein maximales Gleichgewicht zwischen der Wirksamkeit der Depigmentierung und der Erhaltung der Hydrolipidbarriere der Haut. <\/em><\/p>\n<p><strong>Ist es m\u00f6glich, die SBS-Behandlung zu Hause durchzuf\u00fchren?<\/strong><br \/>\n<em>Ja, Sie k\u00f6nnen die SBS Anti-Pigmentierungsbehandlung auch zu Hause anwenden. <\/em>. <em>Empfohlene Behandlungsdauer &#8211; 30 Tage.<\/em><\/p>\n<p><img loading=\"lazy\" decoding=\"async\" class=\"aligncenter wp-image-23108\" src=\"https:\/\/https:\/\/aurumaris.pro\/wp-content\/uploads\/2024\/10\/img_1016.jpeg.pro\/wp-content\/uploads\/2024\/03\/https:\/\/aurumaris.pro\/wp-content\/uploads\/2024\/10\/img_1016.jpeg-professional-super-brightening-serum-model-1-face-300x346.jpg\" alt=\"\" width=\"350\" height=\"403\"><\/p>\n<p><strong>Art der Anwendung:<\/strong> <em>Verteilen Sie den Inhalt der Ampulle auf der Haut von Gesicht, Hals und Dekollet\u00e9 und massieren Sie ihn sanft ein. <\/em> <\/p>\n<p><strong>Inhalt:<\/strong><\/p>\n<p>10 3ml Ampullen + praktischer \u00d6ffner<\/p>\n<p>&nbsp;<\/p>\n<p>INHALTSSTOFFE (INCI): AQUA, PEG-40 HYDRIERTES RIZINUS\u00d6L, PANAX GINSENG WURZEL EXTRAKT, SODIUM ASCORBYL PHOSPHATE, ASCOPHYLLUM NODOSUM EXTRAKT, ASPARAGOPSIS ARMATA EXTRAKT, SALIKS ALBA RINDENEXTRAKT, SQUALAN, PANTHENOL, ALLANTOIN, GLYCERIN, PROPANDIOL, HYDRIERTES ST\u00c4RKEHYDROLYSAT, HYDROXYETHYLACRYLAT\/NATRIUMACRYLOYLDIMETHYLTAURAT-COPOLYMER, SORBITANISOSTEARAT, PEG-7 GLYCERYLCOCOAT, POLYSORBAT 60, PANTOLACTON<\/p>\n","protected":false},"excerpt":{"rendered":"<p>Professionelle <strong>SBS-Ampullenbehandlung<\/strong> gegen Pigmentierung. <strong>Beseitigt<\/strong> effektiv und <strong>sicher die<\/strong> hartn\u00e4ckigste <strong>Hyperpigmentierung<\/strong> mit <span style=\"text-decoration: underline\">einer wissenschaftlich entwickelten<\/span>, leistungsstarken Reihe von <strong>Wirkstoffen<\/strong>. <\/p>\n","protected":false},"featured_media":1565,"comment_status":"closed","ping_status":"closed","template":"","meta":[],"product_cat":[219,218,217],"product_tag":[],"class_list":{"0":"post-1849","1":"product","2":"type-product","3":"status-publish","4":"has-post-thumbnail","6":"product_cat-entfarbung","7":"product_cat-erneuerung-der-epidermis","8":"product_cat-nano-nadeln","10":"first","11":"instock","12":"shipping-taxable","13":"product-type-simple"},"jetpack_sharing_enabled":true,"_links":{"self":[{"href":"https:\/\/aurumaris.pro\/de\/wp-json\/wp\/v2\/product\/1849","targetHints":{"allow":["GET"]}}],"collection":[{"href":"https:\/\/aurumaris.pro\/de\/wp-json\/wp\/v2\/product"}],"about":[{"href":"https:\/\/aurumaris.pro\/de\/wp-json\/wp\/v2\/types\/product"}],"replies":[{"embeddable":true,"href":"https:\/\/aurumaris.pro\/de\/wp-json\/wp\/v2\/comments?post=1849"}],"wp:featuredmedia":[{"embeddable":true,"href":"https:\/\/aurumaris.pro\/de\/wp-json\/wp\/v2\/media\/1565"}],"wp:attachment":[{"href":"https:\/\/aurumaris.pro\/de\/wp-json\/wp\/v2\/media?parent=1849"}],"wp:term":[{"taxonomy":"product_cat","embeddable":true,"href":"https:\/\/aurumaris.pro\/de\/wp-json\/wp\/v2\/product_cat?post=1849"},{"taxonomy":"product_tag","embeddable":true,"href":"https:\/\/aurumaris.pro\/de\/wp-json\/wp\/v2\/product_tag?post=1849"}],"curies":[{"name":"wp","href":"https:\/\/api.w.org\/{rel}","templated":true}]}}