{"id":1848,"date":"2025-03-21T12:54:42","date_gmt":"2025-03-21T11:54:42","guid":{"rendered":"https:\/\/aurumaris.pro\/produkt\/tripeptid-haut-dna-verjuengung\/"},"modified":"2025-11-18T20:07:09","modified_gmt":"2025-11-18T19:07:09","slug":"tripeptid-haut-dna-verjuengung","status":"publish","type":"product","link":"https:\/\/aurumaris.pro\/de\/produkt\/tripeptid-haut-dna-verjuengung\/","title":{"rendered":"TRIPEPTID HAUT-DNA-VERJ\u00dcNGUNG"},"content":{"rendered":"<p>Die professionelle Anti-Falten-Creme von Aurumaris Professional ist ein spezielles Produkt f\u00fcr reife Haut, das besonders f\u00fcr den Tag und die Nacht empfohlen wird. Sie nutzt das Potenzial der Tripeptide, um die Jugendgene zu aktivieren und die Produktion von Kollagen, Elastin und <span class=\"OYPEnA font-feature-liga-off font-feature-clig-off font-feature-calt-off text-decoration-none text-strikethrough-none\" style=\"font-style: normal;letter-spacing: normal;text-align: start;text-indent: 0px;text-transform: none;text-decoration: none\">Hyalurons\u00e4ure<\/span> zu stimulieren.<span class=\"OYPEnA font-feature-liga-off font-feature-clig-off font-feature-calt-off text-decoration-none text-strikethrough-none\" style=\"font-style: normal;letter-spacing: normal;text-align: start;text-indent: 0px;text-transform: none;text-decoration: none\"><strong>.<\/strong><\/span> <\/p>\n<p><span class=\"OYPEnA font-feature-liga-off font-feature-clig-off font-feature-calt-off text-decoration-none text-strikethrough-none\" style=\"font-style: normal;letter-spacing: normal;text-align: start;text-indent: 0px;text-transform: none;text-decoration: none\"><strong>Palmitoyl Tripeptid-1 und Palmitoyl Tetrapeptid-7<\/strong><\/span><span class=\"OYPEnA font-feature-liga-off font-feature-clig-off font-feature-calt-off text-decoration-none text-strikethrough-none\" style=\"font-style: normal;font-weight: 400;letter-spacing: normal;text-align: start;text-indent: 0px;text-transform: none;text-decoration: none\"><span class=\"Apple-converted-space\">&nbsp;<\/span><\/span><span class=\"OYPEnA font-feature-liga-off font-feature-clig-off font-feature-calt-off text-decoration-none text-strikethrough-none\" style=\"font-style: normal;font-weight: 400;letter-spacing: normal;text-align: start;text-indent: 0px;text-transform: none;text-decoration: none\">sind moderne Peptide, die synergetisch wirken, um das Erscheinungsbild von Falten zu reduzieren und die Hauttextur zu verbessern. Die regelm\u00e4\u00dfige Anwendung einer Creme mit diesen Bausteinen unterst\u00fctzt die nat\u00fcrliche Produktion von Kollagen und Elastin, was zu einer sichtbar strafferen, glatteren, strahlenderen und j\u00fcnger aussehenden Haut f\u00fchrt. <\/span><\/p>\n<p><strong>Anwendung:<\/strong> auf das gereinigte Gesicht, den Hals und das Dekollet\u00e9 auftragen. Am besten tragen Sie die Creme abends in einer dickeren Schicht auf, damit die Haut w\u00e4hrend der Nachtruhe Zeit hat, alle Wirkstoffe aufzunehmen. <\/p>\n<p><strong>Kapazit\u00e4t:<\/strong><\/p>\n<p>50ml<\/p>\n<p>&nbsp;<\/p>\n<p>INHALTSSTOFFE: AQUA, PROPANEDIOL, ISONONYL ISONANOATE, STEARATE SORBITAN, TREHALOSE,<br \/>\nISOPROPYL PALMITATE, STEARIC ACID, HYDROGENATED POLYISOBUTENE, HYDROXYETHYL ACRYLATE\/<br \/>\nSODIUM ACRYLOYLDIMETHYL TAURATE COPOLYMER, C15-19 ALKANE, PALMITOYL TRIPEPTID-1, PALMITOYL<br \/>\nTETRAPEPTID-7, UNDARIA PINNATIFIDA EXTRAKT, PERLENPULVER, PANTHENOL, GLYCERIN, SACCHAROSE<br \/>\nCOCOATE, ACETYLDODECYL OLEATE, ACETYLDODECYL STEAROYL STEARATE, POLYHYDROXYSTEARIC ACID,<br \/>\nACETYLDODECANOL, STEARYLLINOLEAT, STEARYLSTEARAT, STEARYLALKOHOL, HYDRIERTES<br \/>\nPOLY(C6-14 OLEFINE), TALKUM, BUTYLENGLYKOL, CARBOMER, NATRIUMPOLYACRYLAT, SORBITANISOSTEARAT,<br \/>\nPANTOLACTON, POLYSORBAT 20, POLYSORBAT 60, NATRIUMPHYTAT, ALKOHOL, GLIMMER, TRIETHANOLAMIN,<br \/>\nSODIUM LACTATE , BENZOES\u00c4URE, NATRIUMBENZOAT, KALIUMSORBAT, DEHYDROESSIGS\u00c4URE,<br \/>\nPHENOXYETHANOL, ETHYLHEXYLGLYCERIN, PARFUM, CI 77891, CI 77491, CI 19140, CI 14700<\/p>\n","protected":false},"excerpt":{"rendered":"<p>Tripeptid-Creme zur Aktivierung der Gene der Jugend. Stimuliert die Produktion von Collagen, Elastin und Hyalurons\u00e4ure. <\/p>\n","protected":false},"featured_media":1555,"comment_status":"closed","ping_status":"closed","template":"","meta":[],"product_cat":[218,216],"product_tag":[],"class_list":{"0":"post-1848","1":"product","2":"type-product","3":"status-publish","4":"has-post-thumbnail","6":"product_cat-erneuerung-der-epidermis","7":"product_cat-heben","9":"first","10":"instock","11":"shipping-taxable","12":"product-type-simple"},"jetpack_sharing_enabled":true,"_links":{"self":[{"href":"https:\/\/aurumaris.pro\/de\/wp-json\/wp\/v2\/product\/1848","targetHints":{"allow":["GET"]}}],"collection":[{"href":"https:\/\/aurumaris.pro\/de\/wp-json\/wp\/v2\/product"}],"about":[{"href":"https:\/\/aurumaris.pro\/de\/wp-json\/wp\/v2\/types\/product"}],"replies":[{"embeddable":true,"href":"https:\/\/aurumaris.pro\/de\/wp-json\/wp\/v2\/comments?post=1848"}],"wp:featuredmedia":[{"embeddable":true,"href":"https:\/\/aurumaris.pro\/de\/wp-json\/wp\/v2\/media\/1555"}],"wp:attachment":[{"href":"https:\/\/aurumaris.pro\/de\/wp-json\/wp\/v2\/media?parent=1848"}],"wp:term":[{"taxonomy":"product_cat","embeddable":true,"href":"https:\/\/aurumaris.pro\/de\/wp-json\/wp\/v2\/product_cat?post=1848"},{"taxonomy":"product_tag","embeddable":true,"href":"https:\/\/aurumaris.pro\/de\/wp-json\/wp\/v2\/product_tag?post=1848"}],"curies":[{"name":"wp","href":"https:\/\/api.w.org\/{rel}","templated":true}]}}