{"id":1839,"date":"2025-03-21T12:54:42","date_gmt":"2025-03-21T11:54:42","guid":{"rendered":"https:\/\/aurumaris.pro\/produkt\/max-verjuengungscreme\/"},"modified":"2026-02-17T19:11:26","modified_gmt":"2026-02-17T18:11:26","slug":"max-verjuengungscreme","status":"publish","type":"product","link":"https:\/\/aurumaris.pro\/de\/produkt\/max-verjuengungscreme\/","title":{"rendered":"MAX VERJ\u00dcNGUNGSCREME"},"content":{"rendered":"<p>Die Creme zur Behandlung von fahler, ungleichm\u00e4\u00dfig get\u00f6nter, vaskul\u00e4rer Haut und Haut mit Zeichen der Alterung wurde speziell f\u00fcr die umfassende Pflege und Regeneration der Haut entwickelt. Sie verbessert die Elastizit\u00e4t der Blutgef\u00e4\u00dfe und reduziert Verf\u00e4rbungen f\u00fcr eine gleichm\u00e4\u00dfigere und strahlendere Haut. <\/p>\n<p>Die regelm\u00e4\u00dfige Anwendung der Creme zur Behandlung von fahler, vaskul\u00e4rer und alternder Haut kann helfen, den Zustand der Haut zu verbessern und ihr Elastizit\u00e4t, einen gleichm\u00e4\u00dfigen Hautton und ein jugendlicheres Aussehen zu verleihen.<\/p>\n<p>Ihre antioxidative Wirkung verz\u00f6gert den Alterungsprozess der Haut und bietet Schutz vor Sch\u00e4den durch freie Radikale. Dar\u00fcber hinaus regt die Creme die Blutzirkulation an, was zu einer besseren Versorgung der Haut mit N\u00e4hrstoffen, Gl\u00e4tte und sichtbarer Verj\u00fcngung f\u00fchrt. <\/p>\n<p><strong>Anwendung:<\/strong> Morgens und abends auf die gereinigte Gesichtshaut auftragen. Massieren Sie die Creme sanft in die Haut ein, bis sie vollst\u00e4ndig eingezogen ist. <\/p>\n<p><strong>Kapazit\u00e4t:<\/strong><\/p>\n<p>50ml<\/p>\n<p>&nbsp;<\/p>\n<p>INHALTSSTOFFE: AQUA, PROPANEDIOL, STEARATE SORBITAN, ISONONYL ISONANOATE,<br \/>\nGLYCERIN, COCO-CAPRYLATE, CETEARYL ALCOHOL, C12-15 ALKYL BENZOATE, STEARIC ACID,<br \/>\nASCORBYL GLUCOSIDE, HYDROLYZED SILK, PANAX GINSENG ROOT EXTRACT, BUTYROSPERMUM<br \/>\nPARKII BUTTER, TOCOPHERYL ACETATE, PANTHENOL, ALLANTOIN, TREHALOSE, MILCHS\u00c4URE<br \/>\n, COCOATE SACCHAROSE, TALK, ACETOCRYLEN, NATRIUMPOLYACRYLAT, ACRYLATE\/<br \/>\nC10-30 ALKYLACRYLAT-CROSSPOLYMER, PANTOLACTON, DINATRIUMEDTA, NATRIUM<br \/>\nPHYTAT, ALKOHOL, ZITRONENS\u00c4URE, TRIETHANOLAMIN, KALIUMSORBAT, NATRIUM<br \/>\nBENZOAT, BENZOES\u00c4URE, TOCOPHEROL, DEHYDROACETIC<\/p>\n","protected":false},"excerpt":{"rendered":"<p>Eine revitalisierende Creme, die Verf\u00e4rbungen reduziert, um fahlem Teint ein gesundes Aussehen zu verleihen.<\/p>\n","protected":false},"featured_media":1585,"comment_status":"closed","ping_status":"closed","template":"","meta":[],"product_cat":[219,218,216,217],"product_tag":[],"class_list":{"0":"post-1839","1":"product","2":"type-product","3":"status-publish","4":"has-post-thumbnail","6":"product_cat-entfarbung","7":"product_cat-erneuerung-der-epidermis","8":"product_cat-heben","9":"product_cat-nano-nadeln","11":"first","12":"instock","13":"shipping-taxable","14":"product-type-simple"},"jetpack_sharing_enabled":true,"_links":{"self":[{"href":"https:\/\/aurumaris.pro\/de\/wp-json\/wp\/v2\/product\/1839","targetHints":{"allow":["GET"]}}],"collection":[{"href":"https:\/\/aurumaris.pro\/de\/wp-json\/wp\/v2\/product"}],"about":[{"href":"https:\/\/aurumaris.pro\/de\/wp-json\/wp\/v2\/types\/product"}],"replies":[{"embeddable":true,"href":"https:\/\/aurumaris.pro\/de\/wp-json\/wp\/v2\/comments?post=1839"}],"wp:featuredmedia":[{"embeddable":true,"href":"https:\/\/aurumaris.pro\/de\/wp-json\/wp\/v2\/media\/1585"}],"wp:attachment":[{"href":"https:\/\/aurumaris.pro\/de\/wp-json\/wp\/v2\/media?parent=1839"}],"wp:term":[{"taxonomy":"product_cat","embeddable":true,"href":"https:\/\/aurumaris.pro\/de\/wp-json\/wp\/v2\/product_cat?post=1839"},{"taxonomy":"product_tag","embeddable":true,"href":"https:\/\/aurumaris.pro\/de\/wp-json\/wp\/v2\/product_tag?post=1839"}],"curies":[{"name":"wp","href":"https:\/\/api.w.org\/{rel}","templated":true}]}}