{"id":1838,"date":"2025-03-21T12:54:42","date_gmt":"2025-03-21T11:54:42","guid":{"rendered":"https:\/\/aurumaris.pro\/produkt\/super-aufhellende-maske\/"},"modified":"2025-12-14T21:24:02","modified_gmt":"2025-12-14T20:24:02","slug":"super-aufhellende-maske","status":"publish","type":"product","link":"https:\/\/aurumaris.pro\/de\/produkt\/super-aufhellende-maske\/","title":{"rendered":"SUPER AUFHELLENDE MASKE"},"content":{"rendered":"<p>SUPER BRIGHTENING MASK wurde f\u00fcr stumpfe, vaskul\u00e4re und glanzlose Haut entwickelt. Ihr Hauptwirkstoff ist Vitamin C, das die Haut n\u00e4hrt und gl\u00e4ttet und gleichzeitig den Alterungsprozess hemmt. Es wird empfohlen, die Maske nach dem <a href=\"https:\/\/https:\/\/aurumaris.pro\/wp-content\/uploads\/2024\/10\/img_1016.jpeg.pl\/produkt\/super-brightening-serum\/\" target=\"_blank\" rel=\"noopener\">BRIGHTENING SERUM<\/a> zu verwenden, da sie die Wirkung der Maske intensiviert.  <\/p>\n<p>Die regelm\u00e4\u00dfige Anwendung einer illuminierenden Maske kann dazu beitragen, das Erscheinungsbild der Haut zu verbessern, sie zum Strahlen zu bringen, Verf\u00e4rbungen zu reduzieren und die Vitalit\u00e4t wiederherzustellen.<\/p>\n<p>Au\u00dferdem ist die Maske eine hervorragende Option im Rahmen der Nano-Nadeln-Behandlung bei Hyperpigmentierung, da sie hilft, Hautunebenheiten zu reduzieren.<\/p>\n<p>Die Formel der Maske bildet einen Film auf der Hautoberfl\u00e4che, der den Wasserverlust der Epidermis verhindert, so dass die Haut intensiv mit Feuchtigkeit versorgt und gestrafft wird.<\/p>\n<p><strong>Anwendung:<\/strong> Tragen Sie die Maske nach der Reinigung des Gesichts und der Anwendung des Serums gleichm\u00e4\u00dfig auf die Haut auf. Lassen Sie sie etwa 20 Minuten auf dem Gesicht und entfernen Sie sie dann sanft mit einem Pflegetuch oder Wattest\u00e4bchen. Es wird empfohlen, nach dem Auftragen der Maske eine Creme aufzutragen.  <\/p>\n<p><strong>Kapazit\u00e4t:<\/strong><\/p>\n<p>100ml<\/p>\n<p>&nbsp;<\/p>\n<p>INHALTSSTOFFE: AQUA, PROPANEDIOL, ISONONYL ISONANOATE, SORBITAN<br \/>\nSTEARATE, CETEARYL ALCOHOL, COCO-CAPRYLATE, BUTYROSPERMUM PARKII<br \/>\nBUTTER, TREHALOSE, ASCORBYL GLUCOSIDE, BAICALIN, PANAX GINSENG ROOT<br \/>\nEXTRACT, HYDROLYZED SILK, LACTIC ACID, GLYCERIN, SUCROSE COCOATE, MAGNESIUM<br \/>\nALUMINUM SILICATE, DICETYL PHOSPHATE, CETETH-10 PHOSPHAT, TALKUM, NATRIUM<br \/>\nPOLYACRYLAT, TRIDECETH-6, ACRYLATE\/C10-30 ALKYLACRYLAT-CROSSPOLYMER,<br \/>\nZITRONENS\u00c4URE, DINATRIUMEDTA, NATRIUMPHYTAT, ALKOHOL, TRIETHANOLAMINE,<br \/>\nSODIUM BENZOATE, POTASSIUM SORBATE, BENZOIC ACID, DEHYDROACETIC ACID,<br \/>\nPHENOXYETHANOL, ETHYLHEXYLGLYCERIN, BHT, TOCOPHEROL, PARFUM, CI 19140<\/p>\n","protected":false},"excerpt":{"rendered":"<p>Revitalisierende Maske, die Hautunreinheiten beseitigt. Verleiht fahlem Teint wieder ein jugendliches und gesundes Aussehen. <\/p>\n","protected":false},"featured_media":1615,"comment_status":"closed","ping_status":"closed","template":"","meta":[],"product_cat":[219,218,217],"product_tag":[],"class_list":{"0":"post-1838","1":"product","2":"type-product","3":"status-publish","4":"has-post-thumbnail","6":"product_cat-entfarbung","7":"product_cat-erneuerung-der-epidermis","8":"product_cat-nano-nadeln","10":"first","11":"instock","12":"shipping-taxable","13":"product-type-simple"},"jetpack_sharing_enabled":true,"_links":{"self":[{"href":"https:\/\/aurumaris.pro\/de\/wp-json\/wp\/v2\/product\/1838","targetHints":{"allow":["GET"]}}],"collection":[{"href":"https:\/\/aurumaris.pro\/de\/wp-json\/wp\/v2\/product"}],"about":[{"href":"https:\/\/aurumaris.pro\/de\/wp-json\/wp\/v2\/types\/product"}],"replies":[{"embeddable":true,"href":"https:\/\/aurumaris.pro\/de\/wp-json\/wp\/v2\/comments?post=1838"}],"wp:featuredmedia":[{"embeddable":true,"href":"https:\/\/aurumaris.pro\/de\/wp-json\/wp\/v2\/media\/1615"}],"wp:attachment":[{"href":"https:\/\/aurumaris.pro\/de\/wp-json\/wp\/v2\/media?parent=1838"}],"wp:term":[{"taxonomy":"product_cat","embeddable":true,"href":"https:\/\/aurumaris.pro\/de\/wp-json\/wp\/v2\/product_cat?post=1838"},{"taxonomy":"product_tag","embeddable":true,"href":"https:\/\/aurumaris.pro\/de\/wp-json\/wp\/v2\/product_tag?post=1838"}],"curies":[{"name":"wp","href":"https:\/\/api.w.org\/{rel}","templated":true}]}}