{"id":1829,"date":"2025-03-21T12:54:42","date_gmt":"2025-03-21T11:54:42","guid":{"rendered":"https:\/\/aurumaris.pro\/produkt\/5d-hautfueller-serum\/"},"modified":"2025-08-25T14:50:26","modified_gmt":"2025-08-25T12:50:26","slug":"5d-hautfueller-serum","status":"publish","type":"product","link":"https:\/\/aurumaris.pro\/de\/produkt\/5d-hautfueller-serum\/","title":{"rendered":"5D HAUTF\u00dcLLER-SERUM"},"content":{"rendered":"<p>Das 5D SKIN FILLER Serum wurde f\u00fcr trockene und dehydrierte Haut, aber auch f\u00fcr reife oder problematische Haut mit Unreinheiten entwickelt. Es ist die perfekte L\u00f6sung f\u00fcr alle, die eine intensive Feuchtigkeitspflege und eine schnelle Regeneration der Haut w\u00fcnschen. Es enth\u00e4lt eine einzigartige Mischung aktiver Inhaltsstoffe, darunter Hyaluron, das das Erscheinungsbild von Falten effektiv reduziert und der Haut eine glatte und feste Textur verleiht.  <\/p>\n<p>Die regelm\u00e4\u00dfige Anwendung von Aurumaris Professional Moisturising Serum kann den Zustand trockener und feuchtigkeitsarmer Haut deutlich verbessern und ihr ein glattes, geschmeidiges und strahlendes Aussehen verleihen.<\/p>\n<p><span class=\"OYPEnA font-feature-liga-off font-feature-clig-off font-feature-calt-off text-decoration-none text-strikethrough-none\" style=\"font-style: normal;font-weight: 400;letter-spacing: normal;text-align: start;text-indent: 0px;text-transform: none;text-decoration: none\">Es enth\u00e4lt eine einzigartige Mischung von Wirkstoffen, darunter<\/span><span class=\"OYPEnA font-feature-liga-off font-feature-clig-off font-feature-calt-off text-decoration-none text-strikethrough-none\" style=\"font-style: normal;letter-spacing: normal;text-align: start;text-indent: 0px;text-transform: none;text-decoration: none;font-weight: bold\"><strong><span class=\"Apple-converted-space\">&nbsp;<\/span><\/strong><\/span><span class=\"OYPEnA font-feature-liga-off font-feature-clig-off font-feature-calt-off text-decoration-none text-strikethrough-none\" style=\"font-style: normal;letter-spacing: normal;text-align: start;text-indent: 0px;text-transform: none;text-decoration: none;font-weight: bold\"><strong>Natriumhyaluronat<\/strong><\/span><span class=\"OYPEnA font-feature-liga-off font-feature-clig-off font-feature-calt-off text-decoration-none text-strikethrough-none\" style=\"font-style: normal;letter-spacing: normal;text-align: start;text-indent: 0px;text-transform: none;text-decoration: none;font-weight: bold\"><strong><span class=\"Apple-converted-space\">&nbsp;<\/span><\/strong><\/span><span class=\"OYPEnA font-feature-liga-off font-feature-clig-off font-feature-calt-off text-decoration-none text-strikethrough-none\" style=\"font-style: normal;font-weight: 400;letter-spacing: normal;text-align: start;text-indent: 0px;text-transform: none;text-decoration: none\">(vernetzte Hyalurons\u00e4ure),<\/span><span class=\"OYPEnA font-feature-liga-off font-feature-clig-off font-feature-calt-off text-decoration-none text-strikethrough-none\" style=\"font-style: normal;font-weight: 400;letter-spacing: normal;text-align: start;text-indent: 0px;text-transform: none;text-decoration: none\"><span class=\"Apple-converted-space\">&nbsp;<\/span><\/span><span class=\"OYPEnA font-feature-liga-off font-feature-clig-off font-feature-calt-off text-decoration-none text-strikethrough-none\" style=\"font-style: normal;letter-spacing: normal;text-align: start;text-indent: 0px;text-transform: none;text-decoration: none;font-weight: bold\"><strong>Natrium Hyaluronat Kreuzpolymer<\/strong><\/span><span class=\"OYPEnA font-feature-liga-off font-feature-clig-off font-feature-calt-off text-decoration-none text-strikethrough-none\" style=\"font-style: normal;font-weight: 400;letter-spacing: normal;text-align: start;text-indent: 0px;text-transform: none;text-decoration: none\"><span class=\"Apple-converted-space\">&nbsp;<\/span><\/span><span class=\"OYPEnA font-feature-liga-off font-feature-clig-off font-feature-calt-off text-decoration-none text-strikethrough-none\" style=\"font-style: normal;font-weight: 400;letter-spacing: normal;text-align: start;text-indent: 0px;text-transform: none;text-decoration: none\">(makromolekulare KH),<\/span><span class=\"OYPEnA font-feature-liga-off font-feature-clig-off font-feature-calt-off text-decoration-none text-strikethrough-none\" style=\"font-style: normal;font-weight: 400;letter-spacing: normal;text-align: start;text-indent: 0px;text-transform: none;text-decoration: none\"><span class=\"Apple-converted-space\">&nbsp;<\/span><\/span><span class=\"OYPEnA font-feature-liga-off font-feature-clig-off font-feature-calt-off text-decoration-none text-strikethrough-none\" style=\"font-style: normal;letter-spacing: normal;text-align: start;text-indent: 0px;text-transform: none;text-decoration: none;font-weight: bold\"><strong>Panthenol<\/strong><\/span><span class=\"OYPEnA font-feature-liga-off font-feature-clig-off font-feature-calt-off text-decoration-none text-strikethrough-none\" style=\"font-style: normal;font-weight: 400;letter-spacing: normal;text-align: start;text-indent: 0px;text-transform: none;text-decoration: none\"><span class=\"Apple-converted-space\">&nbsp;<\/span><\/span><span class=\"OYPEnA font-feature-liga-off font-feature-clig-off font-feature-calt-off text-decoration-none text-strikethrough-none\" style=\"font-style: normal;font-weight: 400;letter-spacing: normal;text-align: start;text-indent: 0px;text-transform: none;text-decoration: none\">(Provitamin B5) und Meeresalgenextrakt<\/span><span class=\"OYPEnA font-feature-liga-off font-feature-clig-off font-feature-calt-off text-decoration-none text-strikethrough-none\" style=\"font-style: normal;font-weight: 400;letter-spacing: normal;text-align: start;text-indent: 0px;text-transform: none;text-decoration: none\"><span class=\"Apple-converted-space\">&nbsp;<\/span><\/span><span class=\"OYPEnA font-feature-liga-off font-feature-clig-off font-feature-calt-off text-decoration-none text-strikethrough-none\" style=\"font-style: normal;letter-spacing: normal;text-align: start;text-indent: 0px;text-transform: none;text-decoration: none;font-weight: bold\"><strong>Laminaria Hyperborea Extrakt<\/strong><\/span><span class=\"OYPEnA font-feature-liga-off font-feature-clig-off font-feature-calt-off text-decoration-none text-strikethrough-none\" style=\"font-style: normal;letter-spacing: normal;text-align: start;text-indent: 0px;text-transform: none;text-decoration: none;font-weight: bold\"><strong><span class=\"Apple-converted-space\">&nbsp;<\/span><\/strong><\/span><span class=\"OYPEnA font-feature-liga-off font-feature-clig-off font-feature-calt-off text-decoration-none text-strikethrough-none\" style=\"font-style: normal;font-weight: 400;letter-spacing: normal;text-align: start;text-indent: 0px;text-transform: none;text-decoration: none\">(ein sogenanntes marines Exopolysaccharid), das reich an Mineralien und N\u00e4hrstoffen ist. Es tr\u00e4gt dazu bei, die Haut mit Feuchtigkeit zu versorgen und zu n\u00e4hren und hat au\u00dferdem eine sch\u00fctzende Wirkung. Die Algen sind auch f\u00fcr ihre antioxidativen Eigenschaften bekannt, die die Haut vor Sch\u00e4den durch freie Radikale sch\u00fctzen.  <\/span><\/p>\n<p><strong>Anwendung:<\/strong> Auf die gr\u00fcndlich gereinigte Haut von Gesicht, Hals und Dekollet\u00e9 auftragen. Das Serum zieht schnell ein und muss nicht abgewaschen werden. Kann t\u00e4glich, morgens und abends, als Teil Ihrer t\u00e4glichen Hautpflegeroutine verwendet werden.  <\/p>\n<p><strong>Inhalt:<\/strong><\/p>\n<p>10 Ampullen \u00e0 3ml<\/p>\n<p>&nbsp;<\/p>\n<p>INHALTSSTOFFE: AQUA, GLYCERIN, PEG-7 GLYCERYL COCOATE, SODIUM HYALURONATE, SODIUM HYALURONATE CROSSPOLYMER, LAMINARIA HYPERBOREA EXTRACT, SACCHARIDE ISOMERATE, PANTHENOL, 1,2-HEXANEDIOL, CAPRYLYL GLYCOL, BUTYLENE GLYCOL, ETHYLHEXYL, METHOXYCINNAMATE, BUTYL METHOXYDIBENZOYLMETHANE, ETHYLHEXYL SALICYLATE, PANTOLACTONE, POLYACRYLAT CROSSPOLYMER-6, ZITRONENS\u00c4URE, NATRIUMCITRAT, PEG-40 HYDRIERTES RIZINUS\u00d6L, PPG-26-BUTETH-26, TRIETHANOLAMIN, T-BUTYLALKOHOL,<br \/>\nBENZYLGLYKOL, HIMBEERKETON, PHENOXYETHANOL, ETHYLHEXYLGLYCERIN, PARFUM, ALPHA-ISOMETHYLIONON, LIMONEN, GERANIOL, HEXYLZIMT, LINALOOL, CI 42090<\/p>\n","protected":false},"excerpt":{"rendered":"<p>Auff\u00fcllendes und straffendes Serum in Ampullen. Gl\u00e4ttet effektiv Falten und baut die Elastizit\u00e4t der Haut wieder auf. <\/p>\n","protected":false},"featured_media":1610,"comment_status":"closed","ping_status":"closed","template":"","meta":[],"product_cat":[216,217],"product_tag":[],"class_list":{"0":"post-1829","1":"product","2":"type-product","3":"status-publish","4":"has-post-thumbnail","6":"product_cat-heben","7":"product_cat-nano-nadeln","9":"first","10":"instock","11":"shipping-taxable","12":"product-type-simple"},"jetpack_sharing_enabled":true,"_links":{"self":[{"href":"https:\/\/aurumaris.pro\/de\/wp-json\/wp\/v2\/product\/1829","targetHints":{"allow":["GET"]}}],"collection":[{"href":"https:\/\/aurumaris.pro\/de\/wp-json\/wp\/v2\/product"}],"about":[{"href":"https:\/\/aurumaris.pro\/de\/wp-json\/wp\/v2\/types\/product"}],"replies":[{"embeddable":true,"href":"https:\/\/aurumaris.pro\/de\/wp-json\/wp\/v2\/comments?post=1829"}],"wp:featuredmedia":[{"embeddable":true,"href":"https:\/\/aurumaris.pro\/de\/wp-json\/wp\/v2\/media\/1610"}],"wp:attachment":[{"href":"https:\/\/aurumaris.pro\/de\/wp-json\/wp\/v2\/media?parent=1829"}],"wp:term":[{"taxonomy":"product_cat","embeddable":true,"href":"https:\/\/aurumaris.pro\/de\/wp-json\/wp\/v2\/product_cat?post=1829"},{"taxonomy":"product_tag","embeddable":true,"href":"https:\/\/aurumaris.pro\/de\/wp-json\/wp\/v2\/product_tag?post=1829"}],"curies":[{"name":"wp","href":"https:\/\/api.w.org\/{rel}","templated":true}]}}