{"id":1828,"date":"2025-03-21T12:54:42","date_gmt":"2025-03-21T11:54:42","guid":{"rendered":"https:\/\/aurumaris.pro\/produkt\/neuropeptid-heiltonikum\/"},"modified":"2026-02-17T19:11:19","modified_gmt":"2026-02-17T18:11:19","slug":"neuropeptid-heiltonikum","status":"publish","type":"product","link":"https:\/\/aurumaris.pro\/de\/produkt\/neuropeptid-heiltonikum\/","title":{"rendered":"NEUROPEPTID-HEILTONIKUM"},"content":{"rendered":"<p>Aurumaris Professional Beruhigendes Tonikum ist das ideale Produkt f\u00fcr empfindliche, \u00fcberempfindliche und zu Allergien und Atopien neigende Haut. Es enth\u00e4lt einzigartige Inhaltsstoffe, die einen wirksamen Schutz bieten und Hautreizungen lindern. <\/p>\n<p>Die regelm\u00e4\u00dfige Anwendung des Beruhigenden Tonikums von Aurumaris Professional kann dazu beitragen, den Zustand empfindlicher und \u00fcberempfindlicher Haut zu verbessern, so dass sie sich angenehm, hydriert und beruhigt f\u00fchlt.<\/p>\n<p>Der Hauptwirkstoff dieses Gesichtswassers ist Neuropeptid, von dem bekannt ist, dass es die Empfindlichkeit der Haut verringert und den Komfort und die Toleranz gegen\u00fcber Reizstoffen erh\u00f6ht. Dadurch wird die Haut weniger anf\u00e4llig f\u00fcr allergische Reaktionen und Atopie. <\/p>\n<p>Dar\u00fcber hinaus sorgen nat\u00fcrliche Extrakte aus Aloe Vera, wei\u00dfer Lilie und Gurke in Kombination mit Allantoin f\u00fcr ein feuchtigkeitsspendendes, linderndes und beruhigendes Gef\u00fchl auf der Haut. Diese Inhaltsstoffe helfen nicht nur, Reizungen zu lindern, sondern unterst\u00fctzen auch den Regenerationsprozess der Haut. <\/p>\n<p><strong>Anwendung:<\/strong> Tragen Sie das Tonic nach der Reinigung der Haut von Gesicht, Hals und Dekollet\u00e9 mit einem Wattepad oder Ihrer Handfl\u00e4che auf, wobei Sie die Augenpartie aussparen. Sie k\u00f6nnen es morgens und abends als Teil Ihrer t\u00e4glichen Pflegeroutine verwenden. <\/p>\n<p><strong>Kapazit\u00e4t:<\/strong><\/p>\n<p>200ml<\/p>\n<p>&nbsp;<\/p>\n<p>INHALTSSTOFFE: AQUA, GLYCERIN, ALOE BARBADENSIS LEAF<br \/>\nJUICE, SACCHARIDE ISOMERATE, ACETYL DIPEPTIDE-1 CETYL<br \/>\nESTER, LILIUM CANDIDUM BULB EXTRACT, CUCUMIS SATIVUS<br \/>\nFRUIT EXTRACT, BIOTIN, PANTHENOL, UREA, PANTOLACTONE,<br \/>\nHYDROXYETHYLCELLULOSE, ALLANTOIN, ZITRONENS\u00c4URE,<br \/>\nDEHYDROESSIGS\u00c4URE, POLYSORBAT 20, NATRIUMHYDROXID,<br \/>\nBUTYLENGLYKOL, NATRIUMPHYTAT, NATRIUMCITRAT,<br \/>\nLAURETH-3, BENZYLALKOHOL, ALKOHOL, KALIUM<br \/>\nSORBAT, NATRIUMBENZOAT, PARFUM<\/p>\n","protected":false},"excerpt":{"rendered":"<p>Hautpflegetonikum mit der Funktion, Empfindlichkeit zu reduzieren und Reizungen zu lindern. Besonders empfohlen f\u00fcr die postoperative Pflege. <\/p>\n","protected":false},"featured_media":1590,"comment_status":"closed","ping_status":"closed","template":"","meta":[],"product_cat":[219,218,216,217,247],"product_tag":[],"class_list":{"0":"post-1828","1":"product","2":"type-product","3":"status-publish","4":"has-post-thumbnail","6":"product_cat-entfarbung","7":"product_cat-erneuerung-der-epidermis","8":"product_cat-heben","9":"product_cat-nano-nadeln","10":"product_cat-pflege","12":"first","13":"instock","14":"shipping-taxable","15":"product-type-simple"},"jetpack_sharing_enabled":true,"_links":{"self":[{"href":"https:\/\/aurumaris.pro\/de\/wp-json\/wp\/v2\/product\/1828","targetHints":{"allow":["GET"]}}],"collection":[{"href":"https:\/\/aurumaris.pro\/de\/wp-json\/wp\/v2\/product"}],"about":[{"href":"https:\/\/aurumaris.pro\/de\/wp-json\/wp\/v2\/types\/product"}],"replies":[{"embeddable":true,"href":"https:\/\/aurumaris.pro\/de\/wp-json\/wp\/v2\/comments?post=1828"}],"wp:featuredmedia":[{"embeddable":true,"href":"https:\/\/aurumaris.pro\/de\/wp-json\/wp\/v2\/media\/1590"}],"wp:attachment":[{"href":"https:\/\/aurumaris.pro\/de\/wp-json\/wp\/v2\/media?parent=1828"}],"wp:term":[{"taxonomy":"product_cat","embeddable":true,"href":"https:\/\/aurumaris.pro\/de\/wp-json\/wp\/v2\/product_cat?post=1828"},{"taxonomy":"product_tag","embeddable":true,"href":"https:\/\/aurumaris.pro\/de\/wp-json\/wp\/v2\/product_tag?post=1828"}],"curies":[{"name":"wp","href":"https:\/\/api.w.org\/{rel}","templated":true}]}}