{"id":1818,"date":"2025-03-21T12:54:42","date_gmt":"2025-03-21T11:54:42","guid":{"rendered":"https:\/\/aurumaris.pro\/produkt\/5d-hautfueller-maske\/"},"modified":"2025-08-25T14:49:47","modified_gmt":"2025-08-25T12:49:47","slug":"5d-hautfueller-maske","status":"publish","type":"product","link":"https:\/\/aurumaris.pro\/de\/produkt\/5d-hautfueller-maske\/","title":{"rendered":"5D HAUTF\u00dcLLER-MASKE"},"content":{"rendered":"<p class=\"cvGsUA direction-ltr align-justify para-style-body\"><span class=\"OYPEnA font-feature-liga-off font-feature-clig-off font-feature-calt-off text-decoration-none text-strikethrough-none\" style=\"font-weight: 400;font-style: normal\">Die intensiv feuchtigkeitsspendende Gesichtsmaske wurde entwickelt, um die Festigkeit und Elastizit\u00e4t der Haut zu verbessern, sie zu regenerieren und zu sch\u00fctzen.<\/span><\/p>\n<p class=\"cvGsUA direction-ltr align-justify para-style-body\"><span class=\"OYPEnA font-feature-liga-off font-feature-clig-off font-feature-calt-off text-decoration-none text-strikethrough-none\" style=\"font-weight: 400;font-style: normal\">Die Formel kombiniert nat\u00fcrliche Inhaltsstoffe wie Sheabutter, die intensiv n\u00e4hrt und die Geschmeidigkeit der Haut wiederherstellt, Glycerin und Hyalurons\u00e4ure, die das Wasser in der Haut bindet und f\u00fcr lang anhaltende Feuchtigkeit sorgt, sowie die Vitamine C und E, die eine ANTIOX-Wirkung haben und vor sch\u00e4dlichen \u00e4u\u00dferen Einfl\u00fcssen sch\u00fctzen.<\/span><\/p>\n<p class=\"cvGsUA direction-ltr align-justify para-style-body\"><span class=\"OYPEnA font-feature-liga-off font-feature-clig-off font-feature-calt-off text-decoration-none text-strikethrough-none\" style=\"font-weight: 400;font-style: normal\">Die in der Maske enthaltenen Inhaltsstoffe, wie Panthenol und Urea, lindern Reizungen, st\u00e4rken die Hydrolipidbarriere und unterst\u00fctzen Regenerationsprozesse<\/span>.<\/p>\n<p class=\"cvGsUA direction-ltr align-justify para-style-body\"><span class=\"OYPEnA font-feature-liga-off font-feature-clig-off font-feature-calt-off text-decoration-none text-strikethrough-none\" style=\"font-weight: 400;font-style: normal\">Dank ihrer leichten und doch reichhaltigen Textur zieht die Maske schnell ein und hinterl\u00e4sst die Haut glatt, geschmeidig und strahlend. Ideal f\u00fcr alle Hauttypen, insbesondere f\u00fcr trockene, n\u00e4hrstoffbed\u00fcrftige und reife Haut. <\/span><\/p>\n<p>Bei regelm\u00e4\u00dfiger Anwendung der Hyalurons\u00e4ure-Cream-Maske von Aurumaris Professional kann die Haut in vielerlei Hinsicht profitieren, z.B. durch intensive Feuchtigkeitszufuhr, verbesserte Elastizit\u00e4t und eine Verringerung der Faltenbildung. Die Haut wird straffer, strahlender und erfrischt. <\/p>\n<p><strong>Anwendung:<\/strong> Tragen Sie eine gleichm\u00e4\u00dfige Schicht auf die gereinigte Haut von Gesicht, Hals und Dekollet\u00e9 auf. Lassen Sie die Creme ca. 20 Minuten einwirken und waschen Sie dann \u00fcbersch\u00fcssiges Produkt mit Wasser ab. <\/p>\n<p><strong>Kapazit\u00e4t:<\/strong><\/p>\n<p>200ml<\/p>\n<p>&nbsp;<\/p>\n<p>INHALTSSTOFFE: AQUA, SORBITAN STEARATE, CETEARYL ALCOHOL, ISONONYL ISONONANOATE,<br \/>\nPROPANEDIOL, BUTYROSPERMUM PARKII BUTTER, COCO-CAPRYLATE, GLYCERIN, SODIUM<br \/>\nHYALURONATE, NATRIUMHYALURONAT-KREUZPOLYMER, ASCORBYLPALMITAT, ASCORBINS\u00c4URE<br \/>\n, SACCHARIDISOMERAT, PANTHENOL, HARNSTOFF, NATRIUMCITRAT, CAPRYLYLGLYCOL,<br \/>\nPANTOLACTON, NATRIUMPOLYACRYLAT, ACRYLATES\/C10-30 ALKYL ACRYLATE CROSSPOLYMER,<br \/>\nTALC, CETETH-10 PHOSPHATE, DICETYL PHOSPHATE, SUCROSE COCOATE, MANNITOL, HEXYL<br \/>\nCINNAMAL, 1,2-HEXANEDIOL, BENZYL GLYCOL, MICROCRYSTALLINE CELLULOSE, PEG-8,<br \/>\nCITRIC ACID, TRIETHANOLAMINE, TOCOPHEROL, BHT, PHENOXYETHANOL, BENZOIC ACID,<br \/>\nDEHYDROACETIC ACID, ETHYLHEXYLGLYCERIN, PARFUM, LINALOOL, RASPBERRY KETONE, CI 77007<\/p>\n","protected":false},"excerpt":{"rendered":"<p>Eine f\u00fcllende und straffende Maske mit faltengl\u00e4ttenden und superfeuchtenden Funktionen.<\/p>\n","protected":false},"featured_media":1600,"comment_status":"closed","ping_status":"closed","template":"","meta":[],"product_cat":[216,217],"product_tag":[],"class_list":{"0":"post-1818","1":"product","2":"type-product","3":"status-publish","4":"has-post-thumbnail","6":"product_cat-heben","7":"product_cat-nano-nadeln","9":"first","10":"instock","11":"shipping-taxable","12":"product-type-simple"},"jetpack_sharing_enabled":true,"_links":{"self":[{"href":"https:\/\/aurumaris.pro\/de\/wp-json\/wp\/v2\/product\/1818","targetHints":{"allow":["GET"]}}],"collection":[{"href":"https:\/\/aurumaris.pro\/de\/wp-json\/wp\/v2\/product"}],"about":[{"href":"https:\/\/aurumaris.pro\/de\/wp-json\/wp\/v2\/types\/product"}],"replies":[{"embeddable":true,"href":"https:\/\/aurumaris.pro\/de\/wp-json\/wp\/v2\/comments?post=1818"}],"wp:featuredmedia":[{"embeddable":true,"href":"https:\/\/aurumaris.pro\/de\/wp-json\/wp\/v2\/media\/1600"}],"wp:attachment":[{"href":"https:\/\/aurumaris.pro\/de\/wp-json\/wp\/v2\/media?parent=1818"}],"wp:term":[{"taxonomy":"product_cat","embeddable":true,"href":"https:\/\/aurumaris.pro\/de\/wp-json\/wp\/v2\/product_cat?post=1818"},{"taxonomy":"product_tag","embeddable":true,"href":"https:\/\/aurumaris.pro\/de\/wp-json\/wp\/v2\/product_tag?post=1818"}],"curies":[{"name":"wp","href":"https:\/\/api.w.org\/{rel}","templated":true}]}}