{"id":1809,"date":"2025-03-21T12:54:42","date_gmt":"2025-03-21T11:54:42","guid":{"rendered":"https:\/\/aurumaris.pro\/produkt\/peptid-hautstimulans\/"},"modified":"2025-09-09T20:58:23","modified_gmt":"2025-09-09T18:58:23","slug":"peptid-hautstimulans","status":"publish","type":"product","link":"https:\/\/aurumaris.pro\/de\/produkt\/peptid-hautstimulans\/","title":{"rendered":"PEPTID-HAUTSTIMULANS"},"content":{"rendered":"<p>Das Aurumaris Professional Peptide Serum wurde speziell f\u00fcr reife Haut entwickelt, die ein Lifting und intensive Pflege ben\u00f6tigt. Es wirkt intensiv, um Falten zu gl\u00e4tten, die Haut zu straffen und ihre Festigkeit und Elastizit\u00e4t zu verbessern. <\/p>\n<p>Die regelm\u00e4\u00dfige Anwendung des Peptidserums von Aurumaris Professional kann der Haut eine Vielzahl von Vorteilen bieten, darunter intensive Feuchtigkeitszufuhr, N\u00e4hrstoffe und umfassende Verj\u00fcngung. Unterst\u00fctzt die Wiederherstellung von BHL.<\/p>\n<p>Der Hauptbestandteil dieses Serums ist ein Peptidkomplex, der die Produktion von Kollagen, Fibronektin und Hyalurons\u00e4ure in der Haut stimuliert. Diese Substanzen sind f\u00fcr die Regeneration der Hautstruktur unerl\u00e4sslich und helfen, die Haut zu verj\u00fcngen und zu straffen. <\/p>\n<p><strong>Anwendung:<\/strong> Tragen Sie das Serum w\u00e4hrend einer Massage oder Kamerabehandlung auf die gr\u00fcndlich gereinigte Haut von Gesicht, Hals und Dekollet\u00e9 auf. Das Serum muss nicht abgesp\u00fclt werden, damit seine Inhaltsstoffe gut in die Haut einziehen k\u00f6nnen. Es wird empfohlen, die Packung vor der Anwendung zu sch\u00fctteln, um die enthaltenen Inhaltsstoffe gleichm\u00e4\u00dfig zu verteilen.  <\/p>\n<p><strong>Kapazit\u00e4t:<\/strong><\/p>\n<p>10 Ampullen \u00e0 3ml<\/p>\n<p>&nbsp;<\/p>\n<p>INHALTSSTOFFE: AQUA, GLYCERIN, PEG-7 GLYCERYL COCOATE, KAVIAREXTRAKT, PALMITOYL TRIPEPTIDE-1, PALMITOYL TETRAPEPTIDE-7, XANTHAN GUM, ZITRONENS\u00c4URE, CARBOMER, POLYSORBAT 20, NATRIUMLACTAT, BUTYLENGLYKOL, NATRIUMBENZOAT, TRIETHANOLAMIN, KALIUMSORBAT, PHENOXYETHANOL, CAPRYLYLGLYKOL, PARFUM, BENZYLSALICYLAT, LINALOOL, ALPHA-ISOMETHYLIONON, GERANIOL, HEXYLZIMT<\/p>\n","protected":false},"excerpt":{"rendered":"<p>Anti-Falten-Ampullenserum mit Wiederaufbaufunktion der reifen Hautmatrix und BHL.<span style=\"font-weight: 400\">Stimuliert die Produktion von Kollagen, Fibronektin und Hyalurons\u00e4ure.<\/span> <\/p>\n","protected":false},"featured_media":1575,"comment_status":"closed","ping_status":"closed","template":"","meta":[],"product_cat":[218,216,247],"product_tag":[],"class_list":{"0":"post-1809","1":"product","2":"type-product","3":"status-publish","4":"has-post-thumbnail","6":"product_cat-erneuerung-der-epidermis","7":"product_cat-heben","8":"product_cat-pflege","10":"first","11":"instock","12":"shipping-taxable","13":"product-type-simple"},"jetpack_sharing_enabled":true,"_links":{"self":[{"href":"https:\/\/aurumaris.pro\/de\/wp-json\/wp\/v2\/product\/1809","targetHints":{"allow":["GET"]}}],"collection":[{"href":"https:\/\/aurumaris.pro\/de\/wp-json\/wp\/v2\/product"}],"about":[{"href":"https:\/\/aurumaris.pro\/de\/wp-json\/wp\/v2\/types\/product"}],"replies":[{"embeddable":true,"href":"https:\/\/aurumaris.pro\/de\/wp-json\/wp\/v2\/comments?post=1809"}],"wp:featuredmedia":[{"embeddable":true,"href":"https:\/\/aurumaris.pro\/de\/wp-json\/wp\/v2\/media\/1575"}],"wp:attachment":[{"href":"https:\/\/aurumaris.pro\/de\/wp-json\/wp\/v2\/media?parent=1809"}],"wp:term":[{"taxonomy":"product_cat","embeddable":true,"href":"https:\/\/aurumaris.pro\/de\/wp-json\/wp\/v2\/product_cat?post=1809"},{"taxonomy":"product_tag","embeddable":true,"href":"https:\/\/aurumaris.pro\/de\/wp-json\/wp\/v2\/product_tag?post=1809"}],"curies":[{"name":"wp","href":"https:\/\/api.w.org\/{rel}","templated":true}]}}