{"id":1808,"date":"2025-03-21T12:54:42","date_gmt":"2025-03-21T11:54:42","guid":{"rendered":"https:\/\/aurumaris.pro\/produkt\/stammzellen-hautpeeling\/"},"modified":"2025-12-14T21:24:46","modified_gmt":"2025-12-14T20:24:46","slug":"stammzellen-hautpeeling","status":"publish","type":"product","link":"https:\/\/aurumaris.pro\/de\/produkt\/stammzellen-hautpeeling\/","title":{"rendered":"STAMMZELLEN-HAUTPEELING"},"content":{"rendered":"<p>STEM CELL SKIN PEELING ist ein Produkt mit Zwei-Phasen-Wirkung. Es ist die perfekte L\u00f6sung f\u00fcr alle, die eine wirksame Methode zur Reinigung und Gl\u00e4ttung der Haut suchen, unabh\u00e4ngig von ihrem Typ. Dank der Verwendung von zwei verschiedenen Wirkmechanismen &#8211; enzymatisch (dank Papain) und mechanisch (dank Bambuspartikeln) &#8211; entfernt das Peeling effektiv verhornte Epidermis, befreit die Poren und hinterl\u00e4sst eine glatte und strahlende Haut. <\/p>\n<p>Bei regelm\u00e4\u00dfiger Anwendung dieses Peelings erscheint die Haut ges\u00fcnder, strahlender und gleichm\u00e4\u00dfiger und ist damit die perfekte Grundlage f\u00fcr die weitere Hautpflege.<\/p>\n<p class=\"cvGsUA direction-ltr align-justify para-style-body\"><span class=\"OYPEnA font-feature-liga-off font-feature-clig-off font-feature-calt-off text-decoration-none text-strikethrough-none\" style=\"font-weight: 400;font-style: normal\">Welche Probleme werden damit gel\u00f6st?<\/span><\/p>\n<p class=\"cvGsUA direction-ltr align-justify para-style-body\"><span class=\"OYPEnA font-feature-liga-off font-feature-clig-off font-feature-calt-off text-decoration-none text-strikethrough-none\" style=\"font-weight: 400;font-style: normal\">&#8211;<\/span><span class=\"OYPEnA font-feature-liga-off font-feature-clig-off font-feature-calt-off text-decoration-none text-strikethrough-none\" style=\"font-weight: 400;font-style: normal\"><span class=\"Apple-converted-space\"> <\/span><\/span><span class=\"OYPEnA font-feature-liga-off font-feature-clig-off font-feature-calt-off text-decoration-none text-strikethrough-none\" style=\"font-weight: bold;font-style: normal\"><strong>Peeling von abgestorbenen Hautzellen:<\/strong><\/span><span class=\"OYPEnA font-feature-liga-off font-feature-clig-off font-feature-calt-off text-decoration-none text-strikethrough-none\" style=\"font-weight: 400;font-style: normal\"><span class=\"Apple-converted-space\"> <\/span><\/span><span class=\"OYPEnA font-feature-liga-off font-feature-clig-off font-feature-calt-off text-decoration-none text-strikethrough-none\" style=\"font-weight: 400;font-style: normal\">Dank des Bambuspulvers und des Enzyms Papain entfernt das Peeling effektiv abgestorbene Hautzellen, gl\u00e4ttet die Haut und verbessert ihre Textur.<\/span><\/p>\n<p class=\"cvGsUA direction-ltr align-justify para-style-body\"><span class=\"OYPEnA font-feature-liga-off font-feature-clig-off font-feature-calt-off text-decoration-none text-strikethrough-none\" style=\"font-weight: 400;font-style: normal\">&#8211;<\/span><span class=\"OYPEnA font-feature-liga-off font-feature-clig-off font-feature-calt-off text-decoration-none text-strikethrough-none\" style=\"font-weight: 400;font-style: normal\"><span class=\"Apple-converted-space\"> <\/span><\/span><span class=\"OYPEnA font-feature-liga-off font-feature-clig-off font-feature-calt-off text-decoration-none text-strikethrough-none\" style=\"font-weight: bold;font-style: normal\"><strong>Erhellend und verj\u00fcngend<\/strong><\/span><span class=\"OYPEnA font-feature-liga-off font-feature-clig-off font-feature-calt-off text-decoration-none text-strikethrough-none\" style=\"font-weight: 400;font-style: normal\">: Kaviar und Ginsengextrakt revitalisieren die Haut f\u00fcr ein gesundes, strahlendes Aussehen.<\/span><\/p>\n<p class=\"cvGsUA direction-ltr align-justify para-style-body\"><span class=\"OYPEnA font-feature-liga-off font-feature-clig-off font-feature-calt-off text-decoration-none text-strikethrough-none\" style=\"font-weight: 400;font-style: normal\">&#8211;<\/span><span class=\"OYPEnA font-feature-liga-off font-feature-clig-off font-feature-calt-off text-decoration-none text-strikethrough-none\" style=\"font-weight: 400;font-style: normal\"><span class=\"Apple-converted-space\"> <\/span><\/span><span class=\"OYPEnA font-feature-liga-off font-feature-clig-off font-feature-calt-off text-decoration-none text-strikethrough-none\" style=\"font-weight: bold;font-style: normal\"><strong>Farbverbesserung und Gl\u00e4ttung<\/strong><\/span><span class=\"OYPEnA font-feature-liga-off font-feature-clig-off font-feature-calt-off text-decoration-none text-strikethrough-none\" style=\"font-weight: 400;font-style: normal\">Dank Inhaltsstoffen wie Zitruss\u00e4ure hilft das Peeling, den Hautton auszugleichen und die Haut zu gl\u00e4tten.<\/span><\/p>\n<p class=\"cvGsUA direction-ltr align-justify para-style-body\">Vitamin E hingegen neutralisiert freie Radikale, die die Hauptursache f\u00fcr den Alterungsprozess der Haut sind, und hilft so, das Auftreten von Falten zu verz\u00f6gern und die Haut jung aussehen zu lassen.<\/p>\n<p><strong>Anwendung:<\/strong> Tragen Sie das Peeling 10 Minuten lang sanft auf die gereinigte Haut von Gesicht, Hals und Dekollet\u00e9 auf, befeuchten Sie dann Ihre H\u00e4nde und massieren Sie es sanft ein. Nach der Massage waschen Sie das Produkt gr\u00fcndlich ab, so dass die Haut sauber und erfrischt ist. <\/p>\n<p><strong>Fassungsverm\u00f6gen: <\/strong>200ml<\/p>\n<p>&nbsp;<\/p>\n<p>INHALTSSTOFFE: AQUA, GLYCERIN, BAMBUSA ARUNDINACEA STAMMESPULVER, PEG-40<br \/>\nHYDRIERTES RIZINUS\u00d6L, KAVIAR-EXTRAKT, PAPAIN, PANAX GINSENG WURZEL-EXTRAKT,<br \/>\nHYDROLYSIERTES HEFEPROTEIN, HYDROLYSIERTES SOJAPROTEIN, TOCOPHERYLACETAT, ETHYLHEXYL<br \/>\nMETHOXYCINNAMATE, BUTYLMETHOXYDIBENZOYLMETHAN, ETHYLHEXYLSALICYLAT,<br \/>\nACRYLATES\/C10-30 ALKYL ACRYLATE CROSSPOLYMER, NATRIUMCARBOMER,<br \/>\nNATRIUMCHLORID, LACTOSE, MIKROKRISTALLINE CELLULOSE, PPG-26-BUTETH-26, ZITRONENS\u00c4URE<br \/>\n, NATRIUMPHYTAT, ALKOHOL, TRIETHANOLAMIN, KALIUMSORBAT, NATRIUM<br \/>\nBENZOAT, PHENOXYETHANOL, ETHYLHEXYLGLYCERIN, PARFUM, BENZYLSALICYLAT,<br \/>\nLINALOOL, CI 14700, CI 77007, CI 73360, CI 77891<\/p>\n","protected":false},"excerpt":{"rendered":"<p>Kraftvoll erneuerndes physikalisch-enzymatisches Peeling mit einem Peptid- und Vitaminkomplex.<\/p>\n","protected":false},"featured_media":1595,"comment_status":"closed","ping_status":"closed","template":"","meta":[],"product_cat":[219,218],"product_tag":[],"class_list":{"0":"post-1808","1":"product","2":"type-product","3":"status-publish","4":"has-post-thumbnail","6":"product_cat-entfarbung","7":"product_cat-erneuerung-der-epidermis","9":"first","10":"instock","11":"sale","12":"shipping-taxable","13":"product-type-simple"},"jetpack_sharing_enabled":true,"_links":{"self":[{"href":"https:\/\/aurumaris.pro\/de\/wp-json\/wp\/v2\/product\/1808","targetHints":{"allow":["GET"]}}],"collection":[{"href":"https:\/\/aurumaris.pro\/de\/wp-json\/wp\/v2\/product"}],"about":[{"href":"https:\/\/aurumaris.pro\/de\/wp-json\/wp\/v2\/types\/product"}],"replies":[{"embeddable":true,"href":"https:\/\/aurumaris.pro\/de\/wp-json\/wp\/v2\/comments?post=1808"}],"wp:featuredmedia":[{"embeddable":true,"href":"https:\/\/aurumaris.pro\/de\/wp-json\/wp\/v2\/media\/1595"}],"wp:attachment":[{"href":"https:\/\/aurumaris.pro\/de\/wp-json\/wp\/v2\/media?parent=1808"}],"wp:term":[{"taxonomy":"product_cat","embeddable":true,"href":"https:\/\/aurumaris.pro\/de\/wp-json\/wp\/v2\/product_cat?post=1808"},{"taxonomy":"product_tag","embeddable":true,"href":"https:\/\/aurumaris.pro\/de\/wp-json\/wp\/v2\/product_tag?post=1808"}],"curies":[{"name":"wp","href":"https:\/\/api.w.org\/{rel}","templated":true}]}}