{"id":1790,"date":"2025-03-21T12:54:13","date_gmt":"2025-03-21T11:54:13","guid":{"rendered":"https:\/\/aurumaris.pro\/ueber-die-marke\/"},"modified":"2025-03-21T14:09:38","modified_gmt":"2025-03-21T13:09:38","slug":"ueber-die-marke","status":"publish","type":"page","link":"https:\/\/aurumaris.pro\/de\/ueber-die-marke\/","title":{"rendered":"\u00dcber die Marke"},"content":{"rendered":"\t\t<div data-elementor-type=\"wp-page\" data-elementor-id=\"1790\" class=\"elementor elementor-1790 elementor-107\" data-elementor-post-type=\"page\">\n\t\t\t\t<div class=\"elementor-element elementor-element-3793ef4c e-flex e-con-boxed e-con e-parent\" data-id=\"3793ef4c\" data-element_type=\"container\">\n\t\t\t\t\t<div class=\"e-con-inner\">\n\t\t<div class=\"elementor-element elementor-element-4233e538 e-con-full e-flex e-con e-child\" data-id=\"4233e538\" data-element_type=\"container\">\n\t\t\t\t<div class=\"elementor-element elementor-element-2d4c25a1 elementor-widget elementor-widget-heading\" data-id=\"2d4c25a1\" data-element_type=\"widget\" data-widget_type=\"heading.default\">\n\t\t\t\t<div class=\"elementor-widget-container\">\n\t\t\t\t\t<span class=\"elementor-heading-title elementor-size-default\">H\u00d6CHSTE EFFIZIENZ<\/span>\t\t\t\t<\/div>\n\t\t\t\t<\/div>\n\t\t\t\t<div class=\"elementor-element elementor-element-6fd887c4 elementor-widget elementor-widget-text-editor\" data-id=\"6fd887c4\" data-element_type=\"widget\" data-widget_type=\"text-editor.default\">\n\t\t\t\t<div class=\"elementor-widget-container\">\n\t\t\t\t\t\t\t\t\t<p>Die Marke Aurumaris\u00ae wurde auf der Grundlage einer Philosophie der h\u00f6chsten Wirksamkeit der angebotenen Produkte gegr\u00fcndet. Produkte, die entwickelt wurden, um allt\u00e4gliche Probleme mit reifer Haut und Haut, die st\u00e4ndiger Aufmerksamkeit bedarf, zu l\u00f6sen. <\/p><p>Mit der Entwicklung der bahnbrechenden Nano-Needles\u00ae-Behandlung ist es uns gelungen, Ihnen eine beispiellos wirksame Methode zur Wiederherstellung der Ausstrahlung von altersm\u00fcder oder problematischer Haut im Gesicht und am K\u00f6rper anzubieten.<\/p><p>Erg\u00e4nzende Pflegeprodukte, Cremes, Ampullen oder therapeutische Cremes, die der Beseitigung von Dehnungsstreifen und Hyperpigmentierung gewidmet sind, sind L\u00f6sungen von professioneller Qualit\u00e4t f\u00fcr maximale Wirksamkeit, Zufriedenheit und zum Aufbau einer ununterbrochenen Beziehung zur Marke Aurumaris\u00ae und unseren Produktpartnern.<\/p>\t\t\t\t\t\t\t\t<\/div>\n\t\t\t\t<\/div>\n\t\t\t\t<\/div>\n\t\t<div class=\"elementor-element elementor-element-2eb5a8d2 e-con-full e-flex e-con e-child\" data-id=\"2eb5a8d2\" data-element_type=\"container\" data-settings=\"{&quot;background_background&quot;:&quot;classic&quot;}\">\n\t\t\t\t<div class=\"elementor-element elementor-element-490c0897 elementor-widget elementor-widget-heading\" data-id=\"490c0897\" data-element_type=\"widget\" data-widget_type=\"heading.default\">\n\t\t\t\t<div class=\"elementor-widget-container\">\n\t\t\t\t\t<span class=\"elementor-heading-title elementor-size-default\">AURACIDUM HA<\/span>\t\t\t\t<\/div>\n\t\t\t\t<\/div>\n\t\t\t\t<\/div>\n\t\t\t\t\t<\/div>\n\t\t\t\t<\/div>\n\t\t<div class=\"elementor-element elementor-element-24ba1a08 e-flex e-con-boxed e-con e-parent\" data-id=\"24ba1a08\" data-element_type=\"container\">\n\t\t\t\t\t<div class=\"e-con-inner\">\n\t\t<div class=\"elementor-element elementor-element-5b976ac8 e-con-full e-flex e-con e-child\" data-id=\"5b976ac8\" data-element_type=\"container\">\n\t\t\t\t<div class=\"elementor-element elementor-element-4ceac5d0 elementor-widget elementor-widget-heading\" data-id=\"4ceac5d0\" data-element_type=\"widget\" data-widget_type=\"heading.default\">\n\t\t\t\t<div class=\"elementor-widget-container\">\n\t\t\t\t\t<span class=\"elementor-heading-title elementor-size-default\">PARTNER WERDEN<\/span>\t\t\t\t<\/div>\n\t\t\t\t<\/div>\n\t\t\t\t<div class=\"elementor-element elementor-element-22a51089 elementor-widget elementor-widget-text-editor\" data-id=\"22a51089\" data-element_type=\"widget\" data-widget_type=\"text-editor.default\">\n\t\t\t\t<div class=\"elementor-widget-container\">\n\t\t\t\t\t\t\t\t\t<p>Wir haben eine einzigartige Strategie f\u00fcr die Implementierung der einzigartigen Aurumaris\u00ae-Produkte in Ihren Salons, Praxen oder Online- und Offline-Verkaufsplattformen ausgearbeitet.<\/p>\n<p>Wir sind stolz darauf, das umfangreichste, effektivste und modernste Marketing-Support-Modell zu haben, das einen Zustrom neuer Kunden zu Ihrem Unternehmen gew\u00e4hrleistet.<\/p>\n<p>Indem Sie Nano-Needles\u00ae-Behandlungen und erg\u00e4nzende Aurumaris\u00ae-Produkte anbieten, st\u00e4rken Sie die Bindung zu Ihren bestehenden Kunden und gewinnen neue Kunden hinzu, die von der Attraktivit\u00e4t und Wirksamkeit der auf der Basis von Aurumaris\u00ae-Produkten angebotenen Dienstleistungen begeistert sind.<\/p>\t\t\t\t\t\t\t\t<\/div>\n\t\t\t\t<\/div>\n\t\t\t\t<div class=\"elementor-element elementor-element-7b98cca1 elementor-align-center elementor-widget elementor-widget-button\" data-id=\"7b98cca1\" data-element_type=\"widget\" data-widget_type=\"button.default\">\n\t\t\t\t<div class=\"elementor-widget-container\">\n\t\t\t\t\t\t\t\t\t<div class=\"elementor-button-wrapper\">\n\t\t\t\t\t<a class=\"elementor-button elementor-size-sm\" role=\"button\">\n\t\t\t\t\t\t<span class=\"elementor-button-content-wrapper\">\n\t\t\t\t\t\t\t\t\t<span class=\"elementor-button-text\">UM EIN ANGEBOT BITTEN<\/span>\n\t\t\t\t\t<\/span>\n\t\t\t\t\t<\/a>\n\t\t\t\t<\/div>\n\t\t\t\t\t\t\t\t<\/div>\n\t\t\t\t<\/div>\n\t\t\t\t<\/div>\n\t\t<div class=\"elementor-element elementor-element-6595db69 e-con-full e-flex e-con e-child\" data-id=\"6595db69\" data-element_type=\"container\" data-settings=\"{&quot;background_background&quot;:&quot;classic&quot;}\">\n\t\t<div class=\"elementor-element elementor-element-68880077 e-con-full e-flex e-con e-child\" data-id=\"68880077\" data-element_type=\"container\" data-settings=\"{&quot;background_background&quot;:&quot;slideshow&quot;,&quot;background_slideshow_gallery&quot;:[{&quot;id&quot;:&quot;37&quot;,&quot;url&quot;:&quot;https:\\\/\\\/aurumaris.pro\\\/wp-content\\\/uploads\\\/2025\\\/03\\\/auracidum-ha-model-2-600x900-1.jpeg&quot;}],&quot;background_slideshow_slide_duration&quot;:3000,&quot;background_slideshow_ken_burns&quot;:&quot;yes&quot;,&quot;background_slideshow_loop&quot;:&quot;yes&quot;,&quot;background_slideshow_slide_transition&quot;:&quot;fade&quot;,&quot;background_slideshow_transition_duration&quot;:500,&quot;background_slideshow_ken_burns_zoom_direction&quot;:&quot;in&quot;}\">\n\t\t\t\t<\/div>\n\t\t\t\t<\/div>\n\t\t\t\t\t<\/div>\n\t\t\t\t<\/div>\n\t\t<div class=\"elementor-element elementor-element-51c3960 e-flex e-con-boxed e-con e-parent\" data-id=\"51c3960\" data-element_type=\"container\">\n\t\t\t\t\t<div class=\"e-con-inner\">\n\t\t\t\t<div class=\"elementor-element elementor-element-752ac702 elementor-widget elementor-widget-ideapark-icon-list-1\" data-id=\"752ac702\" data-element_type=\"widget\" data-widget_type=\"ideapark-icon-list-1.default\">\n\t\t\t\t<div class=\"elementor-widget-container\">\n\t\t\t\t\t\t\t<div class=\"c-ip-icon-list-1 l-section\">\n\t\t\t<ul class=\"c-ip-icon-list-1__list c-ip-icon-list-1__list--layout-2\">\n\t\t\t\t\t\t\t\t\t\t\t\t\t\t<li class=\"c-ip-icon-list-1__item c-ip-icon-list-1__item--layout-2\">\n\t\t\t\t\t\t\t\t\t\t\t\t<div\n\t\t\t\t\t\t\tclass=\"c-ip-icon-list-1__item-wrap c-ip-icon-list-1__item-wrap--layout-2\">\n\t\t\t\t\t\t\t\t\t\t\t\t\t\t\t<i aria-hidden=\"true\" class=\"c-ip-icon-list-1__icon fibd21- fi-bd21-support\"><\/i>\t\t\t\t\t\t\t\n\t\t\t\t\t\t\t\t\t\t\t\t\t\t\t<div class=\"c-ip-icon-list-1__title\">PROFESSIONELLE PFLEGE<\/div>\n\t\t\t\t\t\t\t\t\t\t\t\t\t<\/div>\n\t\t\t\t\t\t\t\t\t\t\t<\/li>\n\t\t\t\t\t\t\t\t\t\t\t\t\t\t<li class=\"c-ip-icon-list-1__item c-ip-icon-list-1__item--layout-2\">\n\t\t\t\t\t\t\t\t\t\t\t\t<div\n\t\t\t\t\t\t\tclass=\"c-ip-icon-list-1__item-wrap c-ip-icon-list-1__item-wrap--layout-2\">\n\t\t\t\t\t\t\t\t\t\t\t\t\t\t\t<i aria-hidden=\"true\" class=\"c-ip-icon-list-1__icon fibd21- fi-bd21-discount\"><\/i>\t\t\t\t\t\t\t\n\t\t\t\t\t\t\t\t\t\t\t\t\t\t\t<div class=\"c-ip-icon-list-1__title\">AUSGEZEICHNETE BEDINGUNGEN<\/div>\n\t\t\t\t\t\t\t\t\t\t\t\t\t<\/div>\n\t\t\t\t\t\t\t\t\t\t\t<\/li>\n\t\t\t\t\t\t\t\t\t\t\t\t\t\t<li class=\"c-ip-icon-list-1__item c-ip-icon-list-1__item--layout-2\">\n\t\t\t\t\t\t\t\t\t\t\t\t<div\n\t\t\t\t\t\t\tclass=\"c-ip-icon-list-1__item-wrap c-ip-icon-list-1__item-wrap--layout-2\">\n\t\t\t\t\t\t\t\t\t\t\t\t\t\t\t<i aria-hidden=\"true\" class=\"c-ip-icon-list-1__icon fibd21- fi-bd21-shipping-2\"><\/i>\t\t\t\t\t\t\t\n\t\t\t\t\t\t\t\t\t\t\t\t\t\t\t<div class=\"c-ip-icon-list-1__title\">SCHNELLER SERVICE<\/div>\n\t\t\t\t\t\t\t\t\t\t\t\t\t<\/div>\n\t\t\t\t\t\t\t\t\t\t\t<\/li>\n\t\t\t\t\t\t\t<\/ul>\n\t\t<\/div>\n\t\t\t\t\t\t<\/div>\n\t\t\t\t<\/div>\n\t\t\t\t\t<\/div>\n\t\t\t\t<\/div>\n\t\t\t\t<\/div>\n\t\t","protected":false},"excerpt":{"rendered":"<p>H\u00d6CHSTE EFFIZIENZ Die Marke Aurumaris\u00ae wurde auf der Grundlage einer Philosophie der h\u00f6chsten Wirksamkeit der angebotenen Produkte gegr\u00fcndet. Produkte, die entwickelt wurden,&hellip;<\/p>\n","protected":false},"author":1,"featured_media":0,"parent":0,"menu_order":0,"comment_status":"closed","ping_status":"closed","template":"elementor_header_footer","meta":{"footnotes":""},"class_list":["post-1790","page","type-page","status-publish","hentry"],"jetpack_sharing_enabled":true,"_links":{"self":[{"href":"https:\/\/aurumaris.pro\/de\/wp-json\/wp\/v2\/pages\/1790","targetHints":{"allow":["GET"]}}],"collection":[{"href":"https:\/\/aurumaris.pro\/de\/wp-json\/wp\/v2\/pages"}],"about":[{"href":"https:\/\/aurumaris.pro\/de\/wp-json\/wp\/v2\/types\/page"}],"author":[{"embeddable":true,"href":"https:\/\/aurumaris.pro\/de\/wp-json\/wp\/v2\/users\/1"}],"replies":[{"embeddable":true,"href":"https:\/\/aurumaris.pro\/de\/wp-json\/wp\/v2\/comments?post=1790"}],"version-history":[{"count":1,"href":"https:\/\/aurumaris.pro\/de\/wp-json\/wp\/v2\/pages\/1790\/revisions"}],"predecessor-version":[{"id":1791,"href":"https:\/\/aurumaris.pro\/de\/wp-json\/wp\/v2\/pages\/1790\/revisions\/1791"}],"wp:attachment":[{"href":"https:\/\/aurumaris.pro\/de\/wp-json\/wp\/v2\/media?parent=1790"}],"curies":[{"name":"wp","href":"https:\/\/api.w.org\/{rel}","templated":true}]}}